{"id":1538,"date":"2024-05-07T17:48:57","date_gmt":"2024-05-07T09:48:57","guid":{"rendered":"http:\/\/www.xminsulation.com\/?post_type=product&#038;p=1538"},"modified":"2024-05-15T16:07:16","modified_gmt":"2024-05-15T08:07:16","slug":"zt-25kv-200a-elbow-cable-connector","status":"publish","type":"product","link":"https:\/\/www.xminsulation.com\/de\/product\/zt-25kv-200a-elbow-cable-connector\/","title":{"rendered":"ZT-25kV-200A Winkelkabelverbinder"},"content":{"rendered":"<p><img fetchpriority=\"high\" decoding=\"async\" class=\"alignnone wp-image-1540 size-full\" src=\"http:\/\/www.xminsulation.com\/wp-content\/uploads\/2024\/05\/\u56fe\u7247297-1.png\" alt=\"\" width=\"739\" height=\"739\" srcset=\"https:\/\/www.xminsulation.com\/wp-content\/uploads\/2024\/05\/\u56fe\u7247297-1.png 739w, https:\/\/www.xminsulation.com\/wp-content\/uploads\/2024\/05\/\u56fe\u7247297-1-300x300.png 300w, https:\/\/www.xminsulation.com\/wp-content\/uploads\/2024\/05\/\u56fe\u7247297-1-150x150.png 150w, https:\/\/www.xminsulation.com\/wp-content\/uploads\/2024\/05\/\u56fe\u7247297-1-600x600.png 600w, https:\/\/www.xminsulation.com\/wp-content\/uploads\/2024\/05\/\u56fe\u7247297-1-100x100.png 100w\" sizes=\"(max-width: 739px) 100vw, 739px\" \/><\/p>\n<h2><strong><b>Allgemeine Informationen<\/b><\/strong><\/h2>\n<p>Der 25 kV 200 A Lasttrenn-Winkelverbinder ist ein vollst\u00e4ndig geschirmter und isolierter Steckanschluss zum Anschluss von Erdkabeln an das Stromverteilungssystem von Unterflurtransformatoren, umgebenden Stromversorgungsabzweigk\u00e4sten und Kabelabzweigk\u00e4sten mit Lasttrennbuchsen. Winkelverbinder und Buchseneinsatz bilden die wesentlichen Komponenten aller Lasttrennverbindungen. Er deckt den Bedarf an Leitungen in der Kernenergie ab.<\/p>\n<p>Die Lasttrennb\u00f6gen werden aus hochwertiger schwefelgeh\u00e4rteter Isolierung und halbleitendem EPDM-Gummi geformt. Zur Standardausstattung geh\u00f6ren ein Kupferstecker, eine verzinnte Kupfer-Lasttrennsonde mit ablativer Lichtbogenfolgerspitze und eine mit Edelstahl verst\u00e4rkte Zug\u00f6se. Ein optionaler kapazitiver Pr\u00fcfpunkt aus korrosionsbest\u00e4ndigem Kunststoff ist f\u00fcr die Verwendung mit Fehleranzeigern erh\u00e4ltlich. Der verf\u00fcgbare Leiterquerschnitt betr\u00e4gt 25\u2013150 mm\u00b2 f\u00fcr 25-kV-Kabel. Der leitf\u00e4hige Pol mit ARC-L\u00f6schfunktion.<\/p>\n<p><img decoding=\"async\" class=\"alignnone wp-image-1541 size-full\" src=\"http:\/\/www.xminsulation.com\/wp-content\/uploads\/2024\/05\/\u56fe\u7247298.png\" alt=\"\" width=\"414\" height=\"633\" srcset=\"https:\/\/www.xminsulation.com\/wp-content\/uploads\/2024\/05\/\u56fe\u7247298.png 414w, https:\/\/www.xminsulation.com\/wp-content\/uploads\/2024\/05\/\u56fe\u7247298-196x300.png 196w\" sizes=\"(max-width: 414px) 100vw, 414px\" \/> <img decoding=\"async\" class=\"alignnone wp-image-1542 size-full\" src=\"http:\/\/www.xminsulation.com\/wp-content\/uploads\/2024\/05\/\u56fe\u7247299.png\" alt=\"\" width=\"356\" height=\"618\" srcset=\"https:\/\/www.xminsulation.com\/wp-content\/uploads\/2024\/05\/\u56fe\u7247299.png 356w, https:\/\/www.xminsulation.com\/wp-content\/uploads\/2024\/05\/\u56fe\u7247299-173x300.png 173w\" sizes=\"(max-width: 356px) 100vw, 356px\" \/><\/p>\n<h2><strong><b>Produktstruktur<\/b><\/strong><\/h2>\n<p>1. ZUG\u00d6SSE: Verst\u00e4rkter Edelstahl f\u00fcr sicheres Umschalten des Shotgun-Sticks.<\/p>\n<p>2. ISOLIERUNG: Hochwertiger EPDM-Kautschuk, der im eigenen Unternehmen formuliert, gemischt und gemahlen wird, um eine gleichbleibende und zuverl\u00e4ssige Leistung im Feld zu gew\u00e4hrleisten.<\/p>\n<p>3. HALBLEITENDER EINSATZ: Hochwertiger EPDM-Gummi erzeugt eine glatte Oberfl\u00e4che rund um den \u201eStromaustausch\u201c, um die elektrische Spannung innerhalb der Isolierung gleichm\u00e4\u00dfig zu verteilen.<\/p>\n<p>4. TESTPUNKT (OPTIONAL): Korrosionsbest\u00e4ndige, leitf\u00e4hige Elektrode bietet eine konstante kapazitive Spannung zum Anlegen von Fehleranzeigen und Bestimmen des Zustands eines Schaltkreises (Kappe nicht dargestellt).<\/p>\n<p>5. HALBLEITENDES ABSCHIRMUNGSSCHUTZ: Hochwertiges EPDM-Gummi bietet einen sch\u00fctzenden Frontschild, der die Anforderungen des IEEE-Standards 592 erf\u00fcllt.<\/p>\n<p>6. Lasttrennsonde: Verzinnte Kupfersonde mit bogenablativer Spitze (Lichtbogenfolger).<\/p>\n<p>7. LEITERKABELSCHUH: Der tr\u00e4gheitsgeschwei\u00dfte Aluminiumzylinder und der Kupferkabelschuh mit Gewinde erleichtern das Crimpen und gew\u00e4hrleisten eine dichte, zuverl\u00e4ssige elektrische Verbindung mit der Lasttrennsonde.<\/p>\n<p><img loading=\"lazy\" decoding=\"async\" class=\"alignnone wp-image-1543 size-large\" src=\"http:\/\/www.xminsulation.com\/wp-content\/uploads\/2024\/05\/\u56fe\u7247300-1024x541.png\" alt=\"\" width=\"1024\" height=\"541\" srcset=\"https:\/\/www.xminsulation.com\/wp-content\/uploads\/2024\/05\/\u56fe\u7247300-1024x541.png 1024w, https:\/\/www.xminsulation.com\/wp-content\/uploads\/2024\/05\/\u56fe\u7247300-300x159.png 300w, https:\/\/www.xminsulation.com\/wp-content\/uploads\/2024\/05\/\u56fe\u7247300-768x406.png 768w, https:\/\/www.xminsulation.com\/wp-content\/uploads\/2024\/05\/\u56fe\u7247300-600x317.png 600w, https:\/\/www.xminsulation.com\/wp-content\/uploads\/2024\/05\/\u56fe\u7247300.png 1112w\" sizes=\"(max-width: 1024px) 100vw, 1024px\" \/><\/p>\n<p><strong><b>200A<\/b><\/strong><\/p>\n<p><strong><b>200A Anwendung von Kabelzubeh\u00f6r<\/b><\/strong><\/p>\n<p><img loading=\"lazy\" decoding=\"async\" class=\"alignnone wp-image-1544 size-large\" src=\"http:\/\/www.xminsulation.com\/wp-content\/uploads\/2024\/05\/\u56fe\u7247301-1024x702.png\" alt=\"\" width=\"1024\" height=\"702\" srcset=\"https:\/\/www.xminsulation.com\/wp-content\/uploads\/2024\/05\/\u56fe\u7247301-1024x702.png 1024w, https:\/\/www.xminsulation.com\/wp-content\/uploads\/2024\/05\/\u56fe\u7247301-300x206.png 300w, https:\/\/www.xminsulation.com\/wp-content\/uploads\/2024\/05\/\u56fe\u7247301-768x527.png 768w, https:\/\/www.xminsulation.com\/wp-content\/uploads\/2024\/05\/\u56fe\u7247301-600x412.png 600w, https:\/\/www.xminsulation.com\/wp-content\/uploads\/2024\/05\/\u56fe\u7247301.png 1350w\" sizes=\"(max-width: 1024px) 100vw, 1024px\" \/> <img loading=\"lazy\" decoding=\"async\" class=\"alignnone wp-image-1545 size-large\" src=\"http:\/\/www.xminsulation.com\/wp-content\/uploads\/2024\/05\/\u56fe\u7247302-1024x946.png\" alt=\"\" width=\"1024\" height=\"946\" srcset=\"https:\/\/www.xminsulation.com\/wp-content\/uploads\/2024\/05\/\u56fe\u7247302-1024x946.png 1024w, https:\/\/www.xminsulation.com\/wp-content\/uploads\/2024\/05\/\u56fe\u7247302-300x277.png 300w, https:\/\/www.xminsulation.com\/wp-content\/uploads\/2024\/05\/\u56fe\u7247302-768x709.png 768w, https:\/\/www.xminsulation.com\/wp-content\/uploads\/2024\/05\/\u56fe\u7247302-600x554.png 600w, https:\/\/www.xminsulation.com\/wp-content\/uploads\/2024\/05\/\u56fe\u7247302.png 1350w\" sizes=\"(max-width: 1024px) 100vw, 1024px\" \/><\/p>\n<p>&nbsp;<\/p>\n<div class=\"wxts\">\n<h2>\u25c6Spezielle Anpassung<\/h2>\n<p>Die oben genannten Parameter sind typische Daten. Wenn die vorhandenen Stile nicht Ihren speziellen Anforderungen entsprechen, kontaktieren Sie uns bitte f\u00fcr ein individuelles Design. Wir verf\u00fcgen \u00fcber bedeutende F\u00e4higkeiten in der Entwicklung und Produktion individueller Anpassungen, sodass wir Kunden auf der ganzen Welt ma\u00dfgeschneiderte L\u00f6sungen bieten k\u00f6nnen.<\/p>\n<\/div>","protected":false},"excerpt":{"rendered":"<p>General Information 25kV 200A loadbreak Elbow Connector is a fully-shielded and insulated plug- in termination for connecting underground cable to distribution power system of pad-mound transformer, surrounding power supply branch box, cable branch box equipped with loadbreak bushings. The elbow connector and bushing insert comprise the essential components of all loadbreak connections. It can meet [&hellip;]<\/p>","protected":false},"featured_media":1539,"template":"","meta":{"site-sidebar-layout":"default","site-content-layout":"","ast-site-content-layout":"default","site-content-style":"default","site-sidebar-style":"default","ast-global-header-display":"","ast-banner-title-visibility":"","ast-main-header-display":"","ast-hfb-above-header-display":"","ast-hfb-below-header-display":"","ast-hfb-mobile-header-display":"","site-post-title":"","ast-breadcrumbs-content":"","ast-featured-img":"","footer-sml-layout":"","theme-transparent-header-meta":"default","adv-header-id-meta":"","stick-header-meta":"","header-above-stick-meta":"","header-main-stick-meta":"","header-below-stick-meta":"","astra-migrate-meta-layouts":"set","ast-page-background-enabled":"default","ast-page-background-meta":{"desktop":{"background-color":"","background-image":"","background-repeat":"repeat","background-position":"center center","background-size":"auto","background-attachment":"scroll","background-type":"","background-media":"","overlay-type":"","overlay-color":"","overlay-gradient":""},"tablet":{"background-color":"","background-image":"","background-repeat":"repeat","background-position":"center center","background-size":"auto","background-attachment":"scroll","background-type":"","background-media":"","overlay-type":"","overlay-color":"","overlay-gradient":""},"mobile":{"background-color":"","background-image":"","background-repeat":"repeat","background-position":"center center","background-size":"auto","background-attachment":"scroll","background-type":"","background-media":"","overlay-type":"","overlay-color":"","overlay-gradient":""}},"ast-content-background-meta":{"desktop":{"background-color":"var(--ast-global-color-5)","background-image":"","background-repeat":"repeat","background-position":"center center","background-size":"auto","background-attachment":"scroll","background-type":"","background-media":"","overlay-type":"","overlay-color":"","overlay-gradient":""},"tablet":{"background-color":"var(--ast-global-color-5)","background-image":"","background-repeat":"repeat","background-position":"center center","background-size":"auto","background-attachment":"scroll","background-type":"","background-media":"","overlay-type":"","overlay-color":"","overlay-gradient":""},"mobile":{"background-color":"var(--ast-global-color-5)","background-image":"","background-repeat":"repeat","background-position":"center center","background-size":"auto","background-attachment":"scroll","background-type":"","background-media":"","overlay-type":"","overlay-color":"","overlay-gradient":""}}},"product_cat":[52],"product_tag":[],"class_list":{"0":"post-1538","1":"product","2":"type-product","3":"status-publish","4":"has-post-thumbnail","6":"product_cat-meishi","7":"desktop-align-left","8":"tablet-align-left","9":"mobile-align-left","11":"first","12":"instock","13":"shipping-taxable","14":"product-type-simple"},"_links":{"self":[{"href":"https:\/\/www.xminsulation.com\/de\/wp-json\/wp\/v2\/product\/1538","targetHints":{"allow":["GET"]}}],"collection":[{"href":"https:\/\/www.xminsulation.com\/de\/wp-json\/wp\/v2\/product"}],"about":[{"href":"https:\/\/www.xminsulation.com\/de\/wp-json\/wp\/v2\/types\/product"}],"wp:featuredmedia":[{"embeddable":true,"href":"https:\/\/www.xminsulation.com\/de\/wp-json\/wp\/v2\/media\/1539"}],"wp:attachment":[{"href":"https:\/\/www.xminsulation.com\/de\/wp-json\/wp\/v2\/media?parent=1538"}],"wp:term":[{"taxonomy":"product_cat","embeddable":true,"href":"https:\/\/www.xminsulation.com\/de\/wp-json\/wp\/v2\/product_cat?post=1538"},{"taxonomy":"product_tag","embeddable":true,"href":"https:\/\/www.xminsulation.com\/de\/wp-json\/wp\/v2\/product_tag?post=1538"}],"curies":[{"name":"wp","href":"https:\/\/api.w.org\/{rel}","templated":true}]}}