{"id":1509,"date":"2024-05-07T17:29:35","date_gmt":"2024-05-07T09:29:35","guid":{"rendered":"http:\/\/www.xminsulation.com\/?post_type=product&#038;p=1509"},"modified":"2024-05-15T16:10:29","modified_gmt":"2024-05-15T08:10:29","slug":"dtt-24kv-200a-single-pass-casing-joints","status":"publish","type":"product","link":"https:\/\/www.xminsulation.com\/de\/product\/dtt-24kv-200a-single-pass-casing-joints\/","title":{"rendered":"DTT-24kV-200A Einlagige Mantelverbindungen"},"content":{"rendered":"<p><img fetchpriority=\"high\" decoding=\"async\" class=\"alignnone wp-image-1511 size-full\" src=\"http:\/\/www.xminsulation.com\/wp-content\/uploads\/2024\/05\/\u56fe\u7247279-1.png\" alt=\"\" width=\"497\" height=\"497\" srcset=\"https:\/\/www.xminsulation.com\/wp-content\/uploads\/2024\/05\/\u56fe\u7247279-1.png 497w, https:\/\/www.xminsulation.com\/wp-content\/uploads\/2024\/05\/\u56fe\u7247279-1-300x300.png 300w, https:\/\/www.xminsulation.com\/wp-content\/uploads\/2024\/05\/\u56fe\u7247279-1-150x150.png 150w, https:\/\/www.xminsulation.com\/wp-content\/uploads\/2024\/05\/\u56fe\u7247279-1-100x100.png 100w\" sizes=\"(max-width: 497px) 100vw, 497px\" \/><\/p>\n<h2><strong><b>Allgemeine Informationen<\/b><\/strong><\/h2>\n<p>24 kV-200 A Ein-Pass-Verrohrungsverbindungen werden in eine universelle Durchf\u00fchrungsbohrung eingeschraubt und erf\u00fcllen die gleiche Funktion wie eine integrierte Lasttrenndurchf\u00fchrung. Die Verwendung von Durchf\u00fchrungseins\u00e4tzen erm\u00f6glicht eine effiziente Montage und einen effizienten Austausch vor Ort. Durchf\u00fchrungseins\u00e4tze und Winkelverbinder sind die wesentlichen Komponenten aller Lasttrennverbindungen. Der Durchf\u00fchrungseinsatz nutzt einen patentierten, vollst\u00e4ndigen Strompfad mit nur einem Strom\u00fcbergangspunkt im Einsatz selbst. Die unkomplizierte Gestaltung des Strompfads sorgt f\u00fcr \u00fcberlegene und zuverl\u00e4ssige Leistung.<\/p>\n<p>Eine interne R\u00e4umnadel erm\u00f6glicht eine drehmomentkontrollierte Montage. Mit dem optionalen Drehmomentwerkzeug l\u00e4sst sich der Buchseneinsatz sicher in die Buchsenbohrung einschrauben, ohne dass der Bolzen der Buchsenbohrung versehentlich abbricht. Der exklusive Verriegelungsanzeigering am Umfang des Buchsenbundes macht die Montage des Buchseneinsatzes mit Lastbruchwinkel \u00fcberfl\u00fcssig.<\/p>\n<p>Der leuchtend gelbe Ring gibt sofortige R\u00fcckmeldung, ob der Winkel richtig am Einsatz installiert ist.<\/p>\n<p>Die einstufigen Geh\u00e4useverbindungen werden aus hochwertiger, schwefelgesch\u00fctzter Isolierung und halbleitendem EPDM-Gummi geformt. In Verbindung mit einem vergleichbaren Bauteil bietet der Buchseneinsatz eine vollst\u00e4ndig abgeschirmte und tauchfeste Verbindung f\u00fcr den Lasttrennbetrieb.<\/p>\n<p><img decoding=\"async\" class=\"alignnone wp-image-1512 size-full\" src=\"http:\/\/www.xminsulation.com\/wp-content\/uploads\/2024\/05\/\u56fe\u7247280.png\" alt=\"\" width=\"418\" height=\"1058\" srcset=\"https:\/\/www.xminsulation.com\/wp-content\/uploads\/2024\/05\/\u56fe\u7247280.png 418w, https:\/\/www.xminsulation.com\/wp-content\/uploads\/2024\/05\/\u56fe\u7247280-119x300.png 119w, https:\/\/www.xminsulation.com\/wp-content\/uploads\/2024\/05\/\u56fe\u7247280-405x1024.png 405w\" sizes=\"(max-width: 418px) 100vw, 418px\" \/> <img decoding=\"async\" class=\"alignnone wp-image-1513 size-full\" src=\"http:\/\/www.xminsulation.com\/wp-content\/uploads\/2024\/05\/\u56fe\u7247281.png\" alt=\"\" width=\"1266\" height=\"260\" srcset=\"https:\/\/www.xminsulation.com\/wp-content\/uploads\/2024\/05\/\u56fe\u7247281.png 1266w, https:\/\/www.xminsulation.com\/wp-content\/uploads\/2024\/05\/\u56fe\u7247281-300x62.png 300w, https:\/\/www.xminsulation.com\/wp-content\/uploads\/2024\/05\/\u56fe\u7247281-1024x210.png 1024w, https:\/\/www.xminsulation.com\/wp-content\/uploads\/2024\/05\/\u56fe\u7247281-768x158.png 768w, https:\/\/www.xminsulation.com\/wp-content\/uploads\/2024\/05\/\u56fe\u7247281-600x123.png 600w\" sizes=\"(max-width: 1266px) 100vw, 1266px\" \/><\/p>\n<p>&nbsp;<\/p>\n<div class=\"wxts\">\n<h2>\u25c6Spezielle Anpassung<\/h2>\n<p>Die oben genannten Parameter sind typische Daten. Wenn die vorhandenen Stile nicht Ihren speziellen Anforderungen entsprechen, kontaktieren Sie uns bitte f\u00fcr ein individuelles Design. Wir verf\u00fcgen \u00fcber bedeutende F\u00e4higkeiten in der Entwicklung und Produktion individueller Anpassungen, sodass wir Kunden auf der ganzen Welt ma\u00dfgeschneiderte L\u00f6sungen bieten k\u00f6nnen.<\/p>\n<\/div>","protected":false},"excerpt":{"rendered":"<p>General Information 24kV-200A single-pass casing joints threads into a universal bushing well to provide the same function as an integral loadbreak bushing. Using bushing inserts makes field installation and replacement possible and efficient. Bushing inserts and elbow connectors comprise the essential components of all loadbreak connections. The bushing Insert uses a patented wholly current path, [&hellip;]<\/p>","protected":false},"featured_media":1510,"template":"","meta":{"site-sidebar-layout":"default","site-content-layout":"","ast-site-content-layout":"default","site-content-style":"default","site-sidebar-style":"default","ast-global-header-display":"","ast-banner-title-visibility":"","ast-main-header-display":"","ast-hfb-above-header-display":"","ast-hfb-below-header-display":"","ast-hfb-mobile-header-display":"","site-post-title":"","ast-breadcrumbs-content":"","ast-featured-img":"","footer-sml-layout":"","theme-transparent-header-meta":"default","adv-header-id-meta":"","stick-header-meta":"","header-above-stick-meta":"","header-main-stick-meta":"","header-below-stick-meta":"","astra-migrate-meta-layouts":"set","ast-page-background-enabled":"default","ast-page-background-meta":{"desktop":{"background-color":"","background-image":"","background-repeat":"repeat","background-position":"center center","background-size":"auto","background-attachment":"scroll","background-type":"","background-media":"","overlay-type":"","overlay-color":"","overlay-gradient":""},"tablet":{"background-color":"","background-image":"","background-repeat":"repeat","background-position":"center center","background-size":"auto","background-attachment":"scroll","background-type":"","background-media":"","overlay-type":"","overlay-color":"","overlay-gradient":""},"mobile":{"background-color":"","background-image":"","background-repeat":"repeat","background-position":"center center","background-size":"auto","background-attachment":"scroll","background-type":"","background-media":"","overlay-type":"","overlay-color":"","overlay-gradient":""}},"ast-content-background-meta":{"desktop":{"background-color":"var(--ast-global-color-5)","background-image":"","background-repeat":"repeat","background-position":"center center","background-size":"auto","background-attachment":"scroll","background-type":"","background-media":"","overlay-type":"","overlay-color":"","overlay-gradient":""},"tablet":{"background-color":"var(--ast-global-color-5)","background-image":"","background-repeat":"repeat","background-position":"center center","background-size":"auto","background-attachment":"scroll","background-type":"","background-media":"","overlay-type":"","overlay-color":"","overlay-gradient":""},"mobile":{"background-color":"var(--ast-global-color-5)","background-image":"","background-repeat":"repeat","background-position":"center center","background-size":"auto","background-attachment":"scroll","background-type":"","background-media":"","overlay-type":"","overlay-color":"","overlay-gradient":""}}},"product_cat":[52],"product_tag":[],"class_list":{"0":"post-1509","1":"product","2":"type-product","3":"status-publish","4":"has-post-thumbnail","6":"product_cat-meishi","7":"desktop-align-left","8":"tablet-align-left","9":"mobile-align-left","11":"first","12":"instock","13":"shipping-taxable","14":"product-type-simple"},"_links":{"self":[{"href":"https:\/\/www.xminsulation.com\/de\/wp-json\/wp\/v2\/product\/1509","targetHints":{"allow":["GET"]}}],"collection":[{"href":"https:\/\/www.xminsulation.com\/de\/wp-json\/wp\/v2\/product"}],"about":[{"href":"https:\/\/www.xminsulation.com\/de\/wp-json\/wp\/v2\/types\/product"}],"wp:featuredmedia":[{"embeddable":true,"href":"https:\/\/www.xminsulation.com\/de\/wp-json\/wp\/v2\/media\/1510"}],"wp:attachment":[{"href":"https:\/\/www.xminsulation.com\/de\/wp-json\/wp\/v2\/media?parent=1509"}],"wp:term":[{"taxonomy":"product_cat","embeddable":true,"href":"https:\/\/www.xminsulation.com\/de\/wp-json\/wp\/v2\/product_cat?post=1509"},{"taxonomy":"product_tag","embeddable":true,"href":"https:\/\/www.xminsulation.com\/de\/wp-json\/wp\/v2\/product_tag?post=1509"}],"curies":[{"name":"wp","href":"https:\/\/api.w.org\/{rel}","templated":true}]}}