{"id":1503,"date":"2024-05-07T17:27:22","date_gmt":"2024-05-07T09:27:22","guid":{"rendered":"http:\/\/www.xminsulation.com\/?post_type=product&#038;p=1503"},"modified":"2024-05-15T16:12:35","modified_gmt":"2024-05-15T08:12:35","slug":"jdzt-15kv-200a-grounding-elbow","status":"publish","type":"product","link":"https:\/\/www.xminsulation.com\/de\/product\/jdzt-15kv-200a-grounding-elbow\/","title":{"rendered":"JDZT-15kV-200A Erdungsbogen"},"content":{"rendered":"<p><img fetchpriority=\"high\" decoding=\"async\" class=\"alignnone wp-image-1505 size-full\" src=\"http:\/\/www.xminsulation.com\/wp-content\/uploads\/2024\/05\/\u56fe\u7247276-1.jpg\" alt=\"\" width=\"427\" height=\"427\" srcset=\"https:\/\/www.xminsulation.com\/wp-content\/uploads\/2024\/05\/\u56fe\u7247276-1.jpg 427w, https:\/\/www.xminsulation.com\/wp-content\/uploads\/2024\/05\/\u56fe\u7247276-1-300x300.jpg 300w, https:\/\/www.xminsulation.com\/wp-content\/uploads\/2024\/05\/\u56fe\u7247276-1-150x150.jpg 150w, https:\/\/www.xminsulation.com\/wp-content\/uploads\/2024\/05\/\u56fe\u7247276-1-100x100.jpg 100w\" sizes=\"(max-width: 427px) 100vw, 427px\" \/><\/p>\n<h2><strong><b>Allgemeine Informationen<\/b><\/strong><strong><b>\u00a0<\/b><\/strong><\/h2>\n<p>Der 15 kV 200 A-Erdungsbogen ist die beste Wahl f\u00fcr unterirdische Stromversorgungssysteme. Er kann eine Erdungsabgangsleitung zur \u00dcberpr\u00fcfung des Kabels in der praktischen Anwendung oder Untersuchung bereitstellen.<\/p>\n<p>Der Erdungswinkel kann allein verwendet oder mit dem Durchf\u00fchrungseinsatz, dem drehbaren Durchf\u00fchrungseinsatz des auf einem Pad montierten Transformators und dem umgebenden Stromversorgungsschrank verbunden werden, wodurch ein sichtbarer Erdungspunkt gebildet werden kann.<\/p>\n<p>Der Erdungswinkel besteht aus leitf\u00e4higem Kupferkontakt, Kupferkompressionsstecker und hochisolierendem, alterungsbest\u00e4ndigem Isoliergummi. Dadurch ist das Produkt vollst\u00e4ndig abgeschirmt. Am Ende des Erdungswinkels ist ein 2 Meter langes Erdungskabel angeschlossen. Der Isolationswert der \u00e4u\u00dferen Abschirmung des Erdungskabels betr\u00e4gt 600 V. Bitte pr\u00fcfen Sie daher \u00fcber Kopf.<\/p>\n<p><img decoding=\"async\" class=\"alignnone wp-image-1506 size-full\" src=\"http:\/\/www.xminsulation.com\/wp-content\/uploads\/2024\/05\/\u56fe\u7247277.png\" alt=\"\" width=\"546\" height=\"996\" srcset=\"https:\/\/www.xminsulation.com\/wp-content\/uploads\/2024\/05\/\u56fe\u7247277.png 546w, https:\/\/www.xminsulation.com\/wp-content\/uploads\/2024\/05\/\u56fe\u7247277-164x300.png 164w\" sizes=\"(max-width: 546px) 100vw, 546px\" \/><\/p>\n<h2><strong><b>Produktstruktur<\/b><\/strong><\/h2>\n<ol>\n<li>Der Bet\u00e4tigungsring besteht aus einem Edelstahlring und ist mit einer isolierten Bet\u00e4tigungsstangenhalterung ausgestattet.<\/li>\n<\/ol>\n<p>2. Kupfer-Crimpanschluss: Produkte und Kabel eng verbunden.<\/p>\n<p>3. Die Isolierschicht: Eine einzigartige Formulierungs- und Mischtechnologie, um die hervorragende Qualit\u00e4t des vorgefertigten EPDM-Isoliergummis sicherzustellen.<\/p>\n<p>4. Eine innere Halbleiterschicht: vorgefertigter leitf\u00e4higer EPDM-Kautschuk zur effektiven Kontrolle der elektrischen Spannung.<\/p>\n<p>5.600-V-Einzeladerkabel: 600-V-Spannungsklasse, effektive Erdung.<\/p>\n<p>6. Lichtbogeneinf\u00fchrungsstange: verzinnte Kupferleiterstange mit Lichtbogenunterdr\u00fcckungsfunktion.<\/p>\n<p><img decoding=\"async\" class=\"alignnone wp-image-1507 size-large\" src=\"http:\/\/www.xminsulation.com\/wp-content\/uploads\/2024\/05\/\u56fe\u7247278-1024x181.png\" alt=\"\" width=\"1024\" height=\"181\" srcset=\"https:\/\/www.xminsulation.com\/wp-content\/uploads\/2024\/05\/\u56fe\u7247278-1024x181.png 1024w, https:\/\/www.xminsulation.com\/wp-content\/uploads\/2024\/05\/\u56fe\u7247278-300x53.png 300w, https:\/\/www.xminsulation.com\/wp-content\/uploads\/2024\/05\/\u56fe\u7247278-768x136.png 768w, https:\/\/www.xminsulation.com\/wp-content\/uploads\/2024\/05\/\u56fe\u7247278-600x106.png 600w, https:\/\/www.xminsulation.com\/wp-content\/uploads\/2024\/05\/\u56fe\u7247278.png 1502w\" sizes=\"(max-width: 1024px) 100vw, 1024px\" \/><\/p>\n<p>&nbsp;<\/p>\n<div class=\"wxts\">\n<h2>\u25c6Spezielle Anpassung<\/h2>\n<p>Die oben genannten Parameter sind typische Daten. Wenn die vorhandenen Stile nicht Ihren speziellen Anforderungen entsprechen, kontaktieren Sie uns bitte f\u00fcr ein individuelles Design. Wir verf\u00fcgen \u00fcber bedeutende F\u00e4higkeiten in der Entwicklung und Produktion individueller Anpassungen, sodass wir Kunden auf der ganzen Welt ma\u00dfgeschneiderte L\u00f6sungen bieten k\u00f6nnen.<\/p>\n<\/div>","protected":false},"excerpt":{"rendered":"<p>General Information\u00a0 15kV 200A Grounding Elbow is the best choice for subterranean power systems.It can provide an grounding outgoing line for checking up the cable in the practical application or examination. Grounding Elbow could use alone or connect with Bushing Insert, Rotatable Feedthru Insert of pad mounted transformer and surrounding power supply cabinet,which could structure [&hellip;]<\/p>","protected":false},"featured_media":1504,"template":"","meta":{"site-sidebar-layout":"default","site-content-layout":"","ast-site-content-layout":"default","site-content-style":"default","site-sidebar-style":"default","ast-global-header-display":"","ast-banner-title-visibility":"","ast-main-header-display":"","ast-hfb-above-header-display":"","ast-hfb-below-header-display":"","ast-hfb-mobile-header-display":"","site-post-title":"","ast-breadcrumbs-content":"","ast-featured-img":"","footer-sml-layout":"","theme-transparent-header-meta":"default","adv-header-id-meta":"","stick-header-meta":"","header-above-stick-meta":"","header-main-stick-meta":"","header-below-stick-meta":"","astra-migrate-meta-layouts":"set","ast-page-background-enabled":"default","ast-page-background-meta":{"desktop":{"background-color":"","background-image":"","background-repeat":"repeat","background-position":"center center","background-size":"auto","background-attachment":"scroll","background-type":"","background-media":"","overlay-type":"","overlay-color":"","overlay-gradient":""},"tablet":{"background-color":"","background-image":"","background-repeat":"repeat","background-position":"center center","background-size":"auto","background-attachment":"scroll","background-type":"","background-media":"","overlay-type":"","overlay-color":"","overlay-gradient":""},"mobile":{"background-color":"","background-image":"","background-repeat":"repeat","background-position":"center center","background-size":"auto","background-attachment":"scroll","background-type":"","background-media":"","overlay-type":"","overlay-color":"","overlay-gradient":""}},"ast-content-background-meta":{"desktop":{"background-color":"var(--ast-global-color-5)","background-image":"","background-repeat":"repeat","background-position":"center center","background-size":"auto","background-attachment":"scroll","background-type":"","background-media":"","overlay-type":"","overlay-color":"","overlay-gradient":""},"tablet":{"background-color":"var(--ast-global-color-5)","background-image":"","background-repeat":"repeat","background-position":"center center","background-size":"auto","background-attachment":"scroll","background-type":"","background-media":"","overlay-type":"","overlay-color":"","overlay-gradient":""},"mobile":{"background-color":"var(--ast-global-color-5)","background-image":"","background-repeat":"repeat","background-position":"center center","background-size":"auto","background-attachment":"scroll","background-type":"","background-media":"","overlay-type":"","overlay-color":"","overlay-gradient":""}}},"product_cat":[52],"product_tag":[],"class_list":{"0":"post-1503","1":"product","2":"type-product","3":"status-publish","4":"has-post-thumbnail","6":"product_cat-meishi","7":"desktop-align-left","8":"tablet-align-left","9":"mobile-align-left","11":"first","12":"instock","13":"shipping-taxable","14":"product-type-simple"},"_links":{"self":[{"href":"https:\/\/www.xminsulation.com\/de\/wp-json\/wp\/v2\/product\/1503","targetHints":{"allow":["GET"]}}],"collection":[{"href":"https:\/\/www.xminsulation.com\/de\/wp-json\/wp\/v2\/product"}],"about":[{"href":"https:\/\/www.xminsulation.com\/de\/wp-json\/wp\/v2\/types\/product"}],"wp:featuredmedia":[{"embeddable":true,"href":"https:\/\/www.xminsulation.com\/de\/wp-json\/wp\/v2\/media\/1504"}],"wp:attachment":[{"href":"https:\/\/www.xminsulation.com\/de\/wp-json\/wp\/v2\/media?parent=1503"}],"wp:term":[{"taxonomy":"product_cat","embeddable":true,"href":"https:\/\/www.xminsulation.com\/de\/wp-json\/wp\/v2\/product_cat?post=1503"},{"taxonomy":"product_tag","embeddable":true,"href":"https:\/\/www.xminsulation.com\/de\/wp-json\/wp\/v2\/product_tag?post=1503"}],"curies":[{"name":"wp","href":"https:\/\/api.w.org\/{rel}","templated":true}]}}