{"id":1464,"date":"2024-05-07T17:11:19","date_gmt":"2024-05-07T09:11:19","guid":{"rendered":"http:\/\/www.xminsulation.com\/?post_type=product&#038;p=1464"},"modified":"2024-05-15T16:16:57","modified_gmt":"2024-05-15T08:16:57","slug":"blq-24kv-200a-surge-arrester-insert","status":"publish","type":"product","link":"https:\/\/www.xminsulation.com\/de\/product\/blq-24kv-200a-surge-arrester-insert\/","title":{"rendered":"BLQ-24kV-200A \u00dcberspannungsableiter-Einsatz"},"content":{"rendered":"<p><img fetchpriority=\"high\" decoding=\"async\" class=\"alignnone wp-image-1466 size-full\" src=\"http:\/\/www.xminsulation.com\/wp-content\/uploads\/2024\/05\/\u56fe\u7247251-1.png\" alt=\"\" width=\"457\" height=\"457\" srcset=\"https:\/\/www.xminsulation.com\/wp-content\/uploads\/2024\/05\/\u56fe\u7247251-1.png 457w, https:\/\/www.xminsulation.com\/wp-content\/uploads\/2024\/05\/\u56fe\u7247251-1-300x300.png 300w, https:\/\/www.xminsulation.com\/wp-content\/uploads\/2024\/05\/\u56fe\u7247251-1-150x150.png 150w, https:\/\/www.xminsulation.com\/wp-content\/uploads\/2024\/05\/\u56fe\u7247251-1-100x100.png 100w\" sizes=\"(max-width: 457px) 100vw, 457px\" \/><\/p>\n<h2><strong><b>Allgemein<\/b><\/strong><strong><b>\u00a0Information<\/b><\/strong><\/h2>\n<p>24-kV-\u00dcberspannungsableitereins\u00e4tze werden h\u00e4ufig in Mittelspannungsnetzen verwendet, beispielsweise in Transformatoren, Schaltern, Schaltanlagen, Kabeln und anderen Ger\u00e4ten.<\/p>\n<p><img decoding=\"async\" class=\"alignnone wp-image-1467 size-full\" src=\"http:\/\/www.xminsulation.com\/wp-content\/uploads\/2024\/05\/\u56fe\u7247252.png\" alt=\"\" width=\"684\" height=\"1086\" srcset=\"https:\/\/www.xminsulation.com\/wp-content\/uploads\/2024\/05\/\u56fe\u7247252.png 684w, https:\/\/www.xminsulation.com\/wp-content\/uploads\/2024\/05\/\u56fe\u7247252-189x300.png 189w, https:\/\/www.xminsulation.com\/wp-content\/uploads\/2024\/05\/\u56fe\u7247252-645x1024.png 645w, https:\/\/www.xminsulation.com\/wp-content\/uploads\/2024\/05\/\u56fe\u7247252-600x953.png 600w\" sizes=\"(max-width: 684px) 100vw, 684px\" \/> <img decoding=\"async\" class=\"alignnone wp-image-1468 size-full\" src=\"http:\/\/www.xminsulation.com\/wp-content\/uploads\/2024\/05\/\u56fe\u7247253.png\" alt=\"\" width=\"606\" height=\"954\" srcset=\"https:\/\/www.xminsulation.com\/wp-content\/uploads\/2024\/05\/\u56fe\u7247253.png 606w, https:\/\/www.xminsulation.com\/wp-content\/uploads\/2024\/05\/\u56fe\u7247253-191x300.png 191w, https:\/\/www.xminsulation.com\/wp-content\/uploads\/2024\/05\/\u56fe\u7247253-600x945.png 600w\" sizes=\"(max-width: 606px) 100vw, 606px\" \/><\/p>\n<h2><strong><b>Produktstruktur<\/b><\/strong><\/h2>\n<p>1. EPDM-ISOLIERUNG: Hochwertige, schwefelgeh\u00e4rtete EPDM-Isolierung wird im eigenen Haus gemischt und formuliert, um die Eigenschaften des Isoliergummis vollst\u00e4ndig zu kontrollieren.<\/p>\n<p>2. HALBLEITENDES ABSCHIRMUNGSSCHUTZGEH\u00c4USE: Das geformte halbleitende EPDM-Abschirmungsgeh\u00e4use erf\u00fcllt die Anforderungen des ANSI\/IEEE-Standards 592.<\/p>\n<p>3. ABLEITERKERN: Besteht aus der Blitzableiterventilscheibe aus Zinkoxid, die einer speziellen Prozessbehandlung unterzogen wurde.<\/p>\n<p>4. SONDE: Die Sonde bietet einen zuverl\u00e4ssigen leitf\u00e4higen Pfad mit passenden Buchsenkontakten.<\/p>\n<p>5. ERDUNGSKABEL: (Optional f\u00fcr gr\u00f6\u00dferes Erdungskabel) Wird f\u00fcr Impulsspannung verwendet, die nach der Zuleitung zur Erdungsposition wirksam ist.<\/p>\n<p><img loading=\"lazy\" decoding=\"async\" class=\"alignnone wp-image-1469 size-full\" src=\"http:\/\/www.xminsulation.com\/wp-content\/uploads\/2024\/05\/\u56fe\u7247254.png\" alt=\"\" width=\"1260\" height=\"248\" srcset=\"https:\/\/www.xminsulation.com\/wp-content\/uploads\/2024\/05\/\u56fe\u7247254.png 1260w, https:\/\/www.xminsulation.com\/wp-content\/uploads\/2024\/05\/\u56fe\u7247254-300x59.png 300w, https:\/\/www.xminsulation.com\/wp-content\/uploads\/2024\/05\/\u56fe\u7247254-1024x202.png 1024w, https:\/\/www.xminsulation.com\/wp-content\/uploads\/2024\/05\/\u56fe\u7247254-768x151.png 768w, https:\/\/www.xminsulation.com\/wp-content\/uploads\/2024\/05\/\u56fe\u7247254-600x118.png 600w\" sizes=\"(max-width: 1260px) 100vw, 1260px\" \/><\/p>\n<p>&nbsp;<\/p>\n<div class=\"wxts\">\n<h2>\u25c6Spezielle Anpassung<\/h2>\n<p>Die oben genannten Parameter sind typische Daten. Wenn die vorhandenen Stile nicht Ihren speziellen Anforderungen entsprechen, kontaktieren Sie uns bitte f\u00fcr ein individuelles Design. Wir verf\u00fcgen \u00fcber bedeutende F\u00e4higkeiten in der Entwicklung und Produktion individueller Anpassungen, sodass wir Kunden auf der ganzen Welt ma\u00dfgeschneiderte L\u00f6sungen bieten k\u00f6nnen.<\/p>\n<\/div>","protected":false},"excerpt":{"rendered":"<p>General\u00a0Information 24kV Surge Arrester Insert is widely used on medium voltage network, such as transformers switch switch gears and cable and other equipment. Product Structure 1\u3001EPDM INSULATION: High quality sulfur cured EPDM insulation is mixed and formulated in-house for complete control of insulation rubber characteristics. 2\u3001SEMI-CONDUCTIVE SHIELD: Molded semi-conductive EPDM shield meets requirements of ANSI\/IEEE [&hellip;]<\/p>","protected":false},"featured_media":1465,"template":"","meta":{"site-sidebar-layout":"default","site-content-layout":"","ast-site-content-layout":"default","site-content-style":"default","site-sidebar-style":"default","ast-global-header-display":"","ast-banner-title-visibility":"","ast-main-header-display":"","ast-hfb-above-header-display":"","ast-hfb-below-header-display":"","ast-hfb-mobile-header-display":"","site-post-title":"","ast-breadcrumbs-content":"","ast-featured-img":"","footer-sml-layout":"","theme-transparent-header-meta":"default","adv-header-id-meta":"","stick-header-meta":"","header-above-stick-meta":"","header-main-stick-meta":"","header-below-stick-meta":"","astra-migrate-meta-layouts":"set","ast-page-background-enabled":"default","ast-page-background-meta":{"desktop":{"background-color":"","background-image":"","background-repeat":"repeat","background-position":"center center","background-size":"auto","background-attachment":"scroll","background-type":"","background-media":"","overlay-type":"","overlay-color":"","overlay-gradient":""},"tablet":{"background-color":"","background-image":"","background-repeat":"repeat","background-position":"center center","background-size":"auto","background-attachment":"scroll","background-type":"","background-media":"","overlay-type":"","overlay-color":"","overlay-gradient":""},"mobile":{"background-color":"","background-image":"","background-repeat":"repeat","background-position":"center center","background-size":"auto","background-attachment":"scroll","background-type":"","background-media":"","overlay-type":"","overlay-color":"","overlay-gradient":""}},"ast-content-background-meta":{"desktop":{"background-color":"var(--ast-global-color-5)","background-image":"","background-repeat":"repeat","background-position":"center center","background-size":"auto","background-attachment":"scroll","background-type":"","background-media":"","overlay-type":"","overlay-color":"","overlay-gradient":""},"tablet":{"background-color":"var(--ast-global-color-5)","background-image":"","background-repeat":"repeat","background-position":"center center","background-size":"auto","background-attachment":"scroll","background-type":"","background-media":"","overlay-type":"","overlay-color":"","overlay-gradient":""},"mobile":{"background-color":"var(--ast-global-color-5)","background-image":"","background-repeat":"repeat","background-position":"center center","background-size":"auto","background-attachment":"scroll","background-type":"","background-media":"","overlay-type":"","overlay-color":"","overlay-gradient":""}}},"product_cat":[52],"product_tag":[],"class_list":{"0":"post-1464","1":"product","2":"type-product","3":"status-publish","4":"has-post-thumbnail","6":"product_cat-meishi","7":"desktop-align-left","8":"tablet-align-left","9":"mobile-align-left","11":"first","12":"instock","13":"shipping-taxable","14":"product-type-simple"},"_links":{"self":[{"href":"https:\/\/www.xminsulation.com\/de\/wp-json\/wp\/v2\/product\/1464","targetHints":{"allow":["GET"]}}],"collection":[{"href":"https:\/\/www.xminsulation.com\/de\/wp-json\/wp\/v2\/product"}],"about":[{"href":"https:\/\/www.xminsulation.com\/de\/wp-json\/wp\/v2\/types\/product"}],"wp:featuredmedia":[{"embeddable":true,"href":"https:\/\/www.xminsulation.com\/de\/wp-json\/wp\/v2\/media\/1465"}],"wp:attachment":[{"href":"https:\/\/www.xminsulation.com\/de\/wp-json\/wp\/v2\/media?parent=1464"}],"wp:term":[{"taxonomy":"product_cat","embeddable":true,"href":"https:\/\/www.xminsulation.com\/de\/wp-json\/wp\/v2\/product_cat?post=1464"},{"taxonomy":"product_tag","embeddable":true,"href":"https:\/\/www.xminsulation.com\/de\/wp-json\/wp\/v2\/product_tag?post=1464"}],"curies":[{"name":"wp","href":"https:\/\/api.w.org\/{rel}","templated":true}]}}