{"id":1438,"date":"2024-05-07T17:00:10","date_gmt":"2024-05-07T09:00:10","guid":{"rendered":"http:\/\/www.xminsulation.com\/?post_type=product&#038;p=1438"},"modified":"2024-05-15T16:21:36","modified_gmt":"2024-05-15T08:21:36","slug":"stt-24kv-200a-double-pass-casing-connector","status":"publish","type":"product","link":"https:\/\/www.xminsulation.com\/de\/product\/stt-24kv-200a-double-pass-casing-connector\/","title":{"rendered":"STT-24kV-200A Doppeldurchgangs-Geh\u00e4useverbinder"},"content":{"rendered":"<p><img fetchpriority=\"high\" decoding=\"async\" class=\"alignnone wp-image-1440 size-full\" src=\"http:\/\/www.xminsulation.com\/wp-content\/uploads\/2024\/05\/\u56fe\u7247233-1.png\" alt=\"\" width=\"412\" height=\"412\" srcset=\"https:\/\/www.xminsulation.com\/wp-content\/uploads\/2024\/05\/\u56fe\u7247233-1.png 412w, https:\/\/www.xminsulation.com\/wp-content\/uploads\/2024\/05\/\u56fe\u7247233-1-300x300.png 300w, https:\/\/www.xminsulation.com\/wp-content\/uploads\/2024\/05\/\u56fe\u7247233-1-150x150.png 150w, https:\/\/www.xminsulation.com\/wp-content\/uploads\/2024\/05\/\u56fe\u7247233-1-100x100.png 100w\" sizes=\"(max-width: 412px) 100vw, 412px\" \/><\/p>\n<h2><strong><b>Allgemeine Informationen<\/b><\/strong><strong><b>\u00a0<\/b><\/strong><\/h2>\n<p>Der 24 kV 200 A Doppeldurchgangsverbinder erm\u00f6glicht die Verbindung von zwei Durchf\u00fchrungen aus einem einzigen Ger\u00e4tedurchf\u00fchrungsschacht. Er vereinfacht und vereinfacht die Umr\u00fcstung von Radialtransformatoren auf Durchgangstransformatoren und die Erweiterung um einen Inline-Ableiterschutz. Die patentierte, integrierte Drehmomentbegrenzungsratsche verhindert, dass Bediener w\u00e4hrend der Installation versehentlich die Durchf\u00fchrungsbolzen abbrechen.<\/p>\n<p>Der 200-A-Doppeldurchgangsgeh\u00e4useverbinder dient zum Anschluss von Erdkabeln an das Stromverteilungssystem des Pad-Mound-Transformators und umgibt den Stromversorgungsabzweigkasten. Zusammen mit diesem werden verwendet: Lasttrenn-Winkelverbinder, Winkel-\u00dcberspannungsableiter und Ger\u00e4tedurchf\u00fchrung.<\/p>\n<p>Die Lasttrennschalterb\u00f6gen werden aus hochwertigem, schwefelgeh\u00e4rtetem, isolierendem und halbleitendem EPDM-Kautschuk geformt. Bei Verbindung mit vergleichbar bewerteten Produkten bietet der Einsatz eine vollst\u00e4ndig abgeschirmte und tauchf\u00e4hige Lasttrennschalterverbindung.<\/p>\n<p>Der Verriegelungsanzeigering des Doppeldurchgangsgeh\u00e4uses am Umfang des H\u00fclsenbundes macht die Installation des Lasttrennwinkels an der H\u00fclsenschnittstelle \u00fcberfl\u00fcssig. Der leuchtend gelbe Ring gibt sofort Auskunft dar\u00fcber, ob der Winkel korrekt an der H\u00fclse installiert ist. Ist der gelbe Ring vollst\u00e4ndig vom Lasttrennwinkel abgedeckt, ist er vollst\u00e4ndig verriegelt. Ist der Ring sichtbar, kann der Winkel korrekt installiert werden, bevor Probleme auftreten.<\/p>\n<p><img decoding=\"async\" class=\"alignnone wp-image-1441 size-full\" src=\"http:\/\/www.xminsulation.com\/wp-content\/uploads\/2024\/05\/\u56fe\u7247234.png\" alt=\"\" width=\"570\" height=\"1146\" srcset=\"https:\/\/www.xminsulation.com\/wp-content\/uploads\/2024\/05\/\u56fe\u7247234.png 570w, https:\/\/www.xminsulation.com\/wp-content\/uploads\/2024\/05\/\u56fe\u7247234-149x300.png 149w, https:\/\/www.xminsulation.com\/wp-content\/uploads\/2024\/05\/\u56fe\u7247234-509x1024.png 509w\" sizes=\"(max-width: 570px) 100vw, 570px\" \/> <img decoding=\"async\" class=\"alignnone wp-image-1442 size-full\" src=\"http:\/\/www.xminsulation.com\/wp-content\/uploads\/2024\/05\/\u56fe\u7247235.png\" alt=\"\" width=\"1294\" height=\"248\" srcset=\"https:\/\/www.xminsulation.com\/wp-content\/uploads\/2024\/05\/\u56fe\u7247235.png 1294w, https:\/\/www.xminsulation.com\/wp-content\/uploads\/2024\/05\/\u56fe\u7247235-300x57.png 300w, https:\/\/www.xminsulation.com\/wp-content\/uploads\/2024\/05\/\u56fe\u7247235-1024x196.png 1024w, https:\/\/www.xminsulation.com\/wp-content\/uploads\/2024\/05\/\u56fe\u7247235-768x147.png 768w, https:\/\/www.xminsulation.com\/wp-content\/uploads\/2024\/05\/\u56fe\u7247235-600x115.png 600w\" sizes=\"(max-width: 1294px) 100vw, 1294px\" \/><\/p>\n<p>&nbsp;<\/p>\n<div class=\"wxts\">\n<h2>\u25c6Spezielle Anpassung<\/h2>\n<p>Die oben genannten Parameter sind typische Daten. Wenn die vorhandenen Stile nicht Ihren speziellen Anforderungen entsprechen, kontaktieren Sie uns bitte f\u00fcr ein individuelles Design. Wir verf\u00fcgen \u00fcber bedeutende F\u00e4higkeiten in der Entwicklung und Produktion individueller Anpassungen, sodass wir Kunden auf der ganzen Welt ma\u00dfgeschneiderte L\u00f6sungen bieten k\u00f6nnen.<\/p>\n<\/div>","protected":false},"excerpt":{"rendered":"<p>General Information\u00a0 24kV 200A Double-pass casing connector is used to provide dual bushings from a single apparatus bushing well. It makes converting radial-feed transfor- mers to feed thru transformers and adding in-line arrester protection both easy and practical. Its patented, built-in torque limiting ratchet prevents operators from a- ccidentally breaking bushing well studs during installation. [&hellip;]<\/p>","protected":false},"featured_media":1439,"template":"","meta":{"site-sidebar-layout":"default","site-content-layout":"","ast-site-content-layout":"default","site-content-style":"default","site-sidebar-style":"default","ast-global-header-display":"","ast-banner-title-visibility":"","ast-main-header-display":"","ast-hfb-above-header-display":"","ast-hfb-below-header-display":"","ast-hfb-mobile-header-display":"","site-post-title":"","ast-breadcrumbs-content":"","ast-featured-img":"","footer-sml-layout":"","theme-transparent-header-meta":"default","adv-header-id-meta":"","stick-header-meta":"","header-above-stick-meta":"","header-main-stick-meta":"","header-below-stick-meta":"","astra-migrate-meta-layouts":"set","ast-page-background-enabled":"default","ast-page-background-meta":{"desktop":{"background-color":"","background-image":"","background-repeat":"repeat","background-position":"center center","background-size":"auto","background-attachment":"scroll","background-type":"","background-media":"","overlay-type":"","overlay-color":"","overlay-gradient":""},"tablet":{"background-color":"","background-image":"","background-repeat":"repeat","background-position":"center center","background-size":"auto","background-attachment":"scroll","background-type":"","background-media":"","overlay-type":"","overlay-color":"","overlay-gradient":""},"mobile":{"background-color":"","background-image":"","background-repeat":"repeat","background-position":"center center","background-size":"auto","background-attachment":"scroll","background-type":"","background-media":"","overlay-type":"","overlay-color":"","overlay-gradient":""}},"ast-content-background-meta":{"desktop":{"background-color":"var(--ast-global-color-5)","background-image":"","background-repeat":"repeat","background-position":"center center","background-size":"auto","background-attachment":"scroll","background-type":"","background-media":"","overlay-type":"","overlay-color":"","overlay-gradient":""},"tablet":{"background-color":"var(--ast-global-color-5)","background-image":"","background-repeat":"repeat","background-position":"center center","background-size":"auto","background-attachment":"scroll","background-type":"","background-media":"","overlay-type":"","overlay-color":"","overlay-gradient":""},"mobile":{"background-color":"var(--ast-global-color-5)","background-image":"","background-repeat":"repeat","background-position":"center center","background-size":"auto","background-attachment":"scroll","background-type":"","background-media":"","overlay-type":"","overlay-color":"","overlay-gradient":""}}},"product_cat":[52],"product_tag":[],"class_list":{"0":"post-1438","1":"product","2":"type-product","3":"status-publish","4":"has-post-thumbnail","6":"product_cat-meishi","7":"desktop-align-left","8":"tablet-align-left","9":"mobile-align-left","11":"first","12":"instock","13":"shipping-taxable","14":"product-type-simple"},"_links":{"self":[{"href":"https:\/\/www.xminsulation.com\/de\/wp-json\/wp\/v2\/product\/1438","targetHints":{"allow":["GET"]}}],"collection":[{"href":"https:\/\/www.xminsulation.com\/de\/wp-json\/wp\/v2\/product"}],"about":[{"href":"https:\/\/www.xminsulation.com\/de\/wp-json\/wp\/v2\/types\/product"}],"wp:featuredmedia":[{"embeddable":true,"href":"https:\/\/www.xminsulation.com\/de\/wp-json\/wp\/v2\/media\/1439"}],"wp:attachment":[{"href":"https:\/\/www.xminsulation.com\/de\/wp-json\/wp\/v2\/media?parent=1438"}],"wp:term":[{"taxonomy":"product_cat","embeddable":true,"href":"https:\/\/www.xminsulation.com\/de\/wp-json\/wp\/v2\/product_cat?post=1438"},{"taxonomy":"product_tag","embeddable":true,"href":"https:\/\/www.xminsulation.com\/de\/wp-json\/wp\/v2\/product_tag?post=1438"}],"curies":[{"name":"wp","href":"https:\/\/api.w.org\/{rel}","templated":true}]}}