{"id":1424,"date":"2024-05-07T16:53:03","date_gmt":"2024-05-07T08:53:03","guid":{"rendered":"http:\/\/www.xminsulation.com\/?post_type=product&#038;p=1424"},"modified":"2024-05-15T16:23:32","modified_gmt":"2024-05-15T08:23:32","slug":"mph-15kvx200a-x600a-hybrid-bus","status":"publish","type":"product","link":"https:\/\/www.xminsulation.com\/de\/product\/mph-15kvx200a-x600a-hybrid-bus\/","title":{"rendered":"MPH-15kV\u00d7200A\/\u00d7600A Hybridbus"},"content":{"rendered":"<p><img fetchpriority=\"high\" decoding=\"async\" class=\"alignnone wp-image-1426 size-full\" src=\"http:\/\/www.xminsulation.com\/wp-content\/uploads\/2024\/05\/\u56fe\u7247225.png\" alt=\"\" width=\"587\" height=\"242\" srcset=\"https:\/\/www.xminsulation.com\/wp-content\/uploads\/2024\/05\/\u56fe\u7247225.png 587w, https:\/\/www.xminsulation.com\/wp-content\/uploads\/2024\/05\/\u56fe\u7247225-300x124.png 300w\" sizes=\"(max-width: 587px) 100vw, 587px\" \/><\/p>\n<h2><strong><b>Allgemeine Informationen<\/b><\/strong><\/h2>\n<p>And T type cable connector T- type ll cable connector or elbow type cable connector, flexible configuration. Can be customized according to customer requirements, various 200A and 600A hybrid bus.<\/p>\n<p><img decoding=\"async\" class=\"alignnone wp-image-1427 size-full\" src=\"http:\/\/www.xminsulation.com\/wp-content\/uploads\/2024\/05\/\u56fe\u7247226.png\" alt=\"\" width=\"1026\" height=\"734\" srcset=\"https:\/\/www.xminsulation.com\/wp-content\/uploads\/2024\/05\/\u56fe\u7247226.png 1026w, https:\/\/www.xminsulation.com\/wp-content\/uploads\/2024\/05\/\u56fe\u7247226-300x215.png 300w, https:\/\/www.xminsulation.com\/wp-content\/uploads\/2024\/05\/\u56fe\u7247226-1024x733.png 1024w, https:\/\/www.xminsulation.com\/wp-content\/uploads\/2024\/05\/\u56fe\u7247226-768x549.png 768w, https:\/\/www.xminsulation.com\/wp-content\/uploads\/2024\/05\/\u56fe\u7247226-600x429.png 600w\" sizes=\"(max-width: 1026px) 100vw, 1026px\" \/> <img decoding=\"async\" class=\"alignnone wp-image-1428 size-full\" src=\"http:\/\/www.xminsulation.com\/wp-content\/uploads\/2024\/05\/\u56fe\u7247227.png\" alt=\"\" width=\"1138\" height=\"248\" srcset=\"https:\/\/www.xminsulation.com\/wp-content\/uploads\/2024\/05\/\u56fe\u7247227.png 1138w, https:\/\/www.xminsulation.com\/wp-content\/uploads\/2024\/05\/\u56fe\u7247227-300x65.png 300w, https:\/\/www.xminsulation.com\/wp-content\/uploads\/2024\/05\/\u56fe\u7247227-1024x223.png 1024w, https:\/\/www.xminsulation.com\/wp-content\/uploads\/2024\/05\/\u56fe\u7247227-768x167.png 768w, https:\/\/www.xminsulation.com\/wp-content\/uploads\/2024\/05\/\u56fe\u7247227-600x131.png 600w\" sizes=\"(max-width: 1138px) 100vw, 1138px\" \/><\/p>\n<p>&nbsp;<\/p>\n<div class=\"wxts\">\n<h2>\u25c6Spezielle Anpassung<\/h2>\n<p>Die oben genannten Parameter sind typische Daten. Wenn die vorhandenen Stile nicht Ihren speziellen Anforderungen entsprechen, kontaktieren Sie uns bitte f\u00fcr ein individuelles Design. Wir verf\u00fcgen \u00fcber bedeutende F\u00e4higkeiten in der Entwicklung und Produktion individueller Anpassungen, sodass wir Kunden auf der ganzen Welt ma\u00dfgeschneiderte L\u00f6sungen bieten k\u00f6nnen.<\/p>\n<\/div>","protected":false},"excerpt":{"rendered":"<p>General Information And T type cable connector T- type ll cable connector or elbow type cable connector, flexible configuration. Can be customized according to customer requirements, various 200A and 600A hybrid bus. &nbsp; \u25c6Special Customization The above parameters\u00a0are typical data; if the existing styles do not meet your specific demands, please contact us for a [&hellip;]<\/p>","protected":false},"featured_media":1425,"template":"","meta":{"site-sidebar-layout":"default","site-content-layout":"","ast-site-content-layout":"default","site-content-style":"default","site-sidebar-style":"default","ast-global-header-display":"","ast-banner-title-visibility":"","ast-main-header-display":"","ast-hfb-above-header-display":"","ast-hfb-below-header-display":"","ast-hfb-mobile-header-display":"","site-post-title":"","ast-breadcrumbs-content":"","ast-featured-img":"","footer-sml-layout":"","theme-transparent-header-meta":"default","adv-header-id-meta":"","stick-header-meta":"","header-above-stick-meta":"","header-main-stick-meta":"","header-below-stick-meta":"","astra-migrate-meta-layouts":"set","ast-page-background-enabled":"default","ast-page-background-meta":{"desktop":{"background-color":"","background-image":"","background-repeat":"repeat","background-position":"center center","background-size":"auto","background-attachment":"scroll","background-type":"","background-media":"","overlay-type":"","overlay-color":"","overlay-gradient":""},"tablet":{"background-color":"","background-image":"","background-repeat":"repeat","background-position":"center center","background-size":"auto","background-attachment":"scroll","background-type":"","background-media":"","overlay-type":"","overlay-color":"","overlay-gradient":""},"mobile":{"background-color":"","background-image":"","background-repeat":"repeat","background-position":"center center","background-size":"auto","background-attachment":"scroll","background-type":"","background-media":"","overlay-type":"","overlay-color":"","overlay-gradient":""}},"ast-content-background-meta":{"desktop":{"background-color":"var(--ast-global-color-5)","background-image":"","background-repeat":"repeat","background-position":"center center","background-size":"auto","background-attachment":"scroll","background-type":"","background-media":"","overlay-type":"","overlay-color":"","overlay-gradient":""},"tablet":{"background-color":"var(--ast-global-color-5)","background-image":"","background-repeat":"repeat","background-position":"center center","background-size":"auto","background-attachment":"scroll","background-type":"","background-media":"","overlay-type":"","overlay-color":"","overlay-gradient":""},"mobile":{"background-color":"var(--ast-global-color-5)","background-image":"","background-repeat":"repeat","background-position":"center center","background-size":"auto","background-attachment":"scroll","background-type":"","background-media":"","overlay-type":"","overlay-color":"","overlay-gradient":""}}},"product_cat":[52],"product_tag":[],"class_list":{"0":"post-1424","1":"product","2":"type-product","3":"status-publish","4":"has-post-thumbnail","6":"product_cat-meishi","7":"desktop-align-left","8":"tablet-align-left","9":"mobile-align-left","11":"first","12":"instock","13":"shipping-taxable","14":"product-type-simple"},"_links":{"self":[{"href":"https:\/\/www.xminsulation.com\/de\/wp-json\/wp\/v2\/product\/1424","targetHints":{"allow":["GET"]}}],"collection":[{"href":"https:\/\/www.xminsulation.com\/de\/wp-json\/wp\/v2\/product"}],"about":[{"href":"https:\/\/www.xminsulation.com\/de\/wp-json\/wp\/v2\/types\/product"}],"wp:featuredmedia":[{"embeddable":true,"href":"https:\/\/www.xminsulation.com\/de\/wp-json\/wp\/v2\/media\/1425"}],"wp:attachment":[{"href":"https:\/\/www.xminsulation.com\/de\/wp-json\/wp\/v2\/media?parent=1424"}],"wp:term":[{"taxonomy":"product_cat","embeddable":true,"href":"https:\/\/www.xminsulation.com\/de\/wp-json\/wp\/v2\/product_cat?post=1424"},{"taxonomy":"product_tag","embeddable":true,"href":"https:\/\/www.xminsulation.com\/de\/wp-json\/wp\/v2\/product_tag?post=1424"}],"curies":[{"name":"wp","href":"https:\/\/api.w.org\/{rel}","templated":true}]}}