{"id":1365,"date":"2024-05-07T16:06:08","date_gmt":"2024-05-07T08:06:08","guid":{"rendered":"http:\/\/www.xminsulation.com\/?post_type=product&#038;p=1365"},"modified":"2024-05-15T16:28:50","modified_gmt":"2024-05-15T08:28:50","slug":"35kv-cold-shrinkable-power-cable-terminal","status":"publish","type":"product","link":"https:\/\/www.xminsulation.com\/de\/product\/35kv-cold-shrinkable-power-cable-terminal\/","title":{"rendered":"Kaltschrumpfbare Stromkabelklemme, 35 kV"},"content":{"rendered":"<h1><img fetchpriority=\"high\" decoding=\"async\" class=\"alignnone wp-image-1367 size-full\" src=\"http:\/\/www.xminsulation.com\/wp-content\/uploads\/2024\/05\/\u56fe\u7247185.png\" alt=\"\" width=\"1152\" height=\"824\" srcset=\"https:\/\/www.xminsulation.com\/wp-content\/uploads\/2024\/05\/\u56fe\u7247185.png 1152w, https:\/\/www.xminsulation.com\/wp-content\/uploads\/2024\/05\/\u56fe\u7247185-300x215.png 300w, https:\/\/www.xminsulation.com\/wp-content\/uploads\/2024\/05\/\u56fe\u7247185-1024x732.png 1024w, https:\/\/www.xminsulation.com\/wp-content\/uploads\/2024\/05\/\u56fe\u7247185-768x549.png 768w, https:\/\/www.xminsulation.com\/wp-content\/uploads\/2024\/05\/\u56fe\u7247185-600x429.png 600w\" sizes=\"(max-width: 1152px) 100vw, 1152px\" \/> <img decoding=\"async\" class=\"alignnone wp-image-1368 size-full\" src=\"http:\/\/www.xminsulation.com\/wp-content\/uploads\/2024\/05\/\u56fe\u7247186-1.png\" alt=\"\" width=\"1000\" height=\"1000\" srcset=\"https:\/\/www.xminsulation.com\/wp-content\/uploads\/2024\/05\/\u56fe\u7247186-1.png 1000w, https:\/\/www.xminsulation.com\/wp-content\/uploads\/2024\/05\/\u56fe\u7247186-1-300x300.png 300w, https:\/\/www.xminsulation.com\/wp-content\/uploads\/2024\/05\/\u56fe\u7247186-1-150x150.png 150w, https:\/\/www.xminsulation.com\/wp-content\/uploads\/2024\/05\/\u56fe\u7247186-1-768x768.png 768w, https:\/\/www.xminsulation.com\/wp-content\/uploads\/2024\/05\/\u56fe\u7247186-1-600x600.png 600w, https:\/\/www.xminsulation.com\/wp-content\/uploads\/2024\/05\/\u56fe\u7247186-1-100x100.png 100w\" sizes=\"(max-width: 1000px) 100vw, 1000px\" \/> <img decoding=\"async\" class=\"alignnone wp-image-1369 size-full\" src=\"http:\/\/www.xminsulation.com\/wp-content\/uploads\/2024\/05\/\u56fe\u7247187.png\" alt=\"\" width=\"1000\" height=\"1000\" srcset=\"https:\/\/www.xminsulation.com\/wp-content\/uploads\/2024\/05\/\u56fe\u7247187.png 1000w, https:\/\/www.xminsulation.com\/wp-content\/uploads\/2024\/05\/\u56fe\u7247187-300x300.png 300w, https:\/\/www.xminsulation.com\/wp-content\/uploads\/2024\/05\/\u56fe\u7247187-150x150.png 150w, https:\/\/www.xminsulation.com\/wp-content\/uploads\/2024\/05\/\u56fe\u7247187-768x768.png 768w, https:\/\/www.xminsulation.com\/wp-content\/uploads\/2024\/05\/\u56fe\u7247187-600x600.png 600w, https:\/\/www.xminsulation.com\/wp-content\/uploads\/2024\/05\/\u56fe\u7247187-100x100.png 100w\" sizes=\"(max-width: 1000px) 100vw, 1000px\" \/> <img loading=\"lazy\" decoding=\"async\" class=\"alignnone wp-image-1370 size-full\" src=\"http:\/\/www.xminsulation.com\/wp-content\/uploads\/2024\/05\/\u56fe\u7247188.png\" alt=\"\" width=\"988\" height=\"774\" srcset=\"https:\/\/www.xminsulation.com\/wp-content\/uploads\/2024\/05\/\u56fe\u7247188.png 988w, https:\/\/www.xminsulation.com\/wp-content\/uploads\/2024\/05\/\u56fe\u7247188-300x235.png 300w, https:\/\/www.xminsulation.com\/wp-content\/uploads\/2024\/05\/\u56fe\u7247188-768x602.png 768w, https:\/\/www.xminsulation.com\/wp-content\/uploads\/2024\/05\/\u56fe\u7247188-600x470.png 600w\" sizes=\"(max-width: 988px) 100vw, 988px\" \/><\/h1>\n<h2><strong><b>35kV\u6237\u5185\u5916\u51b7\u6536\u7f29\u7ba1<\/b><\/strong><\/h2>\n<h2><strong><b>35kV Cold Shrink Cable Joint \/ 35kV Cold Shrinkable Power Cable Terminal<\/b><\/strong><\/h2>\n<p>Kaltschrumpfkabelverbindungen bestehen aus fl\u00fcssigem Silikonkautschuk und EPDM-Kautschuk mit hydrophober Wirkung. Hohe Elastizit\u00e4t und Schrumpff\u00e4higkeit sorgen f\u00fcr einen starken und konstanten aktiven Druck zwischen Gummi und Kabel, der auf sich unter Lastzyklen ausdehnende oder schrumpfende Kabeldurchmesser reagieren kann.<\/p>\n<h2><strong>Kraft und Technologie<\/strong><\/h2>\n<p>Cold contraction cable accessories is the use of elastic material (commonly used with silicone rubber and EPDM rubber) in the injection molding equipment vulcanization injection molding, and then by expanding and lined with plastic spiral support composed of various cable accessories. When the installation is in place, the pre expansion parts are sheathed at the end or the joint of the processed cable, and draw out the inner supporting plastic spiral strip (support), which is pressed on the cable insulation. Because it is at room temperature by\u00a0elastic recoil force, rather than like heat shrink cable accessories to be used to heat the contraction, it is commonly known as the cold shrink cable accessories. Early cold contraction cable terminal head just additional silicone rubber insulation used and contraction parts, electric field treatment still use should stress cone type or stress zone around the package.<\/p>\n<p>Heutzutage werden im Allgemeinen Kaltkontraktions-Spannungskontrollrohre verwendet, die Spannung liegt zwischen 10 und 35 kV. Kaltkontraktionskabelverbindungen, bei 1 kV wird das Kaltkontraktions-Isolierrohr zur Verst\u00e4rkung der Isolierung verwendet, bei 10 kV wird das Kaltkontraktions-Isolierst\u00fcck an der Innenseite und Au\u00dfenseite der halbleitenden Abschirmung der Verbindungsstelle verwendet. Dreiadrige Kabelanschlussgabelung mit Kaltkontraktionssatzabzweigung.<\/p>\n<h2><strong>Die Eigenschaften von kaltschrumpfbaren Kabelgarnituren<\/strong><\/h2>\n<p>Nutzen Sie die modernste Kaltlufttechnologie. F\u00fcr die Installation werden weder B\u00f6rdelarbeiten noch Spezialwerkzeuge ben\u00f6tigt. Ziehen Sie einfach den Leitungskern heraus, und der elastische K\u00f6rper schrumpft schnell und passt sich der Installationsstelle an.<\/p>\n<p>Silikonkautschuk hat eine ausgezeichnete Isolierung und hohe Elastizit\u00e4t. Nach der Installation bleibt der Kabelk\u00f6rper ausreichend radial gepresst, sodass die Grenzfl\u00e4chenbindung nicht durch das Kabel bricht und atmet. Der Spannungskontrollteil und der Hauptisolationsverbund sind integriert, wodurch das Problem der elektrischen Spannungskonzentration in der \u00e4u\u00dferen Abschirmfl\u00e4che des Kabels effektiv gel\u00f6st wird, was die Zuverl\u00e4ssigkeit der Isolierung und die Betriebssicherheit gew\u00e4hrleistet. Alle Produkte wurden in der Fabrik hergestellt. Ohne spezielle Schulung sind die Installation und Bedienung einfach und es besteht kein Feuer, es spart Zeit und Arbeit, die Technologie f\u00fcr automatisches R\u00fccksetzen bei K\u00e4lteschrumpfung ist einfach und m\u00fchelos zu installieren, was die durch unsachgem\u00e4\u00dfe Bedienung verursachten Qualit\u00e4tsunf\u00e4lle erheblich reduziert und das Problem der Kontraktion vorgefertigter Kabelzubeh\u00f6rteile l\u00f6st, die nicht fest sitzen oder nicht passen.<\/p>\n<h2><strong>Zusammenfassung<\/strong><\/h2>\n<p>Das Isoliermaterial f\u00fcr die Anschl\u00fcsse besteht aus hochwertigem Silikonkautschuk und weist eine gute wasserabweisende Wirkung auf. Wenn die Tropfen nach dem Abrollen nach unten laufen, bildet sich kein leitender Wasserfilm und es weist wasserabweisende, selbstheilende Eigenschaften auf. Dar\u00fcber hinaus weist es eine starke Isolierung, Widerstandsf\u00e4higkeit, Korrosionsbest\u00e4ndigkeit und UV-Best\u00e4ndigkeit auf. Der gr\u00f6\u00dfte Vorteil besteht darin, dass es bei langfristiger Nutzung eine stabile Leistung gew\u00e4hrleistet. Lange Lebensdauer, die gleiche Lebensdauer wie die des Kabelk\u00f6rpers.<\/p>\n<p>Der Anschlusskopf des Zubeh\u00f6rkabels verf\u00fcgt \u00fcber eine einzigartige Materialformel und ein einzigartiges Herstellungsverfahren, wodurch die Hauptisolierung des Kabels eng anliegt, der Kabelk\u00f6rper einen konstanten Radialdruck, eine geringe Teilentladung und eine hohe Startspannung bietet, der Impulsisolationsgrad h\u00f6her ist als das Niveau bestehender Standards und der Kabelk\u00f6rper \u201eatmet\u201c.<\/p>\n<p>The national standard GB50168-92 &#8216;cable line construction and acceptance code section 6.1.3 provides: the manufacture of plastic insulated power cable terminals and connectors, should prevent dust, debris fall into the insulation. Is strictly prohibited in the fog or rain&#8221;. If we do not pay attention to the influence of environmental factors in the production, will cable head\u00a0insulation due to dust, impurities, such as the formation of air gap and under strong electric field occurred partial discharge (PD), and then to insulation breakdown, resulting in the breakdown of cable head fault. If made in a humid environment, cable is easy to be affected with damp and makes the overall reduction in the level of insulation. In addition, it is also easy to moisture from entering the gap formation and the emergence of partial discharge.<\/p>\n<p><img loading=\"lazy\" decoding=\"async\" class=\"alignnone wp-image-1371 size-full\" src=\"http:\/\/www.xminsulation.com\/wp-content\/uploads\/2024\/05\/\u56fe\u7247189.png\" alt=\"\" width=\"750\" height=\"984\" srcset=\"https:\/\/www.xminsulation.com\/wp-content\/uploads\/2024\/05\/\u56fe\u7247189.png 750w, https:\/\/www.xminsulation.com\/wp-content\/uploads\/2024\/05\/\u56fe\u7247189-229x300.png 229w, https:\/\/www.xminsulation.com\/wp-content\/uploads\/2024\/05\/\u56fe\u7247189-600x787.png 600w\" sizes=\"(max-width: 750px) 100vw, 750px\" \/><\/p>\n<h2><strong>Analyse der Kaltschrumpfinstallation:<\/strong><\/h2>\n<p>1. Alle Silikonkautschuke bestehen aus hochwertigem Fl\u00fcssigsilikonkautschuk mit hervorragender Isolierung und hoher Elastizit\u00e4t.<\/p>\n<p>2. Durch das \u201eAtmen\u201c des Kabels werden Teilentladungen und Spaltentladungen wirksam reduziert.<\/p>\n<p>3. Keine magnetische Konstantfeder, Wirbelstr\u00f6me und Schwebespannungen werden vermieden.<\/p>\n<p><img loading=\"lazy\" decoding=\"async\" class=\"alignnone wp-image-1372 size-full\" src=\"http:\/\/www.xminsulation.com\/wp-content\/uploads\/2024\/05\/\u56fe\u7247190.png\" alt=\"\" width=\"479\" height=\"790\" srcset=\"https:\/\/www.xminsulation.com\/wp-content\/uploads\/2024\/05\/\u56fe\u7247190.png 479w, https:\/\/www.xminsulation.com\/wp-content\/uploads\/2024\/05\/\u56fe\u7247190-182x300.png 182w\" sizes=\"(max-width: 479px) 100vw, 479px\" \/><\/p>\n<p><strong><b>\u4e09\u82af\u51b7\u7f29\u6237\u5185\u5916\u7ec8\u7aef\u88c5\u914d\u793a\u610f\u56fe<\/b><\/strong><\/p>\n<p><strong><b>Montage <\/b><\/strong><strong><b>D<\/b><\/strong><strong><b>Diagramm von <\/b><\/strong><strong><b>T<\/b><\/strong><strong><b>drei-<\/b><\/strong><strong><b>C<\/b><\/strong><strong><b>Erz <\/b><\/strong><strong><b>C<\/b><\/strong><strong><b>alt <\/b><\/strong><strong><b>S<\/b><\/strong><strong><b>hrink <\/b><\/strong><strong><b>ICH<\/b><\/strong><strong><b>Innen- und <\/b><\/strong><strong><b>O<\/b><\/strong><strong><b>Au\u00dfenbereich <\/b><\/strong><strong><b>T<\/b><\/strong><strong><b>Anschlussklemmen<\/b><\/strong><\/p>\n<ul>\n<li>Anschlie\u00dfen von Terminals,<\/li>\n<li>J-20\u767d\u7c98\u5e26J-20 wei\u00dfes Klebeband,<\/li>\n<li>Kern,<\/li>\n<li>\u5bc6\u5c01\u80f6Dichtungsmittel,<\/li>\n<li>Versiegeltes Rohr,<\/li>\n<li>Anschlussgeh\u00e4use,<\/li>\n<li>\u4e3b\u7edd\u7f18\u5c42Hauptisolationsschicht,<\/li>\n<li>Spannungskegel<\/li>\n<li>Halbleiterindustrie,<\/li>\n<li>\u534a\u5bfc\u4f53\u5c4f\u853d\u5c42Halbleiterschild,<\/li>\n<li>\u5bc6\u5c01\u80f6Dichtungsmittel,<\/li>\n<li>\u94dc\u5c4f\u853d\u5e26Kupfer-Abschirmband,<\/li>\n<li>\u51b7\u7f29\u7edd\u7f18\u7ba1Kaltschrumpfisolierschlauch,<\/li>\n<li>Futterschicht,<\/li>\n<li>\u6052\u529b\u5f39\u7c27Konstantkraftfeder,<\/li>\n<li>\u94a2\u94e0Stahlpanzerung,<\/li>\n<li>\u586b\u5145\u80f6F\u00fcllkleber\uff0c<\/li>\n<li>\u7535\u7f06\u5916\u62a4\u5957Kabelau\u00dfenmantel,<\/li>\n<li>\u51b7\u7f29\u4e09\u652f\u5957Kaltschrumpfendes dreiteiliges Set,<\/li>\n<li>\u5c4f\u853d\u63a5\u5730\u7ebfAbgeschirmtes Erdungskabel,<\/li>\n<\/ul>\n<p>21\u3001\u94a2\u94e0\u63a5\u5730\u7ebfStahlgepanzertes Erdungskabel.<\/p>\n<h2><strong><b>Produktzubeh\u00f6rpaket<\/b><\/strong><\/h2>\n<p><img loading=\"lazy\" decoding=\"async\" class=\"alignnone wp-image-1373 size-full\" src=\"http:\/\/www.xminsulation.com\/wp-content\/uploads\/2024\/05\/\u56fe\u7247191.png\" alt=\"\" width=\"1000\" height=\"1312\" srcset=\"https:\/\/www.xminsulation.com\/wp-content\/uploads\/2024\/05\/\u56fe\u7247191.png 1000w, https:\/\/www.xminsulation.com\/wp-content\/uploads\/2024\/05\/\u56fe\u7247191-229x300.png 229w, https:\/\/www.xminsulation.com\/wp-content\/uploads\/2024\/05\/\u56fe\u7247191-780x1024.png 780w, https:\/\/www.xminsulation.com\/wp-content\/uploads\/2024\/05\/\u56fe\u7247191-768x1008.png 768w, https:\/\/www.xminsulation.com\/wp-content\/uploads\/2024\/05\/\u56fe\u7247191-600x787.png 600w\" sizes=\"(max-width: 1000px) 100vw, 1000px\" \/> <img loading=\"lazy\" decoding=\"async\" class=\"alignnone wp-image-1374 size-full\" src=\"http:\/\/www.xminsulation.com\/wp-content\/uploads\/2024\/05\/\u56fe\u7247192.png\" alt=\"\" width=\"1000\" height=\"1121\" srcset=\"https:\/\/www.xminsulation.com\/wp-content\/uploads\/2024\/05\/\u56fe\u7247192.png 1000w, https:\/\/www.xminsulation.com\/wp-content\/uploads\/2024\/05\/\u56fe\u7247192-268x300.png 268w, https:\/\/www.xminsulation.com\/wp-content\/uploads\/2024\/05\/\u56fe\u7247192-913x1024.png 913w, https:\/\/www.xminsulation.com\/wp-content\/uploads\/2024\/05\/\u56fe\u7247192-768x861.png 768w, https:\/\/www.xminsulation.com\/wp-content\/uploads\/2024\/05\/\u56fe\u7247192-600x673.png 600w\" sizes=\"(max-width: 1000px) 100vw, 1000px\" \/><\/p>\n<h2><strong>Verwendung<\/strong><\/h2>\n<p><strong>\u00a0<\/strong><\/p>\n<p>Suitable for voltage level 26kV\/355kV single core and three core cross-linked power cable connection, the role of sealing, insulation, stress evacuation. Particularly suitable for use in petroleum, chemical, mining and other inflammable and explosive places.<\/p>\n<div class=\"wxts\">\n<h2>\u25c6Spezielle Anpassung<\/h2>\n<p>Die oben genannten Parameter sind typische Daten. Wenn die vorhandenen Stile nicht Ihren speziellen Anforderungen entsprechen, kontaktieren Sie uns bitte f\u00fcr ein individuelles Design. Wir verf\u00fcgen \u00fcber bedeutende F\u00e4higkeiten in der Entwicklung und Produktion individueller Anpassungen, sodass wir Kunden auf der ganzen Welt ma\u00dfgeschneiderte L\u00f6sungen bieten k\u00f6nnen.<\/p>\n<\/div>","protected":false},"excerpt":{"rendered":"<p>35kV\u6237\u5185\u5916\u51b7\u6536\u7f29\u7ba1 35kV Cold Shrink Cable Joint \/ 35kV Cold Shrinkable Power Cable Terminal Cold shrink cable joint is made of liquid silicone rubber and EPDM rubber with hydrophobic performance. High elasticity and ability to shrink ensure powerful and constant active pressure between rubber and cable that can respond to expanding or shrinking cable diameters under [&hellip;]<\/p>","protected":false},"featured_media":1366,"template":"","meta":{"site-sidebar-layout":"default","site-content-layout":"","ast-site-content-layout":"default","site-content-style":"default","site-sidebar-style":"default","ast-global-header-display":"","ast-banner-title-visibility":"","ast-main-header-display":"","ast-hfb-above-header-display":"","ast-hfb-below-header-display":"","ast-hfb-mobile-header-display":"","site-post-title":"","ast-breadcrumbs-content":"","ast-featured-img":"","footer-sml-layout":"","theme-transparent-header-meta":"default","adv-header-id-meta":"","stick-header-meta":"","header-above-stick-meta":"","header-main-stick-meta":"","header-below-stick-meta":"","astra-migrate-meta-layouts":"set","ast-page-background-enabled":"default","ast-page-background-meta":{"desktop":{"background-color":"","background-image":"","background-repeat":"repeat","background-position":"center center","background-size":"auto","background-attachment":"scroll","background-type":"","background-media":"","overlay-type":"","overlay-color":"","overlay-gradient":""},"tablet":{"background-color":"","background-image":"","background-repeat":"repeat","background-position":"center center","background-size":"auto","background-attachment":"scroll","background-type":"","background-media":"","overlay-type":"","overlay-color":"","overlay-gradient":""},"mobile":{"background-color":"","background-image":"","background-repeat":"repeat","background-position":"center center","background-size":"auto","background-attachment":"scroll","background-type":"","background-media":"","overlay-type":"","overlay-color":"","overlay-gradient":""}},"ast-content-background-meta":{"desktop":{"background-color":"var(--ast-global-color-5)","background-image":"","background-repeat":"repeat","background-position":"center center","background-size":"auto","background-attachment":"scroll","background-type":"","background-media":"","overlay-type":"","overlay-color":"","overlay-gradient":""},"tablet":{"background-color":"var(--ast-global-color-5)","background-image":"","background-repeat":"repeat","background-position":"center center","background-size":"auto","background-attachment":"scroll","background-type":"","background-media":"","overlay-type":"","overlay-color":"","overlay-gradient":""},"mobile":{"background-color":"var(--ast-global-color-5)","background-image":"","background-repeat":"repeat","background-position":"center center","background-size":"auto","background-attachment":"scroll","background-type":"","background-media":"","overlay-type":"","overlay-color":"","overlay-gradient":""}}},"product_cat":[51],"product_tag":[],"class_list":{"0":"post-1365","1":"product","2":"type-product","3":"status-publish","4":"has-post-thumbnail","6":"product_cat-cold-shrink-tubing","7":"desktop-align-left","8":"tablet-align-left","9":"mobile-align-left","11":"first","12":"instock","13":"shipping-taxable","14":"product-type-simple"},"_links":{"self":[{"href":"https:\/\/www.xminsulation.com\/de\/wp-json\/wp\/v2\/product\/1365","targetHints":{"allow":["GET"]}}],"collection":[{"href":"https:\/\/www.xminsulation.com\/de\/wp-json\/wp\/v2\/product"}],"about":[{"href":"https:\/\/www.xminsulation.com\/de\/wp-json\/wp\/v2\/types\/product"}],"wp:featuredmedia":[{"embeddable":true,"href":"https:\/\/www.xminsulation.com\/de\/wp-json\/wp\/v2\/media\/1366"}],"wp:attachment":[{"href":"https:\/\/www.xminsulation.com\/de\/wp-json\/wp\/v2\/media?parent=1365"}],"wp:term":[{"taxonomy":"product_cat","embeddable":true,"href":"https:\/\/www.xminsulation.com\/de\/wp-json\/wp\/v2\/product_cat?post=1365"},{"taxonomy":"product_tag","embeddable":true,"href":"https:\/\/www.xminsulation.com\/de\/wp-json\/wp\/v2\/product_tag?post=1365"}],"curies":[{"name":"wp","href":"https:\/\/api.w.org\/{rel}","templated":true}]}}