{"id":1331,"date":"2024-05-07T15:34:02","date_gmt":"2024-05-07T07:34:02","guid":{"rendered":"http:\/\/www.xminsulation.com\/?post_type=product&#038;p=1331"},"modified":"2024-05-15T16:31:24","modified_gmt":"2024-05-15T08:31:24","slug":"yellow-green-color-heat-shrinkable-tube","status":"publish","type":"product","link":"https:\/\/www.xminsulation.com\/de\/product\/yellow-green-color-heat-shrinkable-tube\/","title":{"rendered":"Gelbgr\u00fcner Schrumpfschlauch"},"content":{"rendered":"<p><img fetchpriority=\"high\" decoding=\"async\" class=\"alignnone wp-image-1333 size-full\" src=\"http:\/\/www.xminsulation.com\/wp-content\/uploads\/2024\/05\/\u56fe\u7247164-1.png\" alt=\"\" width=\"751\" height=\"751\" srcset=\"https:\/\/www.xminsulation.com\/wp-content\/uploads\/2024\/05\/\u56fe\u7247164-1.png 751w, https:\/\/www.xminsulation.com\/wp-content\/uploads\/2024\/05\/\u56fe\u7247164-1-300x300.png 300w, https:\/\/www.xminsulation.com\/wp-content\/uploads\/2024\/05\/\u56fe\u7247164-1-150x150.png 150w, https:\/\/www.xminsulation.com\/wp-content\/uploads\/2024\/05\/\u56fe\u7247164-1-600x600.png 600w, https:\/\/www.xminsulation.com\/wp-content\/uploads\/2024\/05\/\u56fe\u7247164-1-100x100.png 100w\" sizes=\"(max-width: 751px) 100vw, 751px\" \/> <img decoding=\"async\" class=\"alignnone wp-image-1334 size-full\" src=\"http:\/\/www.xminsulation.com\/wp-content\/uploads\/2024\/05\/\u56fe\u7247165.png\" alt=\"\" width=\"1031\" height=\"770\" srcset=\"https:\/\/www.xminsulation.com\/wp-content\/uploads\/2024\/05\/\u56fe\u7247165.png 1031w, https:\/\/www.xminsulation.com\/wp-content\/uploads\/2024\/05\/\u56fe\u7247165-300x224.png 300w, https:\/\/www.xminsulation.com\/wp-content\/uploads\/2024\/05\/\u56fe\u7247165-1024x765.png 1024w, https:\/\/www.xminsulation.com\/wp-content\/uploads\/2024\/05\/\u56fe\u7247165-768x574.png 768w, https:\/\/www.xminsulation.com\/wp-content\/uploads\/2024\/05\/\u56fe\u7247165-600x448.png 600w\" sizes=\"(max-width: 1031px) 100vw, 1031px\" \/> <img decoding=\"async\" class=\"alignnone wp-image-1335 size-full\" src=\"http:\/\/www.xminsulation.com\/wp-content\/uploads\/2024\/05\/\u56fe\u7247166.png\" alt=\"\" width=\"1000\" height=\"539\" srcset=\"https:\/\/www.xminsulation.com\/wp-content\/uploads\/2024\/05\/\u56fe\u7247166.png 1000w, https:\/\/www.xminsulation.com\/wp-content\/uploads\/2024\/05\/\u56fe\u7247166-300x162.png 300w, https:\/\/www.xminsulation.com\/wp-content\/uploads\/2024\/05\/\u56fe\u7247166-768x414.png 768w, https:\/\/www.xminsulation.com\/wp-content\/uploads\/2024\/05\/\u56fe\u7247166-600x323.png 600w\" sizes=\"(max-width: 1000px) 100vw, 1000px\" \/><\/p>\n<p><strong><b>\u9ec4\u7eff\u70ed\u6536\u7f29\u7ba1<\/b><\/strong><\/p>\n<p><strong><b>Gelb <\/b><\/strong><strong><b>G<\/b><\/strong><strong><b>gr\u00fcn <\/b><\/strong><strong><b>Farbe H<\/b><\/strong><strong><b>essen <\/b><\/strong><strong><b>S<\/b><\/strong><strong><b>hrink<\/b><\/strong><strong><b>f\u00e4hig<\/b><\/strong><strong><b>\u00a0<\/b><\/strong><strong><b>T<\/b><\/strong><strong><b>ub<\/b><\/strong><strong><b>t<\/b><\/strong><\/p>\n<p>\u9ec4\u7eff\u70ed\u6536\u7f29\u7ba1\u5e7f\u6cdb\u5e94\u7528\u4e8e\u7535\u7ebf\u7684\u8fde\u63a5\u53ca\u672b\u7aef\u5904\u7406\u3001\u710a\u70b9\u548c\u7535\u963b\u7b49\u7684\u7edd\u7f18\u4fdd\u62a4.<\/p>\n<p>Gelbgr\u00fcner Schrumpfschlauch, der h\u00e4ufig f\u00fcr Kabelverbindungen und Endbehandlungen, L\u00f6tverbindungen und Widerstandsisolierungsschutz verwendet wird.<\/p>\n<p><img loading=\"lazy\" decoding=\"async\" class=\"alignnone wp-image-1336 size-full\" src=\"http:\/\/www.xminsulation.com\/wp-content\/uploads\/2024\/05\/\u56fe\u7247167.png\" alt=\"\" width=\"798\" height=\"770\" srcset=\"https:\/\/www.xminsulation.com\/wp-content\/uploads\/2024\/05\/\u56fe\u7247167.png 798w, https:\/\/www.xminsulation.com\/wp-content\/uploads\/2024\/05\/\u56fe\u7247167-300x289.png 300w, https:\/\/www.xminsulation.com\/wp-content\/uploads\/2024\/05\/\u56fe\u7247167-768x741.png 768w, https:\/\/www.xminsulation.com\/wp-content\/uploads\/2024\/05\/\u56fe\u7247167-600x579.png 600w\" sizes=\"(max-width: 798px) 100vw, 798px\" \/><\/p>\n<div class=\"wxts\">\n<h2>\u25c6Spezielle Anpassung<\/h2>\n<p>Die oben genannten Parameter sind typische Daten. Wenn die vorhandenen Stile nicht Ihren speziellen Anforderungen entsprechen, kontaktieren Sie uns bitte f\u00fcr ein individuelles Design. Wir verf\u00fcgen \u00fcber bedeutende F\u00e4higkeiten in der Entwicklung und Produktion individueller Anpassungen, sodass wir Kunden auf der ganzen Welt ma\u00dfgeschneiderte L\u00f6sungen bieten k\u00f6nnen.<\/p>\n<\/div>","protected":false},"excerpt":{"rendered":"<p>\u9ec4\u7eff\u70ed\u6536\u7f29\u7ba1 Yellow Green Color Heat Shrinkable\u00a0Tube \u9ec4\u7eff\u70ed\u6536\u7f29\u7ba1\u5e7f\u6cdb\u5e94\u7528\u4e8e\u7535\u7ebf\u7684\u8fde\u63a5\u53ca\u672b\u7aef\u5904\u7406\u3001\u710a\u70b9\u548c\u7535\u963b\u7b49\u7684\u7edd\u7f18\u4fdd\u62a4\u3002 Yellow Green Color Heat Shrinkable Tube\u00a0widely used in wire connection and end treatment, solder joints and resistance insulation protection. \u25c6Special Customization The above parameters\u00a0are typical data; if the existing styles do not meet your specific demands, please contact us for a custom design.We have significant personalized customization development [&hellip;]<\/p>","protected":false},"featured_media":1332,"template":"","meta":{"site-sidebar-layout":"default","site-content-layout":"","ast-site-content-layout":"default","site-content-style":"default","site-sidebar-style":"default","ast-global-header-display":"","ast-banner-title-visibility":"","ast-main-header-display":"","ast-hfb-above-header-display":"","ast-hfb-below-header-display":"","ast-hfb-mobile-header-display":"","site-post-title":"","ast-breadcrumbs-content":"","ast-featured-img":"","footer-sml-layout":"","theme-transparent-header-meta":"default","adv-header-id-meta":"","stick-header-meta":"","header-above-stick-meta":"","header-main-stick-meta":"","header-below-stick-meta":"","astra-migrate-meta-layouts":"set","ast-page-background-enabled":"default","ast-page-background-meta":{"desktop":{"background-color":"","background-image":"","background-repeat":"repeat","background-position":"center center","background-size":"auto","background-attachment":"scroll","background-type":"","background-media":"","overlay-type":"","overlay-color":"","overlay-gradient":""},"tablet":{"background-color":"","background-image":"","background-repeat":"repeat","background-position":"center center","background-size":"auto","background-attachment":"scroll","background-type":"","background-media":"","overlay-type":"","overlay-color":"","overlay-gradient":""},"mobile":{"background-color":"","background-image":"","background-repeat":"repeat","background-position":"center center","background-size":"auto","background-attachment":"scroll","background-type":"","background-media":"","overlay-type":"","overlay-color":"","overlay-gradient":""}},"ast-content-background-meta":{"desktop":{"background-color":"var(--ast-global-color-5)","background-image":"","background-repeat":"repeat","background-position":"center center","background-size":"auto","background-attachment":"scroll","background-type":"","background-media":"","overlay-type":"","overlay-color":"","overlay-gradient":""},"tablet":{"background-color":"var(--ast-global-color-5)","background-image":"","background-repeat":"repeat","background-position":"center center","background-size":"auto","background-attachment":"scroll","background-type":"","background-media":"","overlay-type":"","overlay-color":"","overlay-gradient":""},"mobile":{"background-color":"var(--ast-global-color-5)","background-image":"","background-repeat":"repeat","background-position":"center center","background-size":"auto","background-attachment":"scroll","background-type":"","background-media":"","overlay-type":"","overlay-color":"","overlay-gradient":""}}},"product_cat":[54],"product_tag":[],"class_list":{"0":"post-1331","1":"product","2":"type-product","3":"status-publish","4":"has-post-thumbnail","6":"product_cat-heat-shrink-tubing","7":"desktop-align-left","8":"tablet-align-left","9":"mobile-align-left","11":"first","12":"instock","13":"shipping-taxable","14":"product-type-simple"},"_links":{"self":[{"href":"https:\/\/www.xminsulation.com\/de\/wp-json\/wp\/v2\/product\/1331","targetHints":{"allow":["GET"]}}],"collection":[{"href":"https:\/\/www.xminsulation.com\/de\/wp-json\/wp\/v2\/product"}],"about":[{"href":"https:\/\/www.xminsulation.com\/de\/wp-json\/wp\/v2\/types\/product"}],"wp:featuredmedia":[{"embeddable":true,"href":"https:\/\/www.xminsulation.com\/de\/wp-json\/wp\/v2\/media\/1332"}],"wp:attachment":[{"href":"https:\/\/www.xminsulation.com\/de\/wp-json\/wp\/v2\/media?parent=1331"}],"wp:term":[{"taxonomy":"product_cat","embeddable":true,"href":"https:\/\/www.xminsulation.com\/de\/wp-json\/wp\/v2\/product_cat?post=1331"},{"taxonomy":"product_tag","embeddable":true,"href":"https:\/\/www.xminsulation.com\/de\/wp-json\/wp\/v2\/product_tag?post=1331"}],"curies":[{"name":"wp","href":"https:\/\/api.w.org\/{rel}","templated":true}]}}