{"id":1326,"date":"2024-05-07T12:17:41","date_gmt":"2024-05-07T04:17:41","guid":{"rendered":"http:\/\/www.xminsulation.com\/?post_type=product&#038;p=1326"},"modified":"2024-05-15T16:31:53","modified_gmt":"2024-05-15T08:31:53","slug":"heat-shrinkable-bus-terminal-box","status":"publish","type":"product","link":"https:\/\/www.xminsulation.com\/de\/product\/heat-shrinkable-bus-terminal-box\/","title":{"rendered":"W\u00e4rmeschrumpfbarer Busklemmenkasten"},"content":{"rendered":"<p><img fetchpriority=\"high\" decoding=\"async\" class=\"alignnone wp-image-1327 size-full\" src=\"http:\/\/www.xminsulation.com\/wp-content\/uploads\/2024\/05\/\u56fe\u7247161.png\" alt=\"\" width=\"876\" height=\"752\" srcset=\"https:\/\/www.xminsulation.com\/wp-content\/uploads\/2024\/05\/\u56fe\u7247161.png 876w, https:\/\/www.xminsulation.com\/wp-content\/uploads\/2024\/05\/\u56fe\u7247161-300x258.png 300w, https:\/\/www.xminsulation.com\/wp-content\/uploads\/2024\/05\/\u56fe\u7247161-768x659.png 768w, https:\/\/www.xminsulation.com\/wp-content\/uploads\/2024\/05\/\u56fe\u7247161-600x515.png 600w\" sizes=\"(max-width: 876px) 100vw, 876px\" \/><img decoding=\"async\" class=\"alignnone wp-image-1328 size-full\" src=\"http:\/\/www.xminsulation.com\/wp-content\/uploads\/2024\/05\/\u56fe\u7247162.png\" alt=\"\" width=\"1060\" height=\"664\" srcset=\"https:\/\/www.xminsulation.com\/wp-content\/uploads\/2024\/05\/\u56fe\u7247162.png 1060w, https:\/\/www.xminsulation.com\/wp-content\/uploads\/2024\/05\/\u56fe\u7247162-300x188.png 300w, https:\/\/www.xminsulation.com\/wp-content\/uploads\/2024\/05\/\u56fe\u7247162-1024x641.png 1024w, https:\/\/www.xminsulation.com\/wp-content\/uploads\/2024\/05\/\u56fe\u7247162-768x481.png 768w, https:\/\/www.xminsulation.com\/wp-content\/uploads\/2024\/05\/\u56fe\u7247162-600x376.png 600w\" sizes=\"(max-width: 1060px) 100vw, 1060px\" \/><\/p>\n<p><strong><b>\u70ed\u7f29\u6bcd\u6392\u63a5\u5934\u76d2<\/b><\/strong><\/p>\n<p><strong><b>W\u00e4rmeschrumpfbarer Busklemmenkasten<\/b><\/strong><\/p>\n<p>Schrumpfmuffenbox \u2013 Schrumpfformteil aus vernetztem Polyolefinrohr, weit verbreitet f\u00fcr den Isolationsschutz von Kupferschienenknoten in Hoch- und Niederspannungsschaltschr\u00e4nken, den Isolationsschutz von Ein- und Ausgangsknoten von Transformatoren, den Isolationsschutz von einzelnen Knoten und der Gesamtisolierung von Kupferschienen in Innen- und Au\u00dfenstationen, Freileitungen und den fortlaufenden Isolationsschutz f\u00fcr Verbindungshardware.<\/p>\n<h2><strong><b>Allgemeine Informationen<\/b><\/strong><\/h2>\n<p>Schrumpfmuffenbox \u2013 Schrumpfformteil aus vernetztem Polyolefinrohr, weit verbreitet f\u00fcr den Isolationsschutz von Kupferschienenknoten in Hoch- und Niederspannungsschaltschr\u00e4nken, den Isolationsschutz von Ein- und Ausgangsknoten von Transformatoren, den Isolationsschutz von einzelnen Knoten und der Gesamtisolierung von Kupferschienen in Innen- und Au\u00dfenstationen, Freileitungen und den fortlaufenden Isolationsschutz f\u00fcr Verbindungshardware.<\/p>\n<h2><strong><b>Produkteigenschaften<\/b><\/strong><\/h2>\n<ol>\n<li>Hervorragende Isolationsleistung, Durchschlagsfestigkeit \u226525 kV\/mm, spezifischer Volumenwiderstand \u22651\u00d71015 \u03a9\u00b7cm.<\/li>\n<li>Best\u00e4ndig gegen Leckagen, Korrosion, Korona und Rei\u00dfen.<\/li>\n<li>Verhindern Sie wirksam Personensch\u00e4den durch freiliegende elektrische Kontakte.<\/li>\n<li>Hitzebest\u00e4ndig und k\u00e4ltebest\u00e4ndig, kann es normalerweise im Temperaturbereich von -60 bis 60 \u00b0C verwendet werden.<\/li>\n<li>Verhindert wirksam Kurzschlussfehler, die durch die \u00dcberlagerung von Fremdk\u00f6rpern verursacht werden.<\/li>\n<li>Es verf\u00fcgt sowohl \u00fcber eine Funktion zum Schutz vor Stromdiebstahl als auch \u00fcber eine Funktion zur Phasenfolgeerkennung.<\/li>\n<\/ol>\n<p><img decoding=\"async\" class=\"alignnone wp-image-1330 size-full\" src=\"http:\/\/www.xminsulation.com\/wp-content\/uploads\/2024\/05\/\u56fe\u7247163.png\" alt=\"\" width=\"1064\" height=\"646\" srcset=\"https:\/\/www.xminsulation.com\/wp-content\/uploads\/2024\/05\/\u56fe\u7247163.png 1064w, https:\/\/www.xminsulation.com\/wp-content\/uploads\/2024\/05\/\u56fe\u7247163-300x182.png 300w, https:\/\/www.xminsulation.com\/wp-content\/uploads\/2024\/05\/\u56fe\u7247163-1024x622.png 1024w, https:\/\/www.xminsulation.com\/wp-content\/uploads\/2024\/05\/\u56fe\u7247163-768x466.png 768w, https:\/\/www.xminsulation.com\/wp-content\/uploads\/2024\/05\/\u56fe\u7247163-600x364.png 600w\" sizes=\"(max-width: 1064px) 100vw, 1064px\" \/><\/p>\n<p>&nbsp;<\/p>\n<div class=\"wxts\">\n<h2>\u25c6Spezielle Anpassung<\/h2>\n<p>Die oben genannten Parameter sind typische Daten. Wenn die vorhandenen Stile nicht Ihren speziellen Anforderungen entsprechen, kontaktieren Sie uns bitte f\u00fcr ein individuelles Design. Wir verf\u00fcgen \u00fcber bedeutende F\u00e4higkeiten in der Entwicklung und Produktion individueller Anpassungen, sodass wir Kunden auf der ganzen Welt ma\u00dfgeschneiderte L\u00f6sungen bieten k\u00f6nnen.<\/p>\n<\/div>\n<p>&nbsp;<\/p>","protected":false},"excerpt":{"rendered":"<p>\u70ed\u7f29\u6bcd\u6392\u63a5\u5934\u76d2 Heat Shrinkable Bus Terminal Box Heat shrink joint box &#8211; cross-linked polyolefin pipe heat shrink molding, widely used in high and low voltage switch cabinet copper bar node insulation protection, transformer inlet and outlet node insulation protection, indoor and outdoor substation individual node and overall copper bar insulation protection, overhead lines and continued Insulation [&hellip;]<\/p>","protected":false},"featured_media":1329,"template":"","meta":{"site-sidebar-layout":"default","site-content-layout":"","ast-site-content-layout":"default","site-content-style":"default","site-sidebar-style":"default","ast-global-header-display":"","ast-banner-title-visibility":"","ast-main-header-display":"","ast-hfb-above-header-display":"","ast-hfb-below-header-display":"","ast-hfb-mobile-header-display":"","site-post-title":"","ast-breadcrumbs-content":"","ast-featured-img":"","footer-sml-layout":"","theme-transparent-header-meta":"default","adv-header-id-meta":"","stick-header-meta":"","header-above-stick-meta":"","header-main-stick-meta":"","header-below-stick-meta":"","astra-migrate-meta-layouts":"set","ast-page-background-enabled":"default","ast-page-background-meta":{"desktop":{"background-color":"","background-image":"","background-repeat":"repeat","background-position":"center center","background-size":"auto","background-attachment":"scroll","background-type":"","background-media":"","overlay-type":"","overlay-color":"","overlay-gradient":""},"tablet":{"background-color":"","background-image":"","background-repeat":"repeat","background-position":"center center","background-size":"auto","background-attachment":"scroll","background-type":"","background-media":"","overlay-type":"","overlay-color":"","overlay-gradient":""},"mobile":{"background-color":"","background-image":"","background-repeat":"repeat","background-position":"center center","background-size":"auto","background-attachment":"scroll","background-type":"","background-media":"","overlay-type":"","overlay-color":"","overlay-gradient":""}},"ast-content-background-meta":{"desktop":{"background-color":"var(--ast-global-color-5)","background-image":"","background-repeat":"repeat","background-position":"center center","background-size":"auto","background-attachment":"scroll","background-type":"","background-media":"","overlay-type":"","overlay-color":"","overlay-gradient":""},"tablet":{"background-color":"var(--ast-global-color-5)","background-image":"","background-repeat":"repeat","background-position":"center center","background-size":"auto","background-attachment":"scroll","background-type":"","background-media":"","overlay-type":"","overlay-color":"","overlay-gradient":""},"mobile":{"background-color":"var(--ast-global-color-5)","background-image":"","background-repeat":"repeat","background-position":"center center","background-size":"auto","background-attachment":"scroll","background-type":"","background-media":"","overlay-type":"","overlay-color":"","overlay-gradient":""}}},"product_cat":[54],"product_tag":[],"class_list":{"0":"post-1326","1":"product","2":"type-product","3":"status-publish","4":"has-post-thumbnail","6":"product_cat-heat-shrink-tubing","7":"desktop-align-left","8":"tablet-align-left","9":"mobile-align-left","11":"first","12":"instock","13":"shipping-taxable","14":"product-type-simple"},"_links":{"self":[{"href":"https:\/\/www.xminsulation.com\/de\/wp-json\/wp\/v2\/product\/1326","targetHints":{"allow":["GET"]}}],"collection":[{"href":"https:\/\/www.xminsulation.com\/de\/wp-json\/wp\/v2\/product"}],"about":[{"href":"https:\/\/www.xminsulation.com\/de\/wp-json\/wp\/v2\/types\/product"}],"wp:featuredmedia":[{"embeddable":true,"href":"https:\/\/www.xminsulation.com\/de\/wp-json\/wp\/v2\/media\/1329"}],"wp:attachment":[{"href":"https:\/\/www.xminsulation.com\/de\/wp-json\/wp\/v2\/media?parent=1326"}],"wp:term":[{"taxonomy":"product_cat","embeddable":true,"href":"https:\/\/www.xminsulation.com\/de\/wp-json\/wp\/v2\/product_cat?post=1326"},{"taxonomy":"product_tag","embeddable":true,"href":"https:\/\/www.xminsulation.com\/de\/wp-json\/wp\/v2\/product_tag?post=1326"}],"curies":[{"name":"wp","href":"https:\/\/api.w.org\/{rel}","templated":true}]}}