{"id":1204,"date":"2024-05-07T10:27:27","date_gmt":"2024-05-07T02:27:27","guid":{"rendered":"http:\/\/www.xminsulation.com\/?post_type=product&#038;p=1204"},"modified":"2024-05-15T16:37:26","modified_gmt":"2024-05-15T08:37:26","slug":"kyn28-24kv-metal-clad-withdrawable-switchgear","status":"publish","type":"product","link":"https:\/\/www.xminsulation.com\/de\/product\/kyn28-24kv-metal-clad-withdrawable-switchgear\/","title":{"rendered":"KYN28-24kV Metallgekapselte ausziehbare Schaltanlage"},"content":{"rendered":"<p><img fetchpriority=\"high\" decoding=\"async\" class=\"alignnone wp-image-1206 size-full\" src=\"http:\/\/www.xminsulation.com\/wp-content\/uploads\/2024\/05\/\u56fe\u724766-1.jpg\" alt=\"\" width=\"800\" height=\"800\" srcset=\"https:\/\/www.xminsulation.com\/wp-content\/uploads\/2024\/05\/\u56fe\u724766-1.jpg 800w, https:\/\/www.xminsulation.com\/wp-content\/uploads\/2024\/05\/\u56fe\u724766-1-300x300.jpg 300w, https:\/\/www.xminsulation.com\/wp-content\/uploads\/2024\/05\/\u56fe\u724766-1-150x150.jpg 150w, https:\/\/www.xminsulation.com\/wp-content\/uploads\/2024\/05\/\u56fe\u724766-1-768x768.jpg 768w, https:\/\/www.xminsulation.com\/wp-content\/uploads\/2024\/05\/\u56fe\u724766-1-600x600.jpg 600w, https:\/\/www.xminsulation.com\/wp-content\/uploads\/2024\/05\/\u56fe\u724766-1-100x100.jpg 100w\" sizes=\"(max-width: 800px) 100vw, 800px\" \/><\/p>\n<h2><strong><b>Allgemeine Informationen<\/b><\/strong><\/h2>\n<p>Die gepanzerte, ausfahrbare AC-Schaltanlage KYN28-24 mit Metallgeh\u00e4use eignet sich f\u00fcr dreiphasige Innenstromversorgungssysteme mit 50\/60 Hz und einer Nennspannung von 24 kV. Sie wird haupts\u00e4chlich in Kraftwerken, Umspannwerken, Industrie- und Bergbauunternehmen sowie Hochh\u00e4usern eingesetzt. Sie empf\u00e4ngt und verteilt elektrische Energie und steuert, sch\u00fctzt und \u00fcberwacht Stromkreise.<\/p>\n<p>Die Schaltanlage KYN28-24 verf\u00fcgt \u00fcber verschiedene Funktionen zur Vermeidung von Fehlbedienungen. Dazu geh\u00f6rt die Verhinderung, dass sich der Handwagen mit Last bewegt, die Verhinderung, dass der Erdungsschalter den Leistungsschalter in der geschlossenen Position schlie\u00dft, die Verhinderung, dass der Erdungsschalter eingeschaltet wird und die Verhinderung eines versehentlichen Betretens des stromf\u00fchrenden Abteils.<\/p>\n<p>Die Schaltanlage ist mit Mittelspannungs-Vakuum-Leistungsschaltern der Serien VS1 und VN2 sowie versiegelten Vakuumschaltern mit hervorragender Leistung ausgestattet. Der Sekund\u00e4rkreis der Schaltanlage ist mit innovativen und zuverl\u00e4ssigen Steuerungs- und Schutzkomponenten ausgestattet. Die Sammelschiene besteht aus w\u00e4rmeschrumpfbarem Isoliermaterial oder sauerstoffbeschichtetem Isoliermaterial, die Elektrodenform ist optimiert und der Geh\u00e4useaufbau kompakt. Diese Schaltanlage ist technologisch innovativ, bietet stabile Leistung und ist praxisgerecht aufgebaut. Sie ist eine benutzerfreundliche, sichere und zuverl\u00e4ssige Stromverteilungsanlage.<\/p>\n<p>Dieses Produkt entspricht GB 3906, IEC 62271-200 und anderen Standardanforderungen.<\/p>\n<p><img decoding=\"async\" class=\"alignnone wp-image-1207 size-full\" src=\"http:\/\/www.xminsulation.com\/wp-content\/uploads\/2024\/05\/\u56fe\u724767-1.png\" alt=\"\" width=\"1000\" height=\"556\" srcset=\"https:\/\/www.xminsulation.com\/wp-content\/uploads\/2024\/05\/\u56fe\u724767-1.png 1000w, https:\/\/www.xminsulation.com\/wp-content\/uploads\/2024\/05\/\u56fe\u724767-1-300x167.png 300w, https:\/\/www.xminsulation.com\/wp-content\/uploads\/2024\/05\/\u56fe\u724767-1-768x427.png 768w, https:\/\/www.xminsulation.com\/wp-content\/uploads\/2024\/05\/\u56fe\u724767-1-600x334.png 600w\" sizes=\"(max-width: 1000px) 100vw, 1000px\" \/><\/p>\n<h2><strong><b>Verwendung <\/b><\/strong><strong><b>E<\/b><\/strong><strong><b>Umgebung<\/b><\/strong><\/h2>\n<ol>\n<li>Umgebungstemperatur: Maximaltemperatur +40 \u00b0C, Minimaltemperatur -15 \u00b0C, und der innerhalb von 24 Stunden gemessene Durchschnittswert \u00fcberschreitet 35 \u00b0C nicht.<\/li>\n<li>Die Luftfeuchtigkeit ist wie folgt: Die durchschnittliche t\u00e4gliche relative Luftfeuchtigkeit \u00fcberschreitet nicht 95%, der durchschnittliche t\u00e4gliche Wasserdampfdruck \u00fcberschreitet nicht 2,2 kPa und der durchschnittliche monatliche Wasserdampfdruck \u00fcberschreitet nicht 1,8 kPa. Unter diesen Bedingungen kann es gelegentlich zu Kondensation kommen.<\/li>\n<li>Die H\u00f6he \u00fcberschreitet nicht 1000 m.<\/li>\n<li>Die umgebende Luft wird nicht nennenswert durch Staub, Rauch, \u00e4tzende und\/oder brennbare Gase, D\u00e4mpfe oder Salznebel verunreinigt.<\/li>\n<li>Vibrationen oder Bodenbewegungen von au\u00dferhalb der Schalt- und Steuerungsanlage k\u00f6nnen vernachl\u00e4ssigt werden.<\/li>\n<li>Die Amplitude der im Sekund\u00e4rsystem induzierten elektromagnetischen St\u00f6rungen \u00fcberschreitet 1,6 KV nicht.<\/li>\n<li>Besondere Nutzungsbedingungen: Bei Einsatz unter normalen Umgebungsbedingungen, die \u00fcber die in GB\/T11022 festgelegten Bedingungen hinausgehen, k\u00f6nnen Unternehmen und Anwender besondere Betriebsbedingungen vereinbaren. Um Kondensation zu vermeiden, ist die Schaltanlage mit einer Heizung ausgestattet, die im Standby-Modus eingeschaltet werden sollte. Achten Sie auch darauf, die Heizung im Normalbetrieb der Schaltanlage einzuschalten.<\/li>\n<\/ol>\n<h2><strong><b>Struktur und <\/b><\/strong><strong><b>B<\/b><\/strong><strong><b>Arbeiten <\/b><\/strong><strong><b>P<\/b><\/strong><strong><b>Prinzip<\/b><\/strong><\/h2>\n<p>Die Schaltanlage KYN28-24 besteht aus zwei Teilen: dem Schrank und dem abnehmbaren Teil (allgemein als Handwagen bekannt). Der Schrank ist durch Metalltrennw\u00e4nde in mehrere Funktionsbereiche unterteilt, z. B. Sammelschienenraum, Leistungsschalterraum, Kabelraum, Relais-Instrumentenraum usw. Die abnehmbaren Teile der Schaltanlage k\u00f6nnen mit Handwagen f\u00fcr Vakuum-Leistungsschalter, Spannungswandler, Ableiter, Trenner und Sicherungen usw. ausgestattet werden.<\/p>\n<p><img decoding=\"async\" class=\"alignnone wp-image-1208 size-full\" src=\"http:\/\/www.xminsulation.com\/wp-content\/uploads\/2024\/05\/\u56fe\u724768-1.png\" alt=\"\" width=\"1002\" height=\"713\" srcset=\"https:\/\/www.xminsulation.com\/wp-content\/uploads\/2024\/05\/\u56fe\u724768-1.png 1002w, https:\/\/www.xminsulation.com\/wp-content\/uploads\/2024\/05\/\u56fe\u724768-1-300x213.png 300w, https:\/\/www.xminsulation.com\/wp-content\/uploads\/2024\/05\/\u56fe\u724768-1-768x546.png 768w, https:\/\/www.xminsulation.com\/wp-content\/uploads\/2024\/05\/\u56fe\u724768-1-600x427.png 600w\" sizes=\"(max-width: 1002px) 100vw, 1002px\" \/><\/p>\n<p>Ein Busraum.<\/p>\n<p>B\u3001\u65ad\u8def\u5668\u624b\u8f66\u5ba4Handwagenraum f\u00fcr Leistungsschalter.<\/p>\n<p>C\u3001\u7535\u7f06\u5ba4Kabelraum.<\/p>\n<p>D\u3001\u7ee7\u7535\u5668\u4eea\u8868\u5ba4Relais-Instrumentenraum.<\/p>\n<p><img loading=\"lazy\" decoding=\"async\" class=\"alignnone wp-image-1209 size-full\" src=\"http:\/\/www.xminsulation.com\/wp-content\/uploads\/2024\/05\/\u56fe\u724769.jpg\" alt=\"\" width=\"1000\" height=\"995\" srcset=\"https:\/\/www.xminsulation.com\/wp-content\/uploads\/2024\/05\/\u56fe\u724769.jpg 1000w, https:\/\/www.xminsulation.com\/wp-content\/uploads\/2024\/05\/\u56fe\u724769-300x300.jpg 300w, https:\/\/www.xminsulation.com\/wp-content\/uploads\/2024\/05\/\u56fe\u724769-150x150.jpg 150w, https:\/\/www.xminsulation.com\/wp-content\/uploads\/2024\/05\/\u56fe\u724769-768x764.jpg 768w, https:\/\/www.xminsulation.com\/wp-content\/uploads\/2024\/05\/\u56fe\u724769-600x597.jpg 600w, https:\/\/www.xminsulation.com\/wp-content\/uploads\/2024\/05\/\u56fe\u724769-100x100.jpg 100w\" sizes=\"(max-width: 1000px) 100vw, 1000px\" \/><\/p>\n<p>1\u3001\u4e8c\u6b21\u63d2\u5934Sekund\u00e4rstecker.<\/p>\n<p>2\u3001\u5206\u5408\u6307\u793a\u00d6ffnungs- und Schlie\u00dfanzeige.<\/p>\n<p>3\u3001\u50a8\u80fd\u6307\u793aEnergiespeicheranzeige.<\/p>\n<p>4\u3001\u8ba1\u6570\u5668Z\u00e4hler.<\/p>\n<p>5\u3001\u5206\u95f8\u6309\u94ae\u00d6ffnungstaste.<\/p>\n<p>6\u3001\u5408\u95f8\u6309\u94aeSchlie\u00dfen-Taste.<\/p>\n<p>7\u3001\u624b\u52a8\u50a8\u80fdManuelle Energiespeicherung.<\/p>\n<p>8\u3001\u6447\u8fdb\u673a\u6784Shake-in-Mechanismus.<\/p>\n<p>9\u3001\u8f6c\u8fd0\u8f66\u9501\u5b54Schl\u00fcsselloch des Transferfahrzeugs.<\/p>\n<p>10\u3001\u8f6c\u8fd0\u8f66\u5b9a\u4f4dFahrzeugpositionierung \u00fcbertragen.<\/p>\n<p>11\u3001\u63a5\u5730\u5f00\u5173Erdungsschalter.<\/p>\n<p>12\u3001Notfall-Entriegelung.<\/p>\n<h2><strong><b>Einbauma\u00dfzeichnung<\/b><\/strong><\/h2>\n<p><img loading=\"lazy\" decoding=\"async\" class=\"alignnone wp-image-1211 size-full\" src=\"http:\/\/www.xminsulation.com\/wp-content\/uploads\/2024\/05\/\u56fe\u724770.jpg\" alt=\"\" width=\"1000\" height=\"1634\" srcset=\"https:\/\/www.xminsulation.com\/wp-content\/uploads\/2024\/05\/\u56fe\u724770.jpg 1000w, https:\/\/www.xminsulation.com\/wp-content\/uploads\/2024\/05\/\u56fe\u724770-184x300.jpg 184w, https:\/\/www.xminsulation.com\/wp-content\/uploads\/2024\/05\/\u56fe\u724770-627x1024.jpg 627w, https:\/\/www.xminsulation.com\/wp-content\/uploads\/2024\/05\/\u56fe\u724770-768x1255.jpg 768w, https:\/\/www.xminsulation.com\/wp-content\/uploads\/2024\/05\/\u56fe\u724770-940x1536.jpg 940w, https:\/\/www.xminsulation.com\/wp-content\/uploads\/2024\/05\/\u56fe\u724770-600x980.jpg 600w\" sizes=\"(max-width: 1000px) 100vw, 1000px\" \/><\/p>\n<p>&nbsp;<\/p>\n<div class=\"wxts\">\n<h2>\u25c6Spezielle Anpassung<\/h2>\n<p>Die oben genannten Parameter sind typische Daten. Wenn die vorhandenen Stile nicht Ihren speziellen Anforderungen entsprechen, kontaktieren Sie uns bitte f\u00fcr ein individuelles Design. Wir verf\u00fcgen \u00fcber bedeutende F\u00e4higkeiten in der Entwicklung und Produktion individueller Anpassungen, sodass wir Kunden auf der ganzen Welt ma\u00dfgeschneiderte L\u00f6sungen bieten k\u00f6nnen.<\/p>\n<\/div>","protected":false},"excerpt":{"rendered":"<p>General Information KYN28-24 armored withdrawable AC metal-enclosed switchgear is suitable for indoor three-phase 50\/60HZ, rated voltage 24kV power systems. It is mainly used in power plants, substations, industrial and mining enterprises and high-rise buildings. Receive and distribute electrical energy and control, protect and monitor circuits. KYN28-24 switchgear has various functions to prevent misoperation, including preventing [&hellip;]<\/p>","protected":false},"featured_media":1205,"template":"","meta":{"site-sidebar-layout":"default","site-content-layout":"","ast-site-content-layout":"default","site-content-style":"default","site-sidebar-style":"default","ast-global-header-display":"","ast-banner-title-visibility":"","ast-main-header-display":"","ast-hfb-above-header-display":"","ast-hfb-below-header-display":"","ast-hfb-mobile-header-display":"","site-post-title":"","ast-breadcrumbs-content":"","ast-featured-img":"","footer-sml-layout":"","theme-transparent-header-meta":"default","adv-header-id-meta":"","stick-header-meta":"","header-above-stick-meta":"","header-main-stick-meta":"","header-below-stick-meta":"","astra-migrate-meta-layouts":"set","ast-page-background-enabled":"default","ast-page-background-meta":{"desktop":{"background-color":"","background-image":"","background-repeat":"repeat","background-position":"center center","background-size":"auto","background-attachment":"scroll","background-type":"","background-media":"","overlay-type":"","overlay-color":"","overlay-gradient":""},"tablet":{"background-color":"","background-image":"","background-repeat":"repeat","background-position":"center center","background-size":"auto","background-attachment":"scroll","background-type":"","background-media":"","overlay-type":"","overlay-color":"","overlay-gradient":""},"mobile":{"background-color":"","background-image":"","background-repeat":"repeat","background-position":"center center","background-size":"auto","background-attachment":"scroll","background-type":"","background-media":"","overlay-type":"","overlay-color":"","overlay-gradient":""}},"ast-content-background-meta":{"desktop":{"background-color":"var(--ast-global-color-5)","background-image":"","background-repeat":"repeat","background-position":"center center","background-size":"auto","background-attachment":"scroll","background-type":"","background-media":"","overlay-type":"","overlay-color":"","overlay-gradient":""},"tablet":{"background-color":"var(--ast-global-color-5)","background-image":"","background-repeat":"repeat","background-position":"center center","background-size":"auto","background-attachment":"scroll","background-type":"","background-media":"","overlay-type":"","overlay-color":"","overlay-gradient":""},"mobile":{"background-color":"var(--ast-global-color-5)","background-image":"","background-repeat":"repeat","background-position":"center center","background-size":"auto","background-attachment":"scroll","background-type":"","background-media":"","overlay-type":"","overlay-color":"","overlay-gradient":""}}},"product_cat":[36],"product_tag":[],"class_list":{"0":"post-1204","1":"product","2":"type-product","3":"status-publish","4":"has-post-thumbnail","6":"product_cat-metal-clad-withdrawable-switchgear","7":"desktop-align-left","8":"tablet-align-left","9":"mobile-align-left","11":"first","12":"instock","13":"shipping-taxable","14":"product-type-simple"},"_links":{"self":[{"href":"https:\/\/www.xminsulation.com\/de\/wp-json\/wp\/v2\/product\/1204","targetHints":{"allow":["GET"]}}],"collection":[{"href":"https:\/\/www.xminsulation.com\/de\/wp-json\/wp\/v2\/product"}],"about":[{"href":"https:\/\/www.xminsulation.com\/de\/wp-json\/wp\/v2\/types\/product"}],"wp:featuredmedia":[{"embeddable":true,"href":"https:\/\/www.xminsulation.com\/de\/wp-json\/wp\/v2\/media\/1205"}],"wp:attachment":[{"href":"https:\/\/www.xminsulation.com\/de\/wp-json\/wp\/v2\/media?parent=1204"}],"wp:term":[{"taxonomy":"product_cat","embeddable":true,"href":"https:\/\/www.xminsulation.com\/de\/wp-json\/wp\/v2\/product_cat?post=1204"},{"taxonomy":"product_tag","embeddable":true,"href":"https:\/\/www.xminsulation.com\/de\/wp-json\/wp\/v2\/product_tag?post=1204"}],"curies":[{"name":"wp","href":"https:\/\/api.w.org\/{rel}","templated":true}]}}