{"id":1194,"date":"2024-05-07T10:03:39","date_gmt":"2024-05-07T02:03:39","guid":{"rendered":"http:\/\/www.xminsulation.com\/?post_type=product&#038;p=1194"},"modified":"2024-05-15T16:38:00","modified_gmt":"2024-05-15T08:38:00","slug":"kyn550-12kv-metal-clad-withdrawable-switchgear","status":"publish","type":"product","link":"https:\/\/www.xminsulation.com\/de\/product\/kyn550-12kv-metal-clad-withdrawable-switchgear\/","title":{"rendered":"KYN550-12kV Metallgekapselte ausziehbare Schaltanlage"},"content":{"rendered":"<p><img fetchpriority=\"high\" decoding=\"async\" class=\"alignnone wp-image-1196 size-full\" src=\"http:\/\/www.xminsulation.com\/wp-content\/uploads\/2024\/05\/\u56fe\u724758-2.png\" alt=\"\" width=\"1000\" height=\"1000\" srcset=\"https:\/\/www.xminsulation.com\/wp-content\/uploads\/2024\/05\/\u56fe\u724758-2.png 1000w, https:\/\/www.xminsulation.com\/wp-content\/uploads\/2024\/05\/\u56fe\u724758-2-300x300.png 300w, https:\/\/www.xminsulation.com\/wp-content\/uploads\/2024\/05\/\u56fe\u724758-2-150x150.png 150w, https:\/\/www.xminsulation.com\/wp-content\/uploads\/2024\/05\/\u56fe\u724758-2-768x768.png 768w, https:\/\/www.xminsulation.com\/wp-content\/uploads\/2024\/05\/\u56fe\u724758-2-600x600.png 600w, https:\/\/www.xminsulation.com\/wp-content\/uploads\/2024\/05\/\u56fe\u724758-2-100x100.png 100w\" sizes=\"(max-width: 1000px) 100vw, 1000px\" \/><\/p>\n<h2><strong><b>Haupts\u00e4chlich <\/b><\/strong><strong><b>H<\/b><\/strong><strong><b>Highlights<\/b><\/strong><\/h2>\n<ol>\n<li>Die kreisf\u00f6rmige Hauptsammelschiene bietet viele Vorteile, beispielsweise eine hohe mechanische Festigkeit, eine gleichm\u00e4\u00dfige Verteilung des elektrischen Felds und einen Widerstand von nur 15\u201320 u\u03a9.<\/li>\n<li>Der modulare Vakuum-Leistungsschalter ist ein integriertes F-Typ-Design mit hervorragender Isolationsleistung, wenigen Teilen, einer mechanischen Lebensdauer von 30.000 Schaltvorg\u00e4ngen und hervorragender Leistung.<\/li>\n<li>Das U-f\u00f6rmige integrierte Design des ausziehbaren modularen Stromwandlers verf\u00fcgt \u00fcber eine gro\u00dfe Kriechstrecke und die Stehwechselspannung kann 4,5 kV (gegen Erde) erreichen.<\/li>\n<li>Der ausziehbare modulare Erdungsschalter verf\u00fcgt \u00fcber eine einfache Struktur, eine arbeitssparende Bedienung und eine bequeme Installation.<\/li>\n<li>Vollst\u00e4ndiges Lebenszyklusmanagement Vollst\u00e4ndiges Lebenszyklusmanagement, Produktmaterialien k\u00f6nnen recycelt werden, sind umweltfreundlich und kohlenstoffarm.<\/li>\n<\/ol>\n<p><img decoding=\"async\" class=\"alignnone wp-image-1197 size-full\" src=\"http:\/\/www.xminsulation.com\/wp-content\/uploads\/2024\/05\/\u56fe\u724759.jpg\" alt=\"\" width=\"1000\" height=\"533\" srcset=\"https:\/\/www.xminsulation.com\/wp-content\/uploads\/2024\/05\/\u56fe\u724759.jpg 1000w, https:\/\/www.xminsulation.com\/wp-content\/uploads\/2024\/05\/\u56fe\u724759-300x160.jpg 300w, https:\/\/www.xminsulation.com\/wp-content\/uploads\/2024\/05\/\u56fe\u724759-768x409.jpg 768w, https:\/\/www.xminsulation.com\/wp-content\/uploads\/2024\/05\/\u56fe\u724759-600x320.jpg 600w\" sizes=\"(max-width: 1000px) 100vw, 1000px\" \/><\/p>\n<h2><strong><b>Gestaltungsprinzipien<\/b><\/strong><\/h2>\n<p>&nbsp;<\/p>\n<h2><strong><b>Humanisiert <\/b><\/strong><strong><b>D<\/b><\/strong><strong><b>Design<\/b><\/strong><\/h2>\n<ol>\n<li>Das Dreht\u00fcrschloss erm\u00f6glicht ein einfaches \u00d6ffnen der T\u00fcr und eine starke Verriegelung.<\/li>\n<li>Das Design des T\u00fcrschlossgriffs ist praktischer, sch\u00f6ner und sicherer.<\/li>\n<li>Alle Bedienfeldkomponenten sind nach ergonomischen Grunds\u00e4tzen angeordnet und alle Bedienungsanleitungen verf\u00fcgen \u00fcber benutzerfreundliche Eingabeaufforderungen.<\/li>\n<li>Der Schaltschrank basiert auf dem Prinzip der nat\u00fcrlichen Bel\u00fcftung und die Gr\u00f6\u00dfe und H\u00f6he der Einlass- und Auslass\u00f6ffnungen sind sorgf\u00e4ltig ausgelegt, um sicherzustellen, dass der Temperaturanstieg im Schaltschrank in einem kontrollierbaren Bereich bleibt.<\/li>\n<li>\u00d6ffnen Sie die hintere T\u00fcr des Schaltschranks und die Kabel k\u00f6nnen installiert werden.<\/li>\n<li>Es k\u00f6nnen herk\u00f6mmliche Kabelk\u00f6pfe verwendet werden, die zum Verbinden mehrerer Kabel mit unterschiedlichen g\u00e4ngigen Spezifikationen geeignet sind.<\/li>\n<li>Das Panel richtet die dynamische Simulation des Hauptstromkreises ein und visualisiert den Positionsstatus verschiedener Komponenten.<\/li>\n<li>Die Installation vor Ort und die Schrankmontage sind einfach und erfordern kein Spezialwerkzeug. Das System ist beidseitig erweiterbar und kann auch mit der Schrankserie KYN28 erweitert und gesplei\u00dft werden.<\/li>\n<li>Vollst\u00e4ndiges Lebenszyklusmanagement, keine Emissionen, keine Umweltverschmutzung, gr\u00fcn und umweltfreundlich, mit einer Lebensdauer von bis zu 25 Jahren.<\/li>\n<\/ol>\n<h2><strong><b>Intelligent <\/b><\/strong><strong><b>D<\/b><\/strong><strong><b>Design<\/b><\/strong><\/h2>\n<p>Die intelligente Steuerung der gepanzerten, metallgekapselten Schaltanlage KYN550-12 erm\u00f6glicht eine Online-Erkennung und Fehlerdiagnose ihrer Ger\u00e4te, einschlie\u00dflich Leistungsschaltern und Kontakten.<\/p>\n<p>Es kann auch Fehleralarme ausgeben und Zusatzger\u00e4te wie L\u00fcfter und Heizungen automatisch ein- und ausschalten. Es verf\u00fcgt au\u00dferdem \u00fcber eine Mikrocomputer-Fernkommunikationsfunktion, die das \u00d6ffnen und Schlie\u00dfen von Hochspannungsschaltern, das Umschalten zwischen Arbeits- und Pr\u00fcfposition, das \u00d6ffnen und Schlie\u00dfen von Erdungsschaltern usw. aus der Ferne erm\u00f6glicht. Es verf\u00fcgt \u00fcber eine intelligente Touch-Steuerung, eine Online-Datenanzeige in Echtzeit und eine Risikowarnung.<\/p>\n<p><img decoding=\"async\" class=\"alignnone wp-image-1198 size-full\" src=\"http:\/\/www.xminsulation.com\/wp-content\/uploads\/2024\/05\/\u56fe\u724760.jpg\" alt=\"\" width=\"1000\" height=\"1000\" srcset=\"https:\/\/www.xminsulation.com\/wp-content\/uploads\/2024\/05\/\u56fe\u724760.jpg 1000w, https:\/\/www.xminsulation.com\/wp-content\/uploads\/2024\/05\/\u56fe\u724760-300x300.jpg 300w, https:\/\/www.xminsulation.com\/wp-content\/uploads\/2024\/05\/\u56fe\u724760-150x150.jpg 150w, https:\/\/www.xminsulation.com\/wp-content\/uploads\/2024\/05\/\u56fe\u724760-768x768.jpg 768w, https:\/\/www.xminsulation.com\/wp-content\/uploads\/2024\/05\/\u56fe\u724760-600x600.jpg 600w, https:\/\/www.xminsulation.com\/wp-content\/uploads\/2024\/05\/\u56fe\u724760-100x100.jpg 100w\" sizes=\"(max-width: 1000px) 100vw, 1000px\" \/><\/p>\n<h2><strong><b>Sicherheit <\/b><\/strong><strong><b>P<\/b><\/strong><strong><b>Leistung <\/b><\/strong><strong><b>D<\/b><\/strong><strong><b>Design<\/b><\/strong><\/h2>\n<ol>\n<li>Metallpanzerung und eine vollst\u00e4ndig geschlossene Struktur k\u00f6nnen das Eindringen von Schmutz und kleinen Tieren verhindern.<\/li>\n<li>Das Geh\u00e4use verwendet eine hochfeste Niettechnologie und die hochfesten Standardteile, die bei der Installation jeder Komponente verwendet werden, sind alle 10,9-stufige halbrunde K\u00f6pfe, um eine Spitzenentladung zu vermeiden.<\/li>\n<li>Es verf\u00fcgt \u00fcber eine Verbundisolationsstruktur, die eine bessere Hitzebest\u00e4ndigkeit, Isolierung und Korrosionsbest\u00e4ndigkeit aufweist. Die kontinuierliche Stromversorgung ist zuverl\u00e4ssig und gew\u00e4hrleistet den Betrieb des Ger\u00e4ts.<\/li>\n<li>Obligatorischer Schlie\u00dfvorgang zur Gew\u00e4hrleistung der pers\u00f6nlichen Sicherheit der Bediener.<\/li>\n<li>Zuverl\u00e4ssige und umfassende Verriegelungsvorrichtung verhindert wirksam Fehlbedienungen.<\/li>\n<li>Der schnellschlie\u00dfende Erdungsschalter dient zur kabelseitigen Erdung und erleichtert so die Wartung und Inspektion.<\/li>\n<li>Kleine Gr\u00f6\u00dfe und geringes Gewicht. Ungef\u00e4hres Gewicht des Schranks: KYN28\/458 kg &gt; KYN550\/420 kg, Gewicht des Leistungsschalters: KYN28\/135 kg &gt; KYN550\/95 kg.<\/li>\n<li>Der Kriechweg ist gr\u00f6\u00dfer und die Sicherheitsleistung besser. Kriechweg: KYN28\/180mm<\/li>\n<li>Lange Lebensdauer und bessere Leistung. Der Schaltungswiderstand des gesamten Geh\u00e4uses: KYN28\/\u2264150u\u03a9&gt;KYN550\/\u226495u\u03a9, die Lebensdauer der Ausr\u00fcstung: KYN28\/20 Jahre<\/li>\n<li>Weit verbreitete Umgebung. Niedrigtemperaturumgebung: KYN28\/-15\u2103<\/li>\n<\/ol>\n<p><img loading=\"lazy\" decoding=\"async\" class=\"alignnone wp-image-1199 size-full\" src=\"http:\/\/www.xminsulation.com\/wp-content\/uploads\/2024\/05\/\u56fe\u724761.jpg\" alt=\"\" width=\"1000\" height=\"1000\" srcset=\"https:\/\/www.xminsulation.com\/wp-content\/uploads\/2024\/05\/\u56fe\u724761.jpg 1000w, https:\/\/www.xminsulation.com\/wp-content\/uploads\/2024\/05\/\u56fe\u724761-300x300.jpg 300w, https:\/\/www.xminsulation.com\/wp-content\/uploads\/2024\/05\/\u56fe\u724761-150x150.jpg 150w, https:\/\/www.xminsulation.com\/wp-content\/uploads\/2024\/05\/\u56fe\u724761-768x768.jpg 768w, https:\/\/www.xminsulation.com\/wp-content\/uploads\/2024\/05\/\u56fe\u724761-600x600.jpg 600w, https:\/\/www.xminsulation.com\/wp-content\/uploads\/2024\/05\/\u56fe\u724761-100x100.jpg 100w\" sizes=\"(max-width: 1000px) 100vw, 1000px\" \/> <img loading=\"lazy\" decoding=\"async\" class=\"alignnone wp-image-1200 size-full\" src=\"http:\/\/www.xminsulation.com\/wp-content\/uploads\/2024\/05\/\u56fe\u724762.png\" alt=\"\" width=\"1000\" height=\"545\" srcset=\"https:\/\/www.xminsulation.com\/wp-content\/uploads\/2024\/05\/\u56fe\u724762.png 1000w, https:\/\/www.xminsulation.com\/wp-content\/uploads\/2024\/05\/\u56fe\u724762-300x164.png 300w, https:\/\/www.xminsulation.com\/wp-content\/uploads\/2024\/05\/\u56fe\u724762-768x419.png 768w, https:\/\/www.xminsulation.com\/wp-content\/uploads\/2024\/05\/\u56fe\u724762-600x327.png 600w\" sizes=\"(max-width: 1000px) 100vw, 1000px\" \/><\/p>\n<h2><strong><b>Verwenden <\/b><\/strong><strong><b>C<\/b><\/strong><strong><b>bedingt <\/b><\/strong><strong><b>E<\/b><\/strong><strong><b>Umgebung<\/b><\/strong><\/h2>\n<ol>\n<li>Lufttemperatur: Mindesttemperatur -15 \u00b0C, H\u00f6chsttemperatur +40 \u00b0C, 24-Stunden-Durchschnittstemperatur +35 \u00b0C.<\/li>\n<li>H\u00f6he: 2000 m.<\/li>\n<li>Luftfeuchtigkeit (relative Luftfeuchtigkeit), Tagesdurchschnitt \u226495%, Monatsdurchschnitt \u226490%.<\/li>\n<\/ol>\n<h2><strong><b>Installation und <\/b><\/strong><strong><b>C<\/b><\/strong><strong><b>Inbetriebnahme<\/b><\/strong><\/h2>\n<p>Die Konstruktion des Installationsfundaments von Schaltschr\u00e4nken muss den einschl\u00e4gigen Bestimmungen der \u201eTechnischen Spezifikationen f\u00fcr den Bau und die Abnahme von Elektroenergie\u201c entsprechen. Das Installationsfundament des Schaltschranks erfordert im Allgemeinen eine Nachbetonierung. Beim ersten Betonieren wird die Installationsbasis der Schaltschrankinstallationskomponenten, d. h. Winkelstahl, Vierkantstahl oder U-Stahlkomponenten, hergestellt. Beim zweiten Betonieren ist die zus\u00e4tzliche Schicht auf dem Boden im Allgemeinen 60 mm dick. Beim Gie\u00dfen der zus\u00e4tzlichen Betonschicht sollte die H\u00f6he des Betons 1 bis 3 mm niedriger sein als die Komponentenebene. W\u00e4hrend des Hochbaus ist bei der Fundamenth\u00f6he des Schaltschranks zu ber\u00fccksichtigen, dass die H\u00f6he des U-Stahls des Fundamentschranks mit einem kleinen Spielraum freigehalten wird und Stahlplatten in Abst\u00e4nden von 1 bis 1,5 Metern entlang der L\u00e4ngsrichtung des Rahmens auf dem Schaltschrank vorab eingebettet werden.<\/p>\n<p>Bei der Installation der Grundstruktur ist auf die Qualit\u00e4t der Installation zu achten. Der technische Standard f\u00fcr die Strukturinstallation sieht eine Toleranz von 1 mm pro Quadratmeter vor. Der Grundrahmen besteht aus geschwei\u00dftem U- und Winkelstahl. Die grundlegenden Gr\u00f6\u00dfenanforderungen des Rahmens und die Kabelkanalf\u00fchrung sind in der beigef\u00fcgten Zeichnung dargestellt. Der Auszugsabstand des U-Stahls des Grundrahmens sollte der Gr\u00f6\u00dfe des Schaltschrankrahmens entsprechen. Bei einreihiger Anordnung der Schr\u00e4nke betr\u00e4gt der Korridor vor dem Schrank vorzugsweise 2,5 Meter; bei doppelreihiger Anordnung der Schr\u00e4nke betr\u00e4gt der Arbeitskorridor zwischen den Schr\u00e4nken vorzugsweise 3 Meter.<\/p>\n<p>F\u00fcr den Transport von Schaltschr\u00e4nken sind spezielle Transportmittel wie Kr\u00e4ne oder Gabelstapler zu verwenden. Die Verwendung von Rollenbrecheisen ist strengstens verboten. Ebenso ist es strengstens verboten, den Leistungsschalterwagen in den Schaltschrank zu schieben und gemeinsam zu transportieren. Der Leistungsschalterwagen (und andere Wagen) d\u00fcrfen erst nach der Installation des Schaltschranks in den entsprechenden kleinen Raum geschoben werden.<\/p>\n<p><img loading=\"lazy\" decoding=\"async\" class=\"alignnone wp-image-1201 size-full\" src=\"http:\/\/www.xminsulation.com\/wp-content\/uploads\/2024\/05\/\u56fe\u724763-1.png\" alt=\"\" width=\"640\" height=\"825\" srcset=\"https:\/\/www.xminsulation.com\/wp-content\/uploads\/2024\/05\/\u56fe\u724763-1.png 640w, https:\/\/www.xminsulation.com\/wp-content\/uploads\/2024\/05\/\u56fe\u724763-1-233x300.png 233w, https:\/\/www.xminsulation.com\/wp-content\/uploads\/2024\/05\/\u56fe\u724763-1-600x773.png 600w\" sizes=\"(max-width: 640px) 100vw, 640px\" \/><\/p>\n<h2><strong><b>Konstruktionsfundamentzeichnung<\/b><\/strong><\/h2>\n<p><img loading=\"lazy\" decoding=\"async\" class=\"alignnone wp-image-1202 size-full\" src=\"http:\/\/www.xminsulation.com\/wp-content\/uploads\/2024\/05\/\u56fe\u724764-1.png\" alt=\"\" width=\"1000\" height=\"833\" srcset=\"https:\/\/www.xminsulation.com\/wp-content\/uploads\/2024\/05\/\u56fe\u724764-1.png 1000w, https:\/\/www.xminsulation.com\/wp-content\/uploads\/2024\/05\/\u56fe\u724764-1-300x250.png 300w, https:\/\/www.xminsulation.com\/wp-content\/uploads\/2024\/05\/\u56fe\u724764-1-768x640.png 768w, https:\/\/www.xminsulation.com\/wp-content\/uploads\/2024\/05\/\u56fe\u724764-1-600x500.png 600w\" sizes=\"(max-width: 1000px) 100vw, 1000px\" \/> <img loading=\"lazy\" decoding=\"async\" class=\"alignnone wp-image-1203 size-full\" src=\"http:\/\/www.xminsulation.com\/wp-content\/uploads\/2024\/05\/\u56fe\u724765-1.png\" alt=\"\" width=\"1000\" height=\"550\" srcset=\"https:\/\/www.xminsulation.com\/wp-content\/uploads\/2024\/05\/\u56fe\u724765-1.png 1000w, https:\/\/www.xminsulation.com\/wp-content\/uploads\/2024\/05\/\u56fe\u724765-1-300x165.png 300w, https:\/\/www.xminsulation.com\/wp-content\/uploads\/2024\/05\/\u56fe\u724765-1-768x422.png 768w, https:\/\/www.xminsulation.com\/wp-content\/uploads\/2024\/05\/\u56fe\u724765-1-600x330.png 600w\" sizes=\"(max-width: 1000px) 100vw, 1000px\" \/><\/p>\n<p>&nbsp;<\/p>\n<p>&nbsp;<\/p>\n<div class=\"wxts\">\n<h2>\u25c6Spezielle Anpassung<\/h2>\n<p>Die oben genannten Parameter sind typische Daten. Wenn die vorhandenen Stile nicht Ihren speziellen Anforderungen entsprechen, kontaktieren Sie uns bitte f\u00fcr ein individuelles Design. Wir verf\u00fcgen \u00fcber bedeutende F\u00e4higkeiten in der Entwicklung und Produktion individueller Anpassungen, sodass wir Kunden auf der ganzen Welt ma\u00dfgeschneiderte L\u00f6sungen bieten k\u00f6nnen.<\/p>\n<\/div>\n<p>&nbsp;<\/p>","protected":false},"excerpt":{"rendered":"<p>Main Highlights The circular main busbar has many advantages such as high mechanical strength, uniform electric field distribution, and resistance as low as 15-20u\u03a9. The modular vacuum circuit breaker is an integrated F-type design with excellent insulation performance, few parts, a mechanical life of 30,000 times, and excellent performance. The U-shaped integrated design of the [&hellip;]<\/p>","protected":false},"featured_media":1195,"template":"","meta":{"site-sidebar-layout":"default","site-content-layout":"","ast-site-content-layout":"default","site-content-style":"default","site-sidebar-style":"default","ast-global-header-display":"","ast-banner-title-visibility":"","ast-main-header-display":"","ast-hfb-above-header-display":"","ast-hfb-below-header-display":"","ast-hfb-mobile-header-display":"","site-post-title":"","ast-breadcrumbs-content":"","ast-featured-img":"","footer-sml-layout":"","theme-transparent-header-meta":"default","adv-header-id-meta":"","stick-header-meta":"","header-above-stick-meta":"","header-main-stick-meta":"","header-below-stick-meta":"","astra-migrate-meta-layouts":"set","ast-page-background-enabled":"default","ast-page-background-meta":{"desktop":{"background-color":"","background-image":"","background-repeat":"repeat","background-position":"center center","background-size":"auto","background-attachment":"scroll","background-type":"","background-media":"","overlay-type":"","overlay-color":"","overlay-gradient":""},"tablet":{"background-color":"","background-image":"","background-repeat":"repeat","background-position":"center center","background-size":"auto","background-attachment":"scroll","background-type":"","background-media":"","overlay-type":"","overlay-color":"","overlay-gradient":""},"mobile":{"background-color":"","background-image":"","background-repeat":"repeat","background-position":"center center","background-size":"auto","background-attachment":"scroll","background-type":"","background-media":"","overlay-type":"","overlay-color":"","overlay-gradient":""}},"ast-content-background-meta":{"desktop":{"background-color":"var(--ast-global-color-5)","background-image":"","background-repeat":"repeat","background-position":"center center","background-size":"auto","background-attachment":"scroll","background-type":"","background-media":"","overlay-type":"","overlay-color":"","overlay-gradient":""},"tablet":{"background-color":"var(--ast-global-color-5)","background-image":"","background-repeat":"repeat","background-position":"center center","background-size":"auto","background-attachment":"scroll","background-type":"","background-media":"","overlay-type":"","overlay-color":"","overlay-gradient":""},"mobile":{"background-color":"var(--ast-global-color-5)","background-image":"","background-repeat":"repeat","background-position":"center center","background-size":"auto","background-attachment":"scroll","background-type":"","background-media":"","overlay-type":"","overlay-color":"","overlay-gradient":""}}},"product_cat":[36],"product_tag":[],"class_list":{"0":"post-1194","1":"product","2":"type-product","3":"status-publish","4":"has-post-thumbnail","6":"product_cat-metal-clad-withdrawable-switchgear","7":"desktop-align-left","8":"tablet-align-left","9":"mobile-align-left","11":"first","12":"instock","13":"shipping-taxable","14":"product-type-simple"},"_links":{"self":[{"href":"https:\/\/www.xminsulation.com\/de\/wp-json\/wp\/v2\/product\/1194","targetHints":{"allow":["GET"]}}],"collection":[{"href":"https:\/\/www.xminsulation.com\/de\/wp-json\/wp\/v2\/product"}],"about":[{"href":"https:\/\/www.xminsulation.com\/de\/wp-json\/wp\/v2\/types\/product"}],"wp:featuredmedia":[{"embeddable":true,"href":"https:\/\/www.xminsulation.com\/de\/wp-json\/wp\/v2\/media\/1195"}],"wp:attachment":[{"href":"https:\/\/www.xminsulation.com\/de\/wp-json\/wp\/v2\/media?parent=1194"}],"wp:term":[{"taxonomy":"product_cat","embeddable":true,"href":"https:\/\/www.xminsulation.com\/de\/wp-json\/wp\/v2\/product_cat?post=1194"},{"taxonomy":"product_tag","embeddable":true,"href":"https:\/\/www.xminsulation.com\/de\/wp-json\/wp\/v2\/product_tag?post=1194"}],"curies":[{"name":"wp","href":"https:\/\/api.w.org\/{rel}","templated":true}]}}