{"id":1016,"date":"2024-05-06T10:36:00","date_gmt":"2024-05-06T02:36:00","guid":{"rendered":"http:\/\/www.xminsulation.com\/?post_type=product&#038;p=1016"},"modified":"2024-05-23T17:59:33","modified_gmt":"2024-05-23T09:59:33","slug":"sf6-gas-insulated-bypass-switch-10-24kv-200a-400a-630a","status":"publish","type":"product","link":"https:\/\/www.xminsulation.com\/de\/product\/sf6-gasisolierter-bypass-schalter-10-24-kv-200-a-400-a-630-a\/","title":{"rendered":"SF6-gasisolierter Bypass-Schalter 10\/24 kV 200 A\/400 A\/630 A"},"content":{"rendered":"<p><img fetchpriority=\"high\" decoding=\"async\" class=\"alignnone wp-image-1018 size-full\" src=\"http:\/\/www.xminsulation.com\/wp-content\/uploads\/2024\/05\/\u56fe\u724713-1.png\" alt=\"\" width=\"1000\" height=\"1000\" srcset=\"https:\/\/www.xminsulation.com\/wp-content\/uploads\/2024\/05\/\u56fe\u724713-1.png 1000w, https:\/\/www.xminsulation.com\/wp-content\/uploads\/2024\/05\/\u56fe\u724713-1-300x300.png 300w, https:\/\/www.xminsulation.com\/wp-content\/uploads\/2024\/05\/\u56fe\u724713-1-150x150.png 150w, https:\/\/www.xminsulation.com\/wp-content\/uploads\/2024\/05\/\u56fe\u724713-1-768x768.png 768w, https:\/\/www.xminsulation.com\/wp-content\/uploads\/2024\/05\/\u56fe\u724713-1-600x600.png 600w, https:\/\/www.xminsulation.com\/wp-content\/uploads\/2024\/05\/\u56fe\u724713-1-100x100.png 100w\" sizes=\"(max-width: 1000px) 100vw, 1000px\" \/> <img decoding=\"async\" class=\"alignnone wp-image-1019 size-full\" src=\"http:\/\/www.xminsulation.com\/wp-content\/uploads\/2024\/05\/\u56fe\u724714.png\" alt=\"\" width=\"1000\" height=\"1036\" srcset=\"https:\/\/www.xminsulation.com\/wp-content\/uploads\/2024\/05\/\u56fe\u724714.png 1000w, https:\/\/www.xminsulation.com\/wp-content\/uploads\/2024\/05\/\u56fe\u724714-290x300.png 290w, https:\/\/www.xminsulation.com\/wp-content\/uploads\/2024\/05\/\u56fe\u724714-988x1024.png 988w, https:\/\/www.xminsulation.com\/wp-content\/uploads\/2024\/05\/\u56fe\u724714-768x796.png 768w, https:\/\/www.xminsulation.com\/wp-content\/uploads\/2024\/05\/\u56fe\u724714-600x622.png 600w\" sizes=\"(max-width: 1000px) 100vw, 1000px\" \/> <img decoding=\"async\" class=\"alignnone wp-image-1020 size-full\" src=\"http:\/\/www.xminsulation.com\/wp-content\/uploads\/2024\/05\/\u56fe\u724715.png\" alt=\"\" width=\"1000\" height=\"1194\" srcset=\"https:\/\/www.xminsulation.com\/wp-content\/uploads\/2024\/05\/\u56fe\u724715.png 1000w, https:\/\/www.xminsulation.com\/wp-content\/uploads\/2024\/05\/\u56fe\u724715-251x300.png 251w, https:\/\/www.xminsulation.com\/wp-content\/uploads\/2024\/05\/\u56fe\u724715-858x1024.png 858w, https:\/\/www.xminsulation.com\/wp-content\/uploads\/2024\/05\/\u56fe\u724715-768x917.png 768w, https:\/\/www.xminsulation.com\/wp-content\/uploads\/2024\/05\/\u56fe\u724715-600x716.png 600w\" sizes=\"(max-width: 1000px) 100vw, 1000px\" \/> <img loading=\"lazy\" decoding=\"async\" class=\"alignnone wp-image-1021 size-full\" src=\"http:\/\/www.xminsulation.com\/wp-content\/uploads\/2024\/05\/\u56fe\u724716.png\" alt=\"\" width=\"1000\" height=\"954\" srcset=\"https:\/\/www.xminsulation.com\/wp-content\/uploads\/2024\/05\/\u56fe\u724716.png 1000w, https:\/\/www.xminsulation.com\/wp-content\/uploads\/2024\/05\/\u56fe\u724716-300x286.png 300w, https:\/\/www.xminsulation.com\/wp-content\/uploads\/2024\/05\/\u56fe\u724716-768x733.png 768w, https:\/\/www.xminsulation.com\/wp-content\/uploads\/2024\/05\/\u56fe\u724716-600x572.png 600w\" sizes=\"(max-width: 1000px) 100vw, 1000px\" \/><\/p>\n<h2><strong><b>Allgemeine Informationen<\/b><\/strong><\/h2>\n<p>Die integrierte Bypass-Technologie ist eine neue Betriebstechnologie zur Verbesserung der Zuverl\u00e4ssigkeit der Stromversorgung im Verteilnetz. Sie umfasst den konventionellen Verteilnetzbetrieb, den Ladebetrieb und den Bypass<\/p>\n<p>Betrieb, mobiler Stromversorgungsbetrieb und andere Betriebsarten.<\/p>\n<p>Der Bypass-Lastschalter vom Typ 10\/24 kV 200 A\/400 A\/630 A LBS Engineering ist das Kernger\u00e4t, das der neuen integrierten Bypass-Betriebstechnologie entspricht. Der Schalter verwendet flexible Stromkabel, selbstsichernde Schnellsteckkabelverbinder, Bypass-Schalter, mobile Kastenwagen und andere Ger\u00e4te, um verschiedene Stromverteilungseinheiten zu bauen, die die Stromversorgung der Benutzer in einer Bausteinkombination umgehen. Dies erm\u00f6glicht den Stromverteilungsbetreibern nicht nur, Leitungswartungsarbeiten bei unterbrechungsfreier Stromversorgung durchzuf\u00fchren, sondern bietet auch eine vor\u00fcbergehende Stromversorgung f\u00fcr die schwieriger zu behebenden Kabelleitungsfehler, verringert den Umfang von Stromausf\u00e4llen, verringert die Auswirkungen von Stromausf\u00e4llen auf den Benutzer und verbessert die Zuverl\u00e4ssigkeit der Stromversorgung.<\/p>\n<p>Der Bypass-Lastschalter verwendet SF6-Gas mit hervorragenden Isolier- und Lichtbogenl\u00f6scheigenschaften und einer fortschrittlichen Hauptstromkreisstruktur.<\/p>\n<h2><strong><b>Produkteigenschaften<\/b><\/strong><\/h2>\n<ol>\n<li>Der Schaltkasten ist aus Edelstahl 304 gefertigt, um die Anforderungen an die Korrosionsbest\u00e4ndigkeit f\u00fcr den dauerhaften Einsatz zu erf\u00fcllen.<\/li>\n<li>Der Hauptschaltkreis-Betriebsmechanismus ist eine einfache umgekehrte Dreiecksstruktur (Umschalter), sodass er nicht durch hochfrequente Vibrationen, Schwerkraft, \u00e4u\u00dfere Einfl\u00fcsse usw., die durch Erdbeben oder starken Wind verursacht werden, beeinflusst wird. Die Leistung ist sehr stabil und die mechanische Lebensdauer ist lang. Manuelles und elektrisches Schalten kann verwendet werden. Separater Betrieb, gute Kompatibilit\u00e4t in Kombination mit einem Backup-Schutzger\u00e4t.<\/li>\n<li>Der Schalter verf\u00fcgt \u00fcber eine Schnellsteckh\u00fclse und kann mit europ\u00e4ischen und amerikanischen selbstsichernden Schnellsteckschnittstellen ausgestattet werden.<\/li>\n<li>CT\/RVT-Schutzger\u00e4t konfigurieren: Um einen \u00dcberstrom des Strommessger\u00e4ts und einen offenen CT-Schaltkreis sowie eine \u00dcberspannung des Spannungsmessger\u00e4ts zu verhindern.<\/li>\n<li>Es verf\u00fcgt \u00fcber eine Ladungsanzeige und eine Z\u00e4hlanzeige sowie eine Kernphasenfunktion.<\/li>\n<li>Es verf\u00fcgt \u00fcber manuelle Bedienung, elektrische Bedienung, lokale Fernbedienungsbedienung und Fernbedien-\u00d6ffnungs- und Schlie\u00dffunktionen (optional), wodurch die Bedienung bequem, schnell und sicher wird.<\/li>\n<li>Mit Fehlererkennungs-, Alarm- und automatischen Fehlerabschaltungsfunktionen (optional) erleichtert es die Fehlererkennung und den Schutz.<\/li>\n<\/ol>\n<p><img loading=\"lazy\" decoding=\"async\" class=\"alignnone wp-image-1022 size-full\" src=\"http:\/\/www.xminsulation.com\/wp-content\/uploads\/2024\/05\/\u56fe\u724717.png\" alt=\"\" width=\"1196\" height=\"1188\" srcset=\"https:\/\/www.xminsulation.com\/wp-content\/uploads\/2024\/05\/\u56fe\u724717.png 1196w, https:\/\/www.xminsulation.com\/wp-content\/uploads\/2024\/05\/\u56fe\u724717-300x298.png 300w, https:\/\/www.xminsulation.com\/wp-content\/uploads\/2024\/05\/\u56fe\u724717-1024x1017.png 1024w, https:\/\/www.xminsulation.com\/wp-content\/uploads\/2024\/05\/\u56fe\u724717-150x150.png 150w, https:\/\/www.xminsulation.com\/wp-content\/uploads\/2024\/05\/\u56fe\u724717-768x763.png 768w, https:\/\/www.xminsulation.com\/wp-content\/uploads\/2024\/05\/\u56fe\u724717-600x596.png 600w, https:\/\/www.xminsulation.com\/wp-content\/uploads\/2024\/05\/\u56fe\u724717-100x100.png 100w\" sizes=\"(max-width: 1196px) 100vw, 1196px\" \/><\/p>\n<h2><strong><b>Verwendung <\/b><\/strong><strong><b>E<\/b><\/strong><strong><b>Umgebung<\/b><\/strong><\/h2>\n<ol>\n<li>Betriebstemperatur: -40~+85\u2103.<\/li>\n<li>Feuchtigkeitsbedingung: 0 ~ 80% (relative Luftfeuchtigkeit).<\/li>\n<li>Einsatzh\u00f6he: unter 800m \u00fcber dem Meeresspiegel.<\/li>\n<\/ol>\n<h2><strong><b>Handbuch <\/b><\/strong><strong><b>B<\/b><\/strong><strong><b>ypass <\/b><\/strong><strong><b>S<\/b><\/strong><strong><b>Hexe <\/b><\/strong><strong><b>S<\/b><\/strong><strong><b>Struktur und <\/b><\/strong><strong><b>D<\/b><\/strong><strong><b>Dimension <\/b><\/strong><strong><b>D<\/b><\/strong><strong><b>roh<\/b><\/strong><\/h2>\n<p><strong><b> <img loading=\"lazy\" decoding=\"async\" class=\"alignnone wp-image-1023 size-full\" src=\"http:\/\/www.xminsulation.com\/wp-content\/uploads\/2024\/05\/\u56fe\u724718.png\" alt=\"\" width=\"1000\" height=\"767\" srcset=\"https:\/\/www.xminsulation.com\/wp-content\/uploads\/2024\/05\/\u56fe\u724718.png 1000w, https:\/\/www.xminsulation.com\/wp-content\/uploads\/2024\/05\/\u56fe\u724718-300x230.png 300w, https:\/\/www.xminsulation.com\/wp-content\/uploads\/2024\/05\/\u56fe\u724718-768x589.png 768w, https:\/\/www.xminsulation.com\/wp-content\/uploads\/2024\/05\/\u56fe\u724718-600x460.png 600w\" sizes=\"(max-width: 1000px) 100vw, 1000px\" \/> <img loading=\"lazy\" decoding=\"async\" class=\"alignnone wp-image-1024 size-full\" src=\"http:\/\/www.xminsulation.com\/wp-content\/uploads\/2024\/05\/\u56fe\u724719.png\" alt=\"\" width=\"1000\" height=\"796\" srcset=\"https:\/\/www.xminsulation.com\/wp-content\/uploads\/2024\/05\/\u56fe\u724719.png 1000w, https:\/\/www.xminsulation.com\/wp-content\/uploads\/2024\/05\/\u56fe\u724719-300x239.png 300w, https:\/\/www.xminsulation.com\/wp-content\/uploads\/2024\/05\/\u56fe\u724719-768x611.png 768w, https:\/\/www.xminsulation.com\/wp-content\/uploads\/2024\/05\/\u56fe\u724719-600x478.png 600w\" sizes=\"(max-width: 1000px) 100vw, 1000px\" \/><\/b><\/strong><\/p>\n<p>1. Aktivieren Sie den Z\u00e4hler.<\/p>\n<p>2. Typenschild mit Bediengriff und Typenschild.<\/p>\n<p>3. Gepanzerte H\u00fclsenbuchse und Staubschutzkappe auf der linken Seite.<\/p>\n<p>4. \u00d6ffnen Sie die T\u00fcrklingel und verwenden Sie eine manuelle Verriegelungsvorrichtung.<\/p>\n<p>5. SF6-Luftdruckmessger\u00e4t.<\/p>\n<p>6. SF6-Gaseinspritzventil.<\/p>\n<p>7. Dr\u00fccken Sie die Taste Stativ senken.<\/p>\n<p>8. Hebevorrichtungen und Hebe\u00f6sen.<\/p>\n<p>9. Rechte gepanzerte H\u00fclsenbuchse und Staubschutzkappe.<\/p>\n<p>10. Kernphasenanalysator\/-regler.<\/p>\n<p>11. \u00d6ffnen Sie den Bypass-Schalterhalter.<\/p>\n<p>12. \u00d6ffnen Sie das Erdungsloch.<\/p>\n<p>13. Explosionsgesch\u00fctztes Hochdruckger\u00e4t.<\/p>\n<p><img loading=\"lazy\" decoding=\"async\" class=\"alignnone wp-image-1025 size-full\" src=\"http:\/\/www.xminsulation.com\/wp-content\/uploads\/2024\/05\/\u56fe\u724720.png\" alt=\"\" width=\"1000\" height=\"959\" srcset=\"https:\/\/www.xminsulation.com\/wp-content\/uploads\/2024\/05\/\u56fe\u724720.png 1000w, https:\/\/www.xminsulation.com\/wp-content\/uploads\/2024\/05\/\u56fe\u724720-300x288.png 300w, https:\/\/www.xminsulation.com\/wp-content\/uploads\/2024\/05\/\u56fe\u724720-768x737.png 768w, https:\/\/www.xminsulation.com\/wp-content\/uploads\/2024\/05\/\u56fe\u724720-600x575.png 600w\" sizes=\"(max-width: 1000px) 100vw, 1000px\" \/> <img loading=\"lazy\" decoding=\"async\" class=\"alignnone wp-image-1026 size-full\" src=\"http:\/\/www.xminsulation.com\/wp-content\/uploads\/2024\/05\/\u56fe\u724721.png\" alt=\"\" width=\"1000\" height=\"1226\" srcset=\"https:\/\/www.xminsulation.com\/wp-content\/uploads\/2024\/05\/\u56fe\u724721.png 1000w, https:\/\/www.xminsulation.com\/wp-content\/uploads\/2024\/05\/\u56fe\u724721-245x300.png 245w, https:\/\/www.xminsulation.com\/wp-content\/uploads\/2024\/05\/\u56fe\u724721-835x1024.png 835w, https:\/\/www.xminsulation.com\/wp-content\/uploads\/2024\/05\/\u56fe\u724721-768x942.png 768w, https:\/\/www.xminsulation.com\/wp-content\/uploads\/2024\/05\/\u56fe\u724721-600x736.png 600w\" sizes=\"(max-width: 1000px) 100vw, 1000px\" \/> <img loading=\"lazy\" decoding=\"async\" class=\"alignnone wp-image-1027 size-full\" src=\"http:\/\/www.xminsulation.com\/wp-content\/uploads\/2024\/05\/\u56fe\u724722.png\" alt=\"\" width=\"1000\" height=\"1443\" srcset=\"https:\/\/www.xminsulation.com\/wp-content\/uploads\/2024\/05\/\u56fe\u724722.png 1000w, https:\/\/www.xminsulation.com\/wp-content\/uploads\/2024\/05\/\u56fe\u724722-208x300.png 208w, https:\/\/www.xminsulation.com\/wp-content\/uploads\/2024\/05\/\u56fe\u724722-710x1024.png 710w, https:\/\/www.xminsulation.com\/wp-content\/uploads\/2024\/05\/\u56fe\u724722-768x1108.png 768w, https:\/\/www.xminsulation.com\/wp-content\/uploads\/2024\/05\/\u56fe\u724722-600x866.png 600w\" sizes=\"(max-width: 1000px) 100vw, 1000px\" \/> <img loading=\"lazy\" decoding=\"async\" class=\"alignnone wp-image-1028 size-full\" src=\"http:\/\/www.xminsulation.com\/wp-content\/uploads\/2024\/05\/\u56fe\u724723.png\" alt=\"\" width=\"1000\" height=\"906\" srcset=\"https:\/\/www.xminsulation.com\/wp-content\/uploads\/2024\/05\/\u56fe\u724723.png 1000w, https:\/\/www.xminsulation.com\/wp-content\/uploads\/2024\/05\/\u56fe\u724723-300x272.png 300w, https:\/\/www.xminsulation.com\/wp-content\/uploads\/2024\/05\/\u56fe\u724723-768x696.png 768w, https:\/\/www.xminsulation.com\/wp-content\/uploads\/2024\/05\/\u56fe\u724723-600x544.png 600w\" sizes=\"(max-width: 1000px) 100vw, 1000px\" \/> <img loading=\"lazy\" decoding=\"async\" class=\"alignnone wp-image-1029 size-full\" src=\"http:\/\/www.xminsulation.com\/wp-content\/uploads\/2024\/05\/\u56fe\u724724.png\" alt=\"\" width=\"1000\" height=\"518\" srcset=\"https:\/\/www.xminsulation.com\/wp-content\/uploads\/2024\/05\/\u56fe\u724724.png 1000w, https:\/\/www.xminsulation.com\/wp-content\/uploads\/2024\/05\/\u56fe\u724724-300x155.png 300w, https:\/\/www.xminsulation.com\/wp-content\/uploads\/2024\/05\/\u56fe\u724724-768x398.png 768w, https:\/\/www.xminsulation.com\/wp-content\/uploads\/2024\/05\/\u56fe\u724724-600x311.png 600w\" sizes=\"(max-width: 1000px) 100vw, 1000px\" \/><\/p>\n<h2><strong><b>Aufbau und Ma\u00dfzeichnung des elektrischen Bypassschalters<\/b><\/strong><\/h2>\n<p><img loading=\"lazy\" decoding=\"async\" class=\"alignnone wp-image-1030 size-full\" src=\"http:\/\/www.xminsulation.com\/wp-content\/uploads\/2024\/05\/\u56fe\u724725.png\" alt=\"\" width=\"1000\" height=\"753\" srcset=\"https:\/\/www.xminsulation.com\/wp-content\/uploads\/2024\/05\/\u56fe\u724725.png 1000w, https:\/\/www.xminsulation.com\/wp-content\/uploads\/2024\/05\/\u56fe\u724725-300x226.png 300w, https:\/\/www.xminsulation.com\/wp-content\/uploads\/2024\/05\/\u56fe\u724725-768x578.png 768w, https:\/\/www.xminsulation.com\/wp-content\/uploads\/2024\/05\/\u56fe\u724725-600x452.png 600w\" sizes=\"(max-width: 1000px) 100vw, 1000px\" \/><\/p>\n<p>1. Aktivieren Sie den Z\u00e4hler.<\/p>\n<p>2. Produkttypenschild.<\/p>\n<p>3. Gepanzerte H\u00fclsenbuchse und Staubschutzkappe auf der linken Seite.<\/p>\n<p>4. \u00d6ffnen Sie die T\u00fcrklingel und verwenden Sie eine manuelle Verriegelungsvorrichtung.<\/p>\n<p>5. SF6-Luftdruckmessger\u00e4t.<\/p>\n<p>6. SF6-Gaseinspritzventil.<\/p>\n<p>7. Dr\u00fccken Sie die Taste Stativ senken.<\/p>\n<p>8. Hebevorrichtungen und Hebe\u00f6sen.<\/p>\n<p>9. Rechte gepanzerte H\u00fclsenbuchse und Staubschutzkappe.<\/p>\n<p>10. Kernphasenanalysator\/-regler.<\/p>\n<p>11. Explosionsgesch\u00fctztes Hochdruckger\u00e4t.<\/p>\n<p>12. Elektrischer Handgriff.<\/p>\n<p>13. Erdungsbolzen.<\/p>\n<p>14. Steckdosenleiste: Luftfahrt-Steckdose.<\/p>\n<p><img loading=\"lazy\" decoding=\"async\" class=\"alignnone wp-image-1031 size-full\" src=\"http:\/\/www.xminsulation.com\/wp-content\/uploads\/2024\/05\/\u56fe\u724726.png\" alt=\"\" width=\"1000\" height=\"1188\" srcset=\"https:\/\/www.xminsulation.com\/wp-content\/uploads\/2024\/05\/\u56fe\u724726.png 1000w, https:\/\/www.xminsulation.com\/wp-content\/uploads\/2024\/05\/\u56fe\u724726-253x300.png 253w, https:\/\/www.xminsulation.com\/wp-content\/uploads\/2024\/05\/\u56fe\u724726-862x1024.png 862w, https:\/\/www.xminsulation.com\/wp-content\/uploads\/2024\/05\/\u56fe\u724726-768x912.png 768w, https:\/\/www.xminsulation.com\/wp-content\/uploads\/2024\/05\/\u56fe\u724726-600x713.png 600w\" sizes=\"(max-width: 1000px) 100vw, 1000px\" \/> <img loading=\"lazy\" decoding=\"async\" class=\"alignnone wp-image-1032 size-full\" src=\"http:\/\/www.xminsulation.com\/wp-content\/uploads\/2024\/05\/\u56fe\u724727.png\" alt=\"\" width=\"1000\" height=\"749\" srcset=\"https:\/\/www.xminsulation.com\/wp-content\/uploads\/2024\/05\/\u56fe\u724727.png 1000w, https:\/\/www.xminsulation.com\/wp-content\/uploads\/2024\/05\/\u56fe\u724727-300x225.png 300w, https:\/\/www.xminsulation.com\/wp-content\/uploads\/2024\/05\/\u56fe\u724727-768x575.png 768w, https:\/\/www.xminsulation.com\/wp-content\/uploads\/2024\/05\/\u56fe\u724727-600x449.png 600w\" sizes=\"(max-width: 1000px) 100vw, 1000px\" \/> <img loading=\"lazy\" decoding=\"async\" class=\"alignnone wp-image-1033 size-full\" src=\"http:\/\/www.xminsulation.com\/wp-content\/uploads\/2024\/05\/\u56fe\u724728.png\" alt=\"\" width=\"1000\" height=\"915\" srcset=\"https:\/\/www.xminsulation.com\/wp-content\/uploads\/2024\/05\/\u56fe\u724728.png 1000w, https:\/\/www.xminsulation.com\/wp-content\/uploads\/2024\/05\/\u56fe\u724728-300x275.png 300w, https:\/\/www.xminsulation.com\/wp-content\/uploads\/2024\/05\/\u56fe\u724728-768x703.png 768w, https:\/\/www.xminsulation.com\/wp-content\/uploads\/2024\/05\/\u56fe\u724728-600x549.png 600w\" sizes=\"(max-width: 1000px) 100vw, 1000px\" \/> <img loading=\"lazy\" decoding=\"async\" class=\"alignnone wp-image-1034 size-full\" src=\"http:\/\/www.xminsulation.com\/wp-content\/uploads\/2024\/05\/\u56fe\u724729.png\" alt=\"\" width=\"467\" height=\"806\" srcset=\"https:\/\/www.xminsulation.com\/wp-content\/uploads\/2024\/05\/\u56fe\u724729.png 467w, https:\/\/www.xminsulation.com\/wp-content\/uploads\/2024\/05\/\u56fe\u724729-174x300.png 174w\" sizes=\"(max-width: 467px) 100vw, 467px\" \/><\/p>\n<p><strong><b>Installation der <\/b><\/strong><strong><b>S<\/b><\/strong><strong><b>Hexe <\/b><\/strong><strong><b>B<\/b><\/strong><strong><b>ody<\/b><\/strong><\/p>\n<ol>\n<li>Montieren Sie die Halterung an der Stange.<\/li>\n<\/ol>\n<p><img loading=\"lazy\" decoding=\"async\" class=\"alignnone wp-image-1035 size-full\" src=\"http:\/\/www.xminsulation.com\/wp-content\/uploads\/2024\/05\/\u56fe\u724730.png\" alt=\"\" width=\"600\" height=\"573\" srcset=\"https:\/\/www.xminsulation.com\/wp-content\/uploads\/2024\/05\/\u56fe\u724730.png 600w, https:\/\/www.xminsulation.com\/wp-content\/uploads\/2024\/05\/\u56fe\u724730-300x287.png 300w\" sizes=\"(max-width: 600px) 100vw, 600px\" \/><\/p>\n<ol start=\"2\">\n<li>H\u00e4ngen Sie den Bypass-Schalter an die Halterung.<\/li>\n<\/ol>\n<p><img loading=\"lazy\" decoding=\"async\" class=\"alignnone wp-image-1036 size-full\" src=\"http:\/\/www.xminsulation.com\/wp-content\/uploads\/2024\/05\/\u56fe\u724731.png\" alt=\"\" width=\"600\" height=\"297\" srcset=\"https:\/\/www.xminsulation.com\/wp-content\/uploads\/2024\/05\/\u56fe\u724731.png 600w, https:\/\/www.xminsulation.com\/wp-content\/uploads\/2024\/05\/\u56fe\u724731-300x149.png 300w\" sizes=\"(max-width: 600px) 100vw, 600px\" \/><\/p>\n<p><img loading=\"lazy\" decoding=\"async\" class=\"alignnone wp-image-1037 size-full\" src=\"http:\/\/www.xminsulation.com\/wp-content\/uploads\/2024\/05\/\u56fe\u724732.png\" alt=\"\" width=\"600\" height=\"335\" srcset=\"https:\/\/www.xminsulation.com\/wp-content\/uploads\/2024\/05\/\u56fe\u724732.png 600w, https:\/\/www.xminsulation.com\/wp-content\/uploads\/2024\/05\/\u56fe\u724732-300x168.png 300w\" sizes=\"(max-width: 600px) 100vw, 600px\" \/><\/p>\n<h2 class=\"wxts\">\u25c6Spezielle Anpassung<\/h2>\n<p>Die oben genannten Parameter sind typische Daten. Wenn die vorhandenen Stile nicht Ihren speziellen Anforderungen entsprechen, kontaktieren Sie uns bitte f\u00fcr ein individuelles Design. Wir verf\u00fcgen \u00fcber bedeutende F\u00e4higkeiten in der Entwicklung und Produktion individueller Anpassungen, sodass wir Kunden auf der ganzen Welt ma\u00dfgeschneiderte L\u00f6sungen bieten k\u00f6nnen.<\/p>","protected":false},"excerpt":{"rendered":"<p>General Information Bypass integrated action technology is a new operation technology to improve the reliability of power supply in distribution network. It includes distribution network conventional operation, charged operation, bypass operation, mobile power operation and other operation modes. 10\/24kV 200A\/400A\/630A LBS engineering type bypass load switch is the core equipment to meet the bypass integrated [&hellip;]<\/p>","protected":false},"featured_media":1017,"template":"","meta":{"site-sidebar-layout":"default","site-content-layout":"","ast-site-content-layout":"default","site-content-style":"default","site-sidebar-style":"default","ast-global-header-display":"","ast-banner-title-visibility":"","ast-main-header-display":"","ast-hfb-above-header-display":"","ast-hfb-below-header-display":"","ast-hfb-mobile-header-display":"","site-post-title":"","ast-breadcrumbs-content":"","ast-featured-img":"","footer-sml-layout":"","theme-transparent-header-meta":"default","adv-header-id-meta":"","stick-header-meta":"","header-above-stick-meta":"","header-main-stick-meta":"","header-below-stick-meta":"","astra-migrate-meta-layouts":"set","ast-page-background-enabled":"default","ast-page-background-meta":{"desktop":{"background-color":"","background-image":"","background-repeat":"repeat","background-position":"center center","background-size":"auto","background-attachment":"scroll","background-type":"","background-media":"","overlay-type":"","overlay-color":"","overlay-gradient":""},"tablet":{"background-color":"","background-image":"","background-repeat":"repeat","background-position":"center center","background-size":"auto","background-attachment":"scroll","background-type":"","background-media":"","overlay-type":"","overlay-color":"","overlay-gradient":""},"mobile":{"background-color":"","background-image":"","background-repeat":"repeat","background-position":"center center","background-size":"auto","background-attachment":"scroll","background-type":"","background-media":"","overlay-type":"","overlay-color":"","overlay-gradient":""}},"ast-content-background-meta":{"desktop":{"background-color":"var(--ast-global-color-5)","background-image":"","background-repeat":"repeat","background-position":"center center","background-size":"auto","background-attachment":"scroll","background-type":"","background-media":"","overlay-type":"","overlay-color":"","overlay-gradient":""},"tablet":{"background-color":"var(--ast-global-color-5)","background-image":"","background-repeat":"repeat","background-position":"center center","background-size":"auto","background-attachment":"scroll","background-type":"","background-media":"","overlay-type":"","overlay-color":"","overlay-gradient":""},"mobile":{"background-color":"var(--ast-global-color-5)","background-image":"","background-repeat":"repeat","background-position":"center center","background-size":"auto","background-attachment":"scroll","background-type":"","background-media":"","overlay-type":"","overlay-color":"","overlay-gradient":""}}},"product_cat":[57],"product_tag":[],"class_list":{"0":"post-1016","1":"product","2":"type-product","3":"status-publish","4":"has-post-thumbnail","6":"product_cat-bypass-switch","7":"desktop-align-left","8":"tablet-align-left","9":"mobile-align-left","11":"first","12":"instock","13":"shipping-taxable","14":"product-type-simple"},"_links":{"self":[{"href":"https:\/\/www.xminsulation.com\/de\/wp-json\/wp\/v2\/product\/1016","targetHints":{"allow":["GET"]}}],"collection":[{"href":"https:\/\/www.xminsulation.com\/de\/wp-json\/wp\/v2\/product"}],"about":[{"href":"https:\/\/www.xminsulation.com\/de\/wp-json\/wp\/v2\/types\/product"}],"wp:featuredmedia":[{"embeddable":true,"href":"https:\/\/www.xminsulation.com\/de\/wp-json\/wp\/v2\/media\/1017"}],"wp:attachment":[{"href":"https:\/\/www.xminsulation.com\/de\/wp-json\/wp\/v2\/media?parent=1016"}],"wp:term":[{"taxonomy":"product_cat","embeddable":true,"href":"https:\/\/www.xminsulation.com\/de\/wp-json\/wp\/v2\/product_cat?post=1016"},{"taxonomy":"product_tag","embeddable":true,"href":"https:\/\/www.xminsulation.com\/de\/wp-json\/wp\/v2\/product_tag?post=1016"}],"curies":[{"name":"wp","href":"https:\/\/api.w.org\/{rel}","templated":true}]}}