{"id":436,"date":"2018-06-07T05:37:02","date_gmt":"2018-06-07T05:37:02","guid":{"rendered":"http:\/\/www.xminsulation.com\/about\/"},"modified":"2025-07-19T10:58:57","modified_gmt":"2025-07-19T02:58:57","slug":"about","status":"publish","type":"page","link":"https:\/\/www.xminsulation.com\/de\/about\/","title":{"rendered":"About"},"content":{"rendered":"<div data-elementor-type=\"wp-post\" data-elementor-id=\"436\" class=\"elementor elementor-436\">\r\n\t\t\t\t<div class=\"elementor-element elementor-element-c27523c e-flex e-con-boxed e-con e-parent\" data-id=\"c27523c\" data-element_type=\"container\" data-settings=\"{&quot;background_background&quot;:&quot;classic&quot;}\">\r\n\t\t\t\t\t<div class=\"e-con-inner\">\r\n\t\t<div class=\"elementor-element elementor-element-76accec e-con-full e-flex e-con e-child\" data-id=\"76accec\" data-element_type=\"container\">\r\n\t\t\t\t<div class=\"elementor-element elementor-element-8a00b87 elementor-widget elementor-widget-heading\" data-id=\"8a00b87\" data-element_type=\"widget\" data-widget_type=\"heading.default\">\r\n\t\t\t\t<div class=\"elementor-widget-container\">\r\n\t\t\t<style>\/*! elementor - v3.21.0 - 25-04-2024 *\/\n.elementor-heading-title{padding:0;margin:0;line-height:1}.elementor-widget-heading .elementor-heading-title[class*=elementor-size-]>a{color:inherit;font-size:inherit;line-height:inherit}.elementor-widget-heading .elementor-heading-title.elementor-size-small{font-size:15px}.elementor-widget-heading .elementor-heading-title.elementor-size-medium{font-size:19px}.elementor-widget-heading .elementor-heading-title.elementor-size-large{font-size:29px}.elementor-widget-heading .elementor-heading-title.elementor-size-xl{font-size:39px}.elementor-widget-heading .elementor-heading-title.elementor-size-xxl{font-size:59px}<\/style><h1 class=\"elementor-heading-title elementor-size-default\">UNTERNEHMENSPROFIL<\/h1>\t\t<\/div>\r\n\t\t\t\t<\/div>\r\n\t\t\t\t<\/div>\r\n\t\t\t\t\t<\/div>\r\n\t\t\t\t<\/div>\r\n\t\t<div class=\"elementor-element elementor-element-50d530a e-flex e-con-boxed e-con e-parent\" data-id=\"50d530a\" data-element_type=\"container\">\r\n\t\t\t\t\t<div class=\"e-con-inner\">\r\n\t\t\t\t<div class=\"elementor-element elementor-element-e64260f elementor-widget elementor-widget-text-editor\" data-id=\"e64260f\" data-element_type=\"widget\" data-widget_type=\"text-editor.default\">\r\n\t\t\t\t<div class=\"elementor-widget-container\">\r\n\t\t\t<style>\/*! elementor - v3.21.0 - 25-04-2024 *\/\n.elementor-widget-text-editor.elementor-drop-cap-view-stacked .elementor-drop-cap{background-color:#69727d;color:#fff}.elementor-widget-text-editor.elementor-drop-cap-view-framed .elementor-drop-cap{color:#69727d;border:3px solid;background-color:transparent}.elementor-widget-text-editor:not(.elementor-drop-cap-view-default) .elementor-drop-cap{margin-top:8px}.elementor-widget-text-editor:not(.elementor-drop-cap-view-default) .elementor-drop-cap-letter{width:1em;height:1em}.elementor-widget-text-editor .elementor-drop-cap{float:left;text-align:center;line-height:1;font-size:50px}.elementor-widget-text-editor .elementor-drop-cap-letter{display:inline-block}<\/style>\t\t\t\t<div><p><span style=\"background-color: var(--ast-global-color-5); color: var(--ast-global-color-3); font-size: 16.8px; font-style: inherit; font-weight: inherit; text-align: var(--text-align);\">\u00a0<\/span><\/p><p><span style=\"font-style: inherit; font-weight: inherit; text-align: var(--text-align); background-color: initial; font-family: Arial; color: #000000; font-size: 14pt;\">Xiamen Ins<\/span><span style=\"font-style: inherit; font-weight: inherit; text-align: var(--text-align); background-color: initial; font-family: Arial; color: #000000; font-size: 14pt;\">ulation <\/span><span style=\"font-style: inherit; font-weight: inherit; text-align: var(--text-align); background-color: initial; font-family: Arial; color: #000000; font-size: 14pt;\">Electrical Technology Co., Ltd. wurde 2013 gegr\u00fcndet. Das Unternehmen war zun\u00e4chst auf die Herstellung und den Vertrieb von Mittelspannungsisolationsteilen spezialisiert. Mittlerweile hat es sich auf die Forschung und Entwicklung, Produktion und den Vertrieb von Innen- und Au\u00dfenisolationsteilen ausgeweitet.<\/span><span style=\"font-style: inherit; font-weight: inherit; text-align: var(--text-align); background-color: initial; font-family: Arial; color: #000000; font-size: 14pt;\">\u00a0<\/span><span style=\"font-style: inherit; font-weight: inherit; text-align: var(--text-align); background-color: initial; font-family: Arial; color: #000000; font-size: 14pt;\">Mittelspannungsverteilungsprodukte wie Last <\/span><span style=\"font-style: inherit; font-weight: inherit; text-align: var(--text-align); background-color: initial; font-family: Arial; color: #000000; font-size: 14pt;\">brechen <\/span><span style=\"font-style: inherit; font-weight: inherit; text-align: var(--text-align); background-color: initial; font-family: Arial; color: #000000; font-size: 14pt;\">Schalter, <\/span><span style=\"font-style: inherit; font-weight: inherit; text-align: var(--text-align); background-color: initial; font-family: Arial; color: #000000; font-size: 14pt;\">Vakuum <\/span><span style=\"font-style: inherit; font-weight: inherit; text-align: var(--text-align); background-color: initial; font-family: Arial; color: #000000; font-size: 14pt;\">Leistungsschalter,<\/span><span style=\"font-style: inherit; font-weight: inherit; text-align: var(--text-align); background-color: initial; font-family: \u5b8b\u4f53; color: #000000; font-size: 14pt;\">\u00a0<span style=\"font-family: Arial;\">Trennschalter, Ringkabelanlagen, vorgefertigte Umspannwerke, <\/span><\/span><span style=\"font-style: inherit; font-weight: inherit; text-align: var(--text-align); background-color: initial; font-family: Arial; color: #000000; font-size: 14pt;\">Freiluft-Recloser, Freiluft-Last <\/span><span style=\"font-style: inherit; font-weight: inherit; text-align: var(--text-align); background-color: initial; font-family: \u5b8b\u4f53; color: #000000; font-size: 14pt;\"><span style=\"font-family: Arial;\">brechen <\/span><\/span><span style=\"font-style: inherit; font-weight: inherit; text-align: var(--text-align); background-color: initial; font-family: Arial; color: #000000; font-size: 14pt;\">Schalter und intelligente <\/span><span style=\"font-style: inherit; font-weight: inherit; text-align: var(--text-align); background-color: initial; font-family: Arial; color: #000000; font-size: 14pt;\">schneiden <\/span><span style=\"font-style: inherit; font-weight: inherit; text-align: var(--text-align); background-color: initial; font-family: Arial; color: #000000; font-size: 14pt;\">Sicherungen raus<\/span><span style=\"font-style: inherit; font-weight: inherit; text-align: var(--text-align); background-color: initial; font-family: \u5b8b\u4f53; color: #000000; font-size: 14pt;\">\u00a0<span style=\"font-family: Arial;\">usw. <\/span><\/span><span style=\"font-style: inherit; font-weight: inherit; text-align: var(--text-align); background-color: initial; font-family: Arial; color: #000000; font-size: 14pt;\">Die Produkte werden auf f\u00fcnf Kontinenten weltweit verkauft.<\/span><\/p><p><span style=\"font-style: inherit; font-weight: inherit; text-align: var(--text-align); background-color: initial; font-family: Arial; color: #000000; font-size: 14pt;\">Wir verf\u00fcgen \u00fcber ein erfahrenes Forschungs- und Entwicklungsteam und viele technische Experten verf\u00fcgen \u00fcber mehr als 20 Jahre Branchenerfahrung. Unser Chefingenieur ist kompetent in Mittel- und Niederspannung, Innen- und Au\u00dfenprodukten, insbesondere in der Konstruktion, Entwicklung und Herstellung von Schaltern und Komponenten, Betriebsmechanismen, <\/span><span style=\"font-style: inherit; font-weight: inherit; text-align: var(--text-align); background-color: initial; font-family: \u5b8b\u4f53; color: #000000; font-size: 14pt;\"><span style=\"font-family: Arial;\">Werkzeugdesign<\/span><\/span><span style=\"font-style: inherit; font-weight: inherit; text-align: var(--text-align); background-color: initial; font-family: Arial; color: #000000; font-size: 14pt;\">, Maschinen, komplette Ausr\u00fcstungss\u00e4tze usw.,<\/span><span style=\"font-style: inherit; font-weight: inherit; text-align: var(--text-align); background-color: initial; font-family: \u5b8b\u4f53; color: #000000; font-size: 14pt;\">\u00a0<\/span><span style=\"font-style: inherit; font-weight: inherit; text-align: var(--text-align); background-color: initial; font-family: Arial; color: #000000; font-size: 14pt;\">und hat die Entwicklung vieler beliebter Produkte in der Mittelspannungsbranche geleitet.<\/span><\/p><p><span style=\"mso-spacerun: 'yes'; font-family: Arial; mso-fareast-font-family: \u5b8b\u4f53; color: #000000; font-size: 14.0000pt; mso-font-kerning: 0.5000pt;\">\u00a0<\/span><span style=\"color: #000000; font-family: Arial; font-size: 14pt; font-style: inherit; font-weight: inherit; text-align: var(--text-align); background-color: initial;\">Wir haben immer an unabh\u00e4ngiger Innovation festgehalten, verschiedene Kernkomponenten und Gesamtl\u00f6sungen f\u00fcr Kunden auf der ganzen Welt entwickelt, einen Weg der Innovation mit unseren eigenen Merkmalen eingeschlagen und uns zu einem Experten auf dem Gebiet der kundenspezifischen Entwicklung der Mittelspannungs-Stromverteilung mit anf\u00e4nglichem Einfluss im In- und Ausland entwickelt.<\/span><\/p><p><span style=\"mso-spacerun: 'yes'; font-family: Arial; mso-fareast-font-family: \u5b8b\u4f53; color: #000000; font-size: 14.0000pt; mso-font-kerning: 0.5000pt;\">Im Oktober 2020 wurde uns der Titel \u201eNationales High-Tech-Unternehmen\u201c verliehen. Die Zertifikatsnummer lautet GR201735100369. Wir erhielten den Titel \u201e<\/span><span style=\"font-family: Arial; letter-spacing: 0pt; font-size: 14pt; background-image: initial; background-position: initial; background-size: initial; background-repeat: initial; background-attachment: initial; background-origin: initial; background-clip: initial;\">Das kleine Riesenunternehmen f\u00fcr Technologie in der Provinz Fujian<\/span><span style=\"mso-spacerun: 'yes'; font-family: Arial; mso-fareast-font-family: \u5b8b\u4f53; color: #000000; font-size: 14.0000pt; mso-font-kerning: 0.5000pt;\">\u201d im Juli 2020, Zertifikatsnummer 20200220, und erhielten den Titel <\/span><span style=\"mso-spacerun: 'yes'; font-family: Arial; mso-fareast-font-family: \u5b8b\u4f53; color: #000000; font-size: 14.0000pt; mso-font-kerning: 0.5000pt;\">von \u201eXiamen SRDI Enterprises\u201c <\/span><span style=\"mso-spacerun: 'yes'; font-family: Arial; mso-fareast-font-family: \u5b8b\u4f53; color: #000000; font-size: 14.0000pt; mso-font-kerning: 0.5000pt;\">im Juni 2018.<\/span><span style=\"mso-spacerun: 'yes'; font-family: \u5b8b\u4f53; mso-ascii-font-family: Arial; mso-hansi-font-family: Arial; mso-bidi-font-family: Arial; color: #000000; font-size: 14.0000pt; mso-font-kerning: 0.5000pt;\">\u00a0<span style=\"font-family: Arial;\">Wir besitzen zahlreiche Patente und haben mit Universit\u00e4ten wie der Technischen Universit\u00e4t Xiamen gemeinsame Forschungs- und Innovationsstandorte f\u00fcr die Entwicklung von F&amp;E-Projekten eingerichtet.<\/span><\/span><\/p><p><span style=\"mso-spacerun: 'yes'; font-family: Arial; mso-fareast-font-family: \u5b8b\u4f53; color: #000000; font-size: 14.0000pt; mso-font-kerning: 0.5000pt;\">Unser Werk verf\u00fcgt \u00fcber eine Geb\u00e4udefl\u00e4che von 15.000 Quadratmetern und ist vollst\u00e4ndig mit hochmodernen Produktionsmaschinen ausgestattet. <\/span><span style=\"mso-spacerun: 'yes'; font-family: Arial; mso-fareast-font-family: \u5b8b\u4f53; color: #000000; font-size: 14.0000pt; mso-font-kerning: 0.0000pt;\">Wir sind in der Lage, Mittelspannungsschalter, Antriebe, Kernkomponenten und komplette Ger\u00e4tes\u00e4tze sowie APG-Isoliermaterialien und Silikonteile herzustellen.<\/span><\/p><p><span style=\"mso-spacerun: 'yes'; font-family: \u5b8b\u4f53; mso-ascii-font-family: Arial; mso-hansi-font-family: Arial; mso-bidi-font-family: Arial; color: #000000; font-size: 14.0000pt; mso-font-kerning: 0.5000pt;\"><span style=\"font-family: Arial;\">Abgesehen von<\/span><\/span><span style=\"mso-spacerun: 'yes'; font-family: Arial; mso-fareast-font-family: \u5b8b\u4f53; color: #000000; font-size: 14.0000pt; mso-font-kerning: 0.5000pt;\">\u00a0<\/span><span style=\"mso-spacerun: 'yes'; font-family: Arial; mso-fareast-font-family: \u5b8b\u4f53; color: #000000; font-size: 14.0000pt; mso-font-kerning: 0.5000pt;\">F &amp; E und Fertigungskapazit\u00e4ten, wir haben auch Qualit\u00e4tskontrolle, Vertrieb und After-Sales-Service-Teams erfahren, um sicherzustellen, dass Kunden <\/span><span style=\"mso-spacerun: 'yes'; font-family: \u5b8b\u4f53; mso-ascii-font-family: Arial; mso-hansi-font-family: Arial; mso-bidi-font-family: Arial; color: #000000; font-size: 14.0000pt; mso-font-kerning: 0.5000pt;\"><span style=\"font-family: Arial;\">erhalten<\/span><\/span><span style=\"mso-spacerun: 'yes'; font-family: Arial; mso-fareast-font-family: \u5b8b\u4f53; color: #000000; font-size: 14.0000pt; mso-font-kerning: 0.5000pt;\">\u00a0qualitativ hochwertige Produkte und Dienstleistungen.<\/span><\/p><p><span style=\"mso-spacerun: 'yes'; font-family: Arial; mso-fareast-font-family: \u5b8b\u4f53; color: #000000; font-size: 14.0000pt; mso-font-kerning: 0.5000pt;\">Wir verf\u00fcgen \u00fcber eine Reihe professioneller Testger\u00e4te, darunter Blitz <\/span><span style=\"mso-spacerun: 'yes'; font-family: \u5b8b\u4f53; mso-ascii-font-family: Arial; mso-hansi-font-family: Arial; mso-bidi-font-family: Arial; color: #000000; font-size: 14.0000pt; mso-font-kerning: 0.5000pt;\"><span style=\"font-family: Arial;\">Impuls <\/span><\/span><span style=\"mso-spacerun: 'yes'; font-family: Arial; mso-fareast-font-family: \u5b8b\u4f53; color: #000000; font-size: 14.0000pt; mso-font-kerning: 0.5000pt;\">\u00dcberspannungsschutzger\u00e4te,<\/span><span style=\"mso-spacerun: 'yes'; font-family: \u5b8b\u4f53; mso-ascii-font-family: Arial; mso-hansi-font-family: Arial; mso-bidi-font-family: Arial; color: #000000; font-size: 14.0000pt; mso-font-kerning: 0.5000pt;\">\u00a0<\/span><span style=\"mso-spacerun: 'yes'; font-family: Arial; mso-fareast-font-family: \u5b8b\u4f53; color: #000000; font-size: 14.0000pt; mso-font-kerning: 0.5000pt;\">R\u00f6ntgenfehlerdetektoren,<\/span><span style=\"mso-spacerun: 'yes'; font-family: \u5b8b\u4f53; mso-ascii-font-family: Arial; mso-hansi-font-family: Arial; mso-bidi-font-family: Arial; color: #000000; font-size: 14.0000pt; mso-font-kerning: 0.5000pt;\">\u00a0<\/span><span style=\"mso-spacerun: 'yes'; font-family: Arial; mso-fareast-font-family: \u5b8b\u4f53; color: #000000; font-size: 14.0000pt; mso-font-kerning: 0.5000pt;\">Ger\u00e4te zur Spannungsfestigkeit und Teilentladungserkennung, Labore zur elektrischen Abschirmung, Ger\u00e4te zur Hoch- und Niedertemperaturzykluspr\u00fcfung, Helium-Massenspektrometer und Hochdruck-Wasserpr\u00fcfger\u00e4te, Universal-Zugpr\u00fcfmaschinen<\/span><span style=\"mso-spacerun: 'yes'; font-family: Arial; mso-fareast-font-family: \u5b8b\u4f53; color: #000000; font-size: 14.0000pt; mso-font-kerning: 0.5000pt;\">, Schleifenwiderstandstester<\/span><span style=\"mso-spacerun: 'yes'; font-family: Arial; mso-fareast-font-family: \u5b8b\u4f53; color: #000000; font-size: 14.0000pt; mso-font-kerning: 0.5000pt;\">.<\/span><\/p><p><span style=\"mso-spacerun: 'yes'; font-family: Arial; mso-fareast-font-family: \u5b8b\u4f53; color: #000000; font-size: 14.0000pt; mso-font-kerning: 0.5000pt;\">Von Komponenten bis zu kompletten Schr\u00e4nken, von Teilen bis zu kompletten Sets haben wir im Laufe der Jahre umfangreiche und repr\u00e4sentative experimentelle Daten zu verschiedenen Produkten und Modellen gesammelt. Wenn Kunden eine Anpassung gem\u00e4\u00df den Standards des Landes, in dem sie sich befinden, ben\u00f6tigen, verf\u00fcgen wir bereits \u00fcber relevante Pl\u00e4ne und Parameter, die direkt angewendet werden k\u00f6nnen. Dadurch wird die Zykluszeit f\u00fcr personalisierte, angepasste neue Produkte erheblich verk\u00fcrzt und sichergestellt, dass die Produkte den Teststandards des Ziellandes oder der Zielregion entsprechen.<\/span><\/p><p><span style=\"mso-spacerun: 'yes'; font-family: Arial; mso-fareast-font-family: \u5b8b\u4f53; color: #000000; font-size: 14.0000pt; mso-font-kerning: 0.5000pt;\">Ganz gleich, ob Ihr Projekt klein oder gro\u00df ist, europ\u00e4isch oder amerikanisch ist oder dem Standard eines bestimmten Landes entspricht \u2013 solange es sich um ein Produkt und Projekt zur Mittelspannungsverteilung handelt, werden wir unser Bestes tun, um Ihnen die effizientesten, wirtschaftlichsten und angemessensten sowie kosteneffektivsten Produkte und Dienstleistungen bereitzustellen.<\/span><\/p><p><div style=\"width: 1000px;\" class=\"wp-video\"><!--[if lt IE 9]><script>document.createElement('video');<\/script><![endif]-->\n<video class=\"wp-video-shortcode\" id=\"video-436-1\" width=\"1000\" height=\"544\" poster=\"https:\/\/www.xminsulation.com\/wp-content\/uploads\/2025\/07\/\u5fae\u4fe1\u622a\u56fe_20240516091346-1.jpg\" preload=\"auto\" controls=\"controls\"><source type=\"video\/mp4\" src=\"\/wp-content\/uploads\/2024\/05\/c9e74ac166f2c9aff9c84f126aa9b547.mp4?_=1\" \/><a href=\"\/wp-content\/uploads\/2024\/05\/c9e74ac166f2c9aff9c84f126aa9b547.mp4\">\/wp-content\/uploads\/2024\/05\/c9e74ac166f2c9aff9c84f126aa9b547.mp4<\/a><\/video><\/div><\/p><\/div>\t\t\t\t\t\t<\/div>\r\n\t\t\t\t<\/div>\r\n\t\t\t\t\t<\/div>\r\n\t\t\t\t<\/div>\r\n\t\t\t\t<\/div>","protected":false},"excerpt":{"rendered":"<p>COMPANY PROFILE \u00a0 Xiamen Insulation Electrical Technology Co., Ltd. was established in 2013. It initially specialized in the production and sales of medium voltage insulation parts. It has now expanded to the R&amp;D, production and sales of indoor and outdoor\u00a0medium-voltage distribution products such as load break switches, vacuum circuit breakers,\u00a0isolating switch, ring main units, prefabricated [&hellip;]<\/p>","protected":false},"author":1,"featured_media":0,"parent":0,"menu_order":0,"comment_status":"closed","ping_status":"closed","template":"","meta":{"site-sidebar-layout":"no-sidebar","site-content-layout":"page-builder","ast-site-content-layout":"","site-content-style":"default","site-sidebar-style":"default","ast-global-header-display":"","ast-banner-title-visibility":"","ast-main-header-display":"","ast-hfb-above-header-display":"","ast-hfb-below-header-display":"","ast-hfb-mobile-header-display":"","site-post-title":"disabled","ast-breadcrumbs-content":"","ast-featured-img":"disabled","footer-sml-layout":"","theme-transparent-header-meta":"","adv-header-id-meta":"","stick-header-meta":"","header-above-stick-meta":"","header-main-stick-meta":"","header-below-stick-meta":"","astra-migrate-meta-layouts":"default","ast-page-background-enabled":"default","ast-page-background-meta":{"desktop":{"background-color":"","background-image":"","background-repeat":"repeat","background-position":"center center","background-size":"auto","background-attachment":"scroll","background-type":"","background-media":"","overlay-type":"","overlay-color":"","overlay-gradient":""},"tablet":{"background-color":"","background-image":"","background-repeat":"repeat","background-position":"center center","background-size":"auto","background-attachment":"scroll","background-type":"","background-media":"","overlay-type":"","overlay-color":"","overlay-gradient":""},"mobile":{"background-color":"","background-image":"","background-repeat":"repeat","background-position":"center center","background-size":"auto","background-attachment":"scroll","background-type":"","background-media":"","overlay-type":"","overlay-color":"","overlay-gradient":""}},"ast-content-background-meta":{"desktop":{"background-color":"var(--ast-global-color-5)","background-image":"","background-repeat":"repeat","background-position":"center center","background-size":"auto","background-attachment":"scroll","background-type":"","background-media":"","overlay-type":"","overlay-color":"","overlay-gradient":""},"tablet":{"background-color":"var(--ast-global-color-5)","background-image":"","background-repeat":"repeat","background-position":"center center","background-size":"auto","background-attachment":"scroll","background-type":"","background-media":"","overlay-type":"","overlay-color":"","overlay-gradient":""},"mobile":{"background-color":"var(--ast-global-color-5)","background-image":"","background-repeat":"repeat","background-position":"center center","background-size":"auto","background-attachment":"scroll","background-type":"","background-media":"","overlay-type":"","overlay-color":"","overlay-gradient":""}},"footnotes":""},"class_list":["post-436","page","type-page","status-publish","hentry"],"_links":{"self":[{"href":"https:\/\/www.xminsulation.com\/de\/wp-json\/wp\/v2\/pages\/436","targetHints":{"allow":["GET"]}}],"collection":[{"href":"https:\/\/www.xminsulation.com\/de\/wp-json\/wp\/v2\/pages"}],"about":[{"href":"https:\/\/www.xminsulation.com\/de\/wp-json\/wp\/v2\/types\/page"}],"author":[{"embeddable":true,"href":"https:\/\/www.xminsulation.com\/de\/wp-json\/wp\/v2\/users\/1"}],"replies":[{"embeddable":true,"href":"https:\/\/www.xminsulation.com\/de\/wp-json\/wp\/v2\/comments?post=436"}],"version-history":[{"count":69,"href":"https:\/\/www.xminsulation.com\/de\/wp-json\/wp\/v2\/pages\/436\/revisions"}],"predecessor-version":[{"id":4102,"href":"https:\/\/www.xminsulation.com\/de\/wp-json\/wp\/v2\/pages\/436\/revisions\/4102"}],"wp:attachment":[{"href":"https:\/\/www.xminsulation.com\/de\/wp-json\/wp\/v2\/media?parent=436"}],"curies":[{"name":"wp","href":"https:\/\/api.w.org\/{rel}","templated":true}]}}